{"id":1239,"date":"2024-09-27T16:11:41","date_gmt":"2024-09-27T14:11:41","guid":{"rendered":"https:\/\/estlander.fi\/?page_id=1239"},"modified":"2026-02-10T11:00:10","modified_gmt":"2026-02-10T09:00:10","slug":"lomakkeet-ja-hakemukset","status":"publish","type":"page","link":"https:\/\/estlander.fi\/sv\/lomakkeet-ja-hakemukset\/","title":{"rendered":"Blanketter och ans\u00f6kningar"},"content":{"rendered":"<div data-elementor-type=\"wp-page\" data-elementor-id=\"1239\" class=\"elementor elementor-1239\" data-elementor-post-type=\"page\">\n\t\t\t\t<div class=\"elementor-element elementor-element-c5a7b6a e-flex e-con-boxed e-con e-parent\" data-id=\"c5a7b6a\" data-element_type=\"container\" data-settings=\"{&quot;background_background&quot;:&quot;gradient&quot;}\">\n\t\t\t\t\t<div class=\"e-con-inner\">\n\t\t<div class=\"elementor-element elementor-element-3d6ca6c1 e-flex e-con-boxed e-con e-child\" data-id=\"3d6ca6c1\" data-element_type=\"container\">\n\t\t\t\t\t<div class=\"e-con-inner\">\n\t\t\t\t\t<\/div>\n\t\t\t\t<\/div>\n\t\t<div class=\"elementor-element elementor-element-266630f2 e-con-full e-flex e-con e-child\" data-id=\"266630f2\" data-element_type=\"container\">\n\t\t<div class=\"elementor-element elementor-element-15299882 e-con-full e-flex e-con e-child\" data-id=\"15299882\" data-element_type=\"container\">\n\t\t\t\t<div class=\"elementor-element elementor-element-7c42c85e elementor-widget__width-inherit elementor-widget elementor-widget-heading\" data-id=\"7c42c85e\" data-element_type=\"widget\" data-widget_type=\"heading.default\">\n\t\t\t\t<div class=\"elementor-widget-container\">\n\t\t\t\t\t<h1 class=\"elementor-heading-title elementor-size-default\">Best\u00e4llning av dokument<\/h1>\t\t\t\t<\/div>\n\t\t\t\t<\/div>\n\t\t\t\t<div class=\"elementor-element elementor-element-69ab8188 elementor-widget elementor-widget-text-editor\" data-id=\"69ab8188\" data-element_type=\"widget\" data-widget_type=\"text-editor.default\">\n\t\t\t\t<div class=\"elementor-widget-container\">\n\t\t\t\t\t\t\t\t\t<p>Disponentintygets leveranstid \u00e4r 2-5 vardagar.<\/p><p>Till\u00e4ggsinformation f\u00e5s av\u00a0<a href=\"https:\/\/estlander.fi\/sv\/yritys\/henkilosto\/\">Sofie Lindstr\u00f6m<\/a><\/p>\t\t\t\t\t\t\t\t<\/div>\n\t\t\t\t<\/div>\n\t\t\t\t<div class=\"elementor-element elementor-element-1bc3843 elementor-widget__width-inherit elementor-widget elementor-widget-heading\" data-id=\"1bc3843\" data-element_type=\"widget\" data-widget_type=\"heading.default\">\n\t\t\t\t<div class=\"elementor-widget-container\">\n\t\t\t\t\t<h1 class=\"elementor-heading-title elementor-size-default\">Hyresbostadsans\u00f6kan\n<\/h1>\t\t\t\t<\/div>\n\t\t\t\t<\/div>\n\t\t\t\t<div class=\"elementor-element elementor-element-0625932 elementor-widget elementor-widget-text-editor\" data-id=\"0625932\" data-element_type=\"widget\" data-widget_type=\"text-editor.default\">\n\t\t\t\t<div class=\"elementor-widget-container\">\n\t\t\t\t\t\t\t\t\t<p>Hyresbostadsans\u00f6kan \u00e4r i kraft ett \u00e5r efter inl\u00e4mmningsdatum. S\u00f6karen ansvarar f\u00f6r uppgifternas riktighet. Kredituppgifter kontrolleras av alla s\u00f6kanden.<\/p><p>Till\u00e4ggsinformation f\u00e5s av\u00a0<a href=\"https:\/\/estlander.fi\/sv\/yritys\/henkilosto\/\">Mikael Julin<\/a><\/p>\t\t\t\t\t\t\t\t<\/div>\n\t\t\t\t<\/div>\n\t\t\t\t<div class=\"elementor-element elementor-element-d1d9c15 elementor-widget__width-inherit elementor-widget elementor-widget-heading\" data-id=\"d1d9c15\" data-element_type=\"widget\" data-widget_type=\"heading.default\">\n\t\t\t\t<div class=\"elementor-widget-container\">\n\t\t\t\t\t<h1 class=\"elementor-heading-title elementor-size-default\">L\u00e4genhetssaneringar<\/h1>\t\t\t\t<\/div>\n\t\t\t\t<\/div>\n\t\t\t\t<div class=\"elementor-element elementor-element-ad4c72b elementor-widget elementor-widget-text-editor\" data-id=\"ad4c72b\" data-element_type=\"widget\" data-widget_type=\"text-editor.default\">\n\t\t\t\t<div class=\"elementor-widget-container\">\n\t\t\t\t\t\t\t\t\t<p>Innan man p\u00e5b\u00f6rjar en l\u00e4genhetssanering b\u00f6r aktieinnehavaren eller den som utf\u00f6r renoveringen fylla i denna formul\u00e4r. Den skickas \u00e5t Ert husbolagets disponent och\/eller tekniska disponent.<\/p><p>Det \u00e4r till\u00e5tet att f\u00f6rnya ytor i bostaden, men innan man \u00e4ndrar b\u00e4rande konstruktioner, el- och r\u00f6rinstallationer eller motsvarande b\u00f6r man ha disponentens tillst\u00e5nd. Under parkett och laminatgolv ska man l\u00e4gga en ljudisolerande matta.<\/p><p>Om man renoverar och \u00e4ndrar i v\u00e5tutrymmen m\u00e5ste man ha disponentens tillst\u00e5nd. P\u00e5 basen av den anm\u00e4lan aktie\u00e4garen gjort avg\u00f6r disponenten om arbetet kr\u00e4ver tillst\u00e5nd av andra myndigheter. Disponenten (eller den tekniska disponenten) granskar fuktisoleringen innan kaklingsarbetet p\u00e5b\u00f6rjas.<br \/>Disponenten eller annan representant f\u00f6r husbolaget \u00e4r b\u00e5de ber\u00e4ttigad till och skyldig att avbryta oprofessionellt eller otill\u00e5tet utf\u00f6rt saneringsarbete.<\/p><p>Disponenten anst\u00e4ller inte renoveringsentrepren\u00f6r \u00e5t bostadens aktieinnehavare och byggherren ansvarar f\u00f6r de praktiska arrangemangen. Kostnader f\u00f6r saneringen, t.ex. tillst\u00e5nd fr\u00e5n myndigheter eller teknisk \u00f6vervakning (i omfattande bostadssaneringar) betalas i sin helhet av aktieinnehavaren.<\/p><p>Byggavfall f\u00f6rs direkt till en avstj\u00e4lpningsplats. T.ex. avstj\u00e4lpningsplatsen i Stensb\u00f6le (Sortti) tar emot byggavfall. Avfall f\u00e5r inte l\u00e4mnas i bostadsbolagets avfallsk\u00e4rl.<\/p><p>Arbetsskeden som medf\u00f6r oljud kan utf\u00f6ras vardagar mellan kl. 8.00 och 17.00. Senast kl. 20.00 ska allt arbete som f\u00f6r ljud vara avslutat.<\/p><p>Till\u00e4ggsinformation f\u00e5s av respektive bostadsbolags disponent eller teknisk disponent.<\/p><p>S\u00f6k ansvarspersonen via\u00a0<a href=\"https:\/\/estlander.fi\/sv\/?s=\">husbolagsindexet<\/a><\/p>\t\t\t\t\t\t\t\t<\/div>\n\t\t\t\t<\/div>\n\t\t\t\t<div class=\"elementor-element elementor-element-69baa07 elementor-widget__width-inherit elementor-widget elementor-widget-heading\" data-id=\"69baa07\" data-element_type=\"widget\" data-widget_type=\"heading.default\">\n\t\t\t\t<div class=\"elementor-widget-container\">\n\t\t\t\t\t<h1 class=\"elementor-heading-title elementor-size-default\">Nyckelbest\u00e4llningar<\/h1>\t\t\t\t<\/div>\n\t\t\t\t<\/div>\n\t\t\t\t<div class=\"elementor-element elementor-element-c0be71d elementor-widget elementor-widget-text-editor\" data-id=\"c0be71d\" data-element_type=\"widget\" data-widget_type=\"text-editor.default\">\n\t\t\t\t<div class=\"elementor-widget-container\">\n\t\t\t\t\t\t\t\t\t<p>Nyckelbest\u00e4llningen skickas vidare till nyckelaff\u00e4ren som meddelar direkt \u00e5t kunden n\u00e4r nyckeln kan avh\u00e4mtas. Kom ih\u00e5g att ta med identitetsbevis. Vanligtvis tar nyckelbest\u00e4llningen fem vardagar.<\/p><p>V\u00e4nligen notera att endast aktie\u00e4garen f\u00e5r best\u00e4lla nycklar. Hyresg\u00e4sten b\u00f6r be om en fullmakt av aktie\u00e4garen f\u00f6r nyckelbest\u00e4llningen.<\/p><p>Till\u00e4ggsinformation f\u00e5s av\u00a0<a href=\"https:\/\/estlander.fi\/sv\/yritys\/henkilosto\/\">Joakim L\u00f6nnqvist<\/a><\/p>\t\t\t\t\t\t\t\t<\/div>\n\t\t\t\t<\/div>\n\t\t\t\t<div class=\"elementor-element elementor-element-23ca2a6 elementor-widget__width-inherit elementor-widget elementor-widget-heading\" data-id=\"23ca2a6\" data-element_type=\"widget\" data-widget_type=\"heading.default\">\n\t\t\t\t<div class=\"elementor-widget-container\">\n\t\t\t\t\t<h1 class=\"elementor-heading-title elementor-size-default\">Flyttanm\u00e4lan<\/h1>\t\t\t\t<\/div>\n\t\t\t\t<\/div>\n\t\t\t\t<div class=\"elementor-element elementor-element-d42bfd2 elementor-widget elementor-widget-text-editor\" data-id=\"d42bfd2\" data-element_type=\"widget\" data-widget_type=\"text-editor.default\">\n\t\t\t\t<div class=\"elementor-widget-container\">\n\t\t\t\t\t\t\t\t\t<p>Flyttanm\u00e4lan skall g\u00f6ras till servicebolaget eller disponentf\u00f6retaget i samband med flytten. Anm\u00e4l er sj\u00e4lva samt personer eller familjemedlemmar som flyttar p\u00e5 samma g\u00e5ng. I anm\u00e4lan framg\u00e5r era kontaktuppgifter samt f\u00f6delsedatum. H\u00e5ll kontaktuppgifterna uppdaterade s\u00e5 att ni kan n\u00e5s vid n\u00f6dfall.<\/p><p>S\u00f6k servicebolagets kontaktuppgifter fr\u00e5n\u00a0<a href=\"https:\/\/estlander.fi\/sv\/?s=\">husbolagsindexet<\/a><\/p>\t\t\t\t\t\t\t\t<\/div>\n\t\t\t\t<\/div>\n\t\t\t\t<\/div>\n\t\t<div class=\"elementor-element elementor-element-efdaed7 e-con-full e-flex e-con e-child\" data-id=\"efdaed7\" data-element_type=\"container\">\n\t\t\t\t<div class=\"elementor-element elementor-element-780677c elementor-align-justify elementor-widget elementor-widget-button\" data-id=\"780677c\" data-element_type=\"widget\" data-widget_type=\"button.default\">\n\t\t\t\t<div class=\"elementor-widget-container\">\n\t\t\t\t\t\t\t\t\t<div class=\"elementor-button-wrapper\">\n\t\t\t\t\t<a class=\"elementor-button elementor-button-link elementor-size-sm\" href=\"https:\/\/kauppa.asiakirjatilaus.fi\/estlander\/175f273b-d31d-4be4-9f4f-d09d15e0f3e3\" target=\"_blank\">\n\t\t\t\t\t\t<span class=\"elementor-button-content-wrapper\">\n\t\t\t\t\t\t\t\t\t<span class=\"elementor-button-text\"> Best\u00e4llning av dokument<\/span>\n\t\t\t\t\t<\/span>\n\t\t\t\t\t<\/a>\n\t\t\t\t<\/div>\n\t\t\t\t\t\t\t\t<\/div>\n\t\t\t\t<\/div>\n\t\t\t\t<div class=\"elementor-element elementor-element-1bdb1ca elementor-align-justify elementor-widget elementor-widget-button\" data-id=\"1bdb1ca\" data-element_type=\"widget\" data-widget_type=\"button.default\">\n\t\t\t\t<div class=\"elementor-widget-container\">\n\t\t\t\t\t\t\t\t\t<div class=\"elementor-button-wrapper\">\n\t\t\t\t\t<a class=\"elementor-button elementor-button-link elementor-size-sm\" href=\"https:\/\/estlander.fi\/sv\/lomakkeet-ja-hakemukset\/vuokra-asuntohakemus\/\">\n\t\t\t\t\t\t<span class=\"elementor-button-content-wrapper\">\n\t\t\t\t\t\t\t\t\t<span class=\"elementor-button-text\">Hyresbostadsans\u00f6kan<\/span>\n\t\t\t\t\t<\/span>\n\t\t\t\t\t<\/a>\n\t\t\t\t<\/div>\n\t\t\t\t\t\t\t\t<\/div>\n\t\t\t\t<\/div>\n\t\t\t\t<div class=\"elementor-element elementor-element-f9b3b58 elementor-align-justify elementor-widget elementor-widget-button\" data-id=\"f9b3b58\" data-element_type=\"widget\" data-widget_type=\"button.default\">\n\t\t\t\t<div class=\"elementor-widget-container\">\n\t\t\t\t\t\t\t\t\t<div class=\"elementor-button-wrapper\">\n\t\t\t\t\t<a class=\"elementor-button elementor-button-link elementor-size-sm\" href=\"\/wp-content\/uploads\/2026\/02\/Ilmoitus-huoneiston-muutostyosta_2026.docx\" target=\"_blank\">\n\t\t\t\t\t\t<span class=\"elementor-button-content-wrapper\">\n\t\t\t\t\t\t\t\t\t<span class=\"elementor-button-text\">L\u00e4genhetssaneringar<\/span>\n\t\t\t\t\t<\/span>\n\t\t\t\t\t<\/a>\n\t\t\t\t<\/div>\n\t\t\t\t\t\t\t\t<\/div>\n\t\t\t\t<\/div>\n\t\t\t\t<div class=\"elementor-element elementor-element-afe2f59 elementor-align-justify elementor-widget elementor-widget-button\" data-id=\"afe2f59\" data-element_type=\"widget\" data-widget_type=\"button.default\">\n\t\t\t\t<div class=\"elementor-widget-container\">\n\t\t\t\t\t\t\t\t\t<div class=\"elementor-button-wrapper\">\n\t\t\t\t\t<a class=\"elementor-button elementor-button-link elementor-size-sm\" href=\"https:\/\/estlander.fi\/sv\/lomakkeet-ja-hakemukset\/avaintilaus\/\">\n\t\t\t\t\t\t<span class=\"elementor-button-content-wrapper\">\n\t\t\t\t\t\t\t\t\t<span class=\"elementor-button-text\">Nyckelbest\u00e4llningar<\/span>\n\t\t\t\t\t<\/span>\n\t\t\t\t\t<\/a>\n\t\t\t\t<\/div>\n\t\t\t\t\t\t\t\t<\/div>\n\t\t\t\t<\/div>\n\t\t\t\t<div class=\"elementor-element elementor-element-5bea304 elementor-align-justify elementor-widget elementor-widget-button\" data-id=\"5bea304\" data-element_type=\"widget\" data-widget_type=\"button.default\">\n\t\t\t\t<div class=\"elementor-widget-container\">\n\t\t\t\t\t\t\t\t\t<div class=\"elementor-button-wrapper\">\n\t\t\t\t\t<a class=\"elementor-button elementor-button-link elementor-size-sm\" href=\"https:\/\/estlander.fi\/sv\/lomakkeet-ja-hakemukset\/muuttoilmoitus\/\">\n\t\t\t\t\t\t<span class=\"elementor-button-content-wrapper\">\n\t\t\t\t\t\t\t\t\t<span class=\"elementor-button-text\">Flyttanm\u00e4lan<\/span>\n\t\t\t\t\t<\/span>\n\t\t\t\t\t<\/a>\n\t\t\t\t<\/div>\n\t\t\t\t\t\t\t\t<\/div>\n\t\t\t\t<\/div>\n\t\t\t\t<\/div>\n\t\t\t\t<\/div>\n\t\t\t\t\t<\/div>\n\t\t\t\t<\/div>\n\t\t\t\t<\/div>","protected":false},"excerpt":{"rendered":"<p>Lomaketilaukset Is\u00e4nn\u00f6itsij\u00e4ntodistuksen toimitusaika on 2-5 arkip\u00e4iv\u00e4\u00e4. Lis\u00e4tietoja antaa\u00a0Sofie Lindstr\u00f6m Vuokra-asuntohakemus Hakemus on voimassa vuoden hakemuksen j\u00e4tt\u00f6p\u00e4iv\u00e4st\u00e4. Hakija vastaa antamiensa tietojen oikeellisuudesta. Maksuh\u00e4iri\u00f6merkinn\u00e4t tarkistetaan jokaiselta hakijalta. Lis\u00e4tietoja antaa\u00a0Mikael Julin Huoneistosaneeraukset Ennen huoneistosaneerauksen aloittamista on osakkaan tai remontintekij\u00e4n t\u00e4ytett\u00e4v\u00e4 t\u00e4m\u00e4 lomake. Se l\u00e4hetet\u00e4\u00e4n kyseess\u00e4 olevan taloyhti\u00f6n is\u00e4nn\u00f6itsij\u00e4lle ja\/tai tekniselle is\u00e4nn\u00f6itsij\u00e4lle. Huoneiston pintoja saa uusia ja kunnostaa, mutta [&hellip;]<\/p>","protected":false},"author":3,"featured_media":0,"parent":0,"menu_order":0,"comment_status":"closed","ping_status":"closed","template":"","meta":{"_acf_changed":false,"footnotes":""},"class_list":["post-1239","page","type-page","status-publish","hentry"],"acf":[],"yoast_head":"<!-- This site is optimized with the Yoast SEO plugin v25.8 - https:\/\/yoast.com\/wordpress\/plugins\/seo\/ -->\n<title>Lomakkeet ja hakemukset - Estlander &amp; Co<\/title>\n<meta name=\"robots\" content=\"index, follow, max-snippet:-1, max-image-preview:large, max-video-preview:-1\" \/>\n<link rel=\"canonical\" href=\"https:\/\/estlander.fi\/sv\/lomakkeet-ja-hakemukset\/\" \/>\n<meta property=\"og:locale\" content=\"sv_SE\" \/>\n<meta property=\"og:type\" content=\"article\" \/>\n<meta property=\"og:title\" content=\"Lomakkeet ja hakemukset - Estlander &amp; Co\" \/>\n<meta property=\"og:description\" content=\"Lomaketilaukset Is\u00e4nn\u00f6itsij\u00e4ntodistuksen toimitusaika on 2-5 arkip\u00e4iv\u00e4\u00e4. Lis\u00e4tietoja antaa\u00a0Sofie Lindstr\u00f6m Vuokra-asuntohakemus Hakemus on voimassa vuoden hakemuksen j\u00e4tt\u00f6p\u00e4iv\u00e4st\u00e4. Hakija vastaa antamiensa tietojen oikeellisuudesta. Maksuh\u00e4iri\u00f6merkinn\u00e4t tarkistetaan jokaiselta hakijalta. Lis\u00e4tietoja antaa\u00a0Mikael Julin Huoneistosaneeraukset Ennen huoneistosaneerauksen aloittamista on osakkaan tai remontintekij\u00e4n t\u00e4ytett\u00e4v\u00e4 t\u00e4m\u00e4 lomake. Se l\u00e4hetet\u00e4\u00e4n kyseess\u00e4 olevan taloyhti\u00f6n is\u00e4nn\u00f6itsij\u00e4lle ja\/tai tekniselle is\u00e4nn\u00f6itsij\u00e4lle. Huoneiston pintoja saa uusia ja kunnostaa, mutta [&hellip;]\" \/>\n<meta property=\"og:url\" content=\"https:\/\/estlander.fi\/sv\/lomakkeet-ja-hakemukset\/\" \/>\n<meta property=\"og:site_name\" content=\"Estlander &amp; Co\" \/>\n<meta property=\"article:modified_time\" content=\"2026-02-10T09:00:10+00:00\" \/>\n<meta name=\"twitter:card\" content=\"summary_large_image\" \/>\n<script type=\"application\/ld+json\" class=\"yoast-schema-graph\">{\"@context\":\"https:\/\/schema.org\",\"@graph\":[{\"@type\":\"WebPage\",\"@id\":\"https:\/\/estlander.fi\/lomakkeet-ja-hakemukset\/\",\"url\":\"https:\/\/estlander.fi\/lomakkeet-ja-hakemukset\/\",\"name\":\"Lomakkeet ja hakemukset - Estlander &amp; Co\",\"isPartOf\":{\"@id\":\"https:\/\/estlander.fi\/#website\"},\"datePublished\":\"2024-09-27T14:11:41+00:00\",\"dateModified\":\"2026-02-10T09:00:10+00:00\",\"breadcrumb\":{\"@id\":\"https:\/\/estlander.fi\/lomakkeet-ja-hakemukset\/#breadcrumb\"},\"inLanguage\":\"sv-SE\",\"potentialAction\":[{\"@type\":\"ReadAction\",\"target\":[\"https:\/\/estlander.fi\/lomakkeet-ja-hakemukset\/\"]}]},{\"@type\":\"BreadcrumbList\",\"@id\":\"https:\/\/estlander.fi\/lomakkeet-ja-hakemukset\/#breadcrumb\",\"itemListElement\":[{\"@type\":\"ListItem\",\"position\":1,\"name\":\"Home\",\"item\":\"https:\/\/estlander.fi\/\"},{\"@type\":\"ListItem\",\"position\":2,\"name\":\"Lomakkeet ja hakemukset\"}]},{\"@type\":\"WebSite\",\"@id\":\"https:\/\/estlander.fi\/#website\",\"url\":\"https:\/\/estlander.fi\/\",\"name\":\"Estlander & Co\",\"description\":\"Yli 90 vuotta laadukasta is\u00e4nn\u00f6inti\u00e4\",\"publisher\":{\"@id\":\"https:\/\/estlander.fi\/#organization\"},\"potentialAction\":[{\"@type\":\"SearchAction\",\"target\":{\"@type\":\"EntryPoint\",\"urlTemplate\":\"https:\/\/estlander.fi\/?s={search_term_string}\"},\"query-input\":{\"@type\":\"PropertyValueSpecification\",\"valueRequired\":true,\"valueName\":\"search_term_string\"}}],\"inLanguage\":\"sv-SE\"},{\"@type\":\"Organization\",\"@id\":\"https:\/\/estlander.fi\/#organization\",\"name\":\"Estlander & Co\",\"url\":\"https:\/\/estlander.fi\/\",\"logo\":{\"@type\":\"ImageObject\",\"inLanguage\":\"sv-SE\",\"@id\":\"https:\/\/estlander.fi\/#\/schema\/logo\/image\/\",\"url\":\"https:\/\/estlander.fi\/wp-content\/uploads\/2023\/12\/logo.png\",\"contentUrl\":\"https:\/\/estlander.fi\/wp-content\/uploads\/2023\/12\/logo.png\",\"width\":800,\"height\":144,\"caption\":\"Estlander & Co\"},\"image\":{\"@id\":\"https:\/\/estlander.fi\/#\/schema\/logo\/image\/\"}}]}<\/script>\n<!-- \/ Yoast SEO plugin. -->","yoast_head_json":{"title":"Lomakkeet ja hakemukset - Estlander &amp; Co","robots":{"index":"index","follow":"follow","max-snippet":"max-snippet:-1","max-image-preview":"max-image-preview:large","max-video-preview":"max-video-preview:-1"},"canonical":"https:\/\/estlander.fi\/sv\/lomakkeet-ja-hakemukset\/","og_locale":"sv_SE","og_type":"article","og_title":"Lomakkeet ja hakemukset - Estlander &amp; Co","og_description":"Lomaketilaukset Is\u00e4nn\u00f6itsij\u00e4ntodistuksen toimitusaika on 2-5 arkip\u00e4iv\u00e4\u00e4. Lis\u00e4tietoja antaa\u00a0Sofie Lindstr\u00f6m Vuokra-asuntohakemus Hakemus on voimassa vuoden hakemuksen j\u00e4tt\u00f6p\u00e4iv\u00e4st\u00e4. Hakija vastaa antamiensa tietojen oikeellisuudesta. Maksuh\u00e4iri\u00f6merkinn\u00e4t tarkistetaan jokaiselta hakijalta. Lis\u00e4tietoja antaa\u00a0Mikael Julin Huoneistosaneeraukset Ennen huoneistosaneerauksen aloittamista on osakkaan tai remontintekij\u00e4n t\u00e4ytett\u00e4v\u00e4 t\u00e4m\u00e4 lomake. Se l\u00e4hetet\u00e4\u00e4n kyseess\u00e4 olevan taloyhti\u00f6n is\u00e4nn\u00f6itsij\u00e4lle ja\/tai tekniselle is\u00e4nn\u00f6itsij\u00e4lle. Huoneiston pintoja saa uusia ja kunnostaa, mutta [&hellip;]","og_url":"https:\/\/estlander.fi\/sv\/lomakkeet-ja-hakemukset\/","og_site_name":"Estlander &amp; Co","article_modified_time":"2026-02-10T09:00:10+00:00","twitter_card":"summary_large_image","schema":{"@context":"https:\/\/schema.org","@graph":[{"@type":"WebPage","@id":"https:\/\/estlander.fi\/lomakkeet-ja-hakemukset\/","url":"https:\/\/estlander.fi\/lomakkeet-ja-hakemukset\/","name":"Lomakkeet ja hakemukset - Estlander &amp; Co","isPartOf":{"@id":"https:\/\/estlander.fi\/#website"},"datePublished":"2024-09-27T14:11:41+00:00","dateModified":"2026-02-10T09:00:10+00:00","breadcrumb":{"@id":"https:\/\/estlander.fi\/lomakkeet-ja-hakemukset\/#breadcrumb"},"inLanguage":"sv-SE","potentialAction":[{"@type":"ReadAction","target":["https:\/\/estlander.fi\/lomakkeet-ja-hakemukset\/"]}]},{"@type":"BreadcrumbList","@id":"https:\/\/estlander.fi\/lomakkeet-ja-hakemukset\/#breadcrumb","itemListElement":[{"@type":"ListItem","position":1,"name":"Home","item":"https:\/\/estlander.fi\/"},{"@type":"ListItem","position":2,"name":"Lomakkeet ja hakemukset"}]},{"@type":"WebSite","@id":"https:\/\/estlander.fi\/#website","url":"https:\/\/estlander.fi\/","name":"Estlander & Co","description":"Yli 90 vuotta laadukasta is\u00e4nn\u00f6inti\u00e4","publisher":{"@id":"https:\/\/estlander.fi\/#organization"},"potentialAction":[{"@type":"SearchAction","target":{"@type":"EntryPoint","urlTemplate":"https:\/\/estlander.fi\/?s={search_term_string}"},"query-input":{"@type":"PropertyValueSpecification","valueRequired":true,"valueName":"search_term_string"}}],"inLanguage":"sv-SE"},{"@type":"Organization","@id":"https:\/\/estlander.fi\/#organization","name":"Estlander & Co","url":"https:\/\/estlander.fi\/","logo":{"@type":"ImageObject","inLanguage":"sv-SE","@id":"https:\/\/estlander.fi\/#\/schema\/logo\/image\/","url":"https:\/\/estlander.fi\/wp-content\/uploads\/2023\/12\/logo.png","contentUrl":"https:\/\/estlander.fi\/wp-content\/uploads\/2023\/12\/logo.png","width":800,"height":144,"caption":"Estlander & Co"},"image":{"@id":"https:\/\/estlander.fi\/#\/schema\/logo\/image\/"}}]}},"_links":{"self":[{"href":"https:\/\/estlander.fi\/sv\/wp-json\/wp\/v2\/pages\/1239","targetHints":{"allow":["GET"]}}],"collection":[{"href":"https:\/\/estlander.fi\/sv\/wp-json\/wp\/v2\/pages"}],"about":[{"href":"https:\/\/estlander.fi\/sv\/wp-json\/wp\/v2\/types\/page"}],"author":[{"embeddable":true,"href":"https:\/\/estlander.fi\/sv\/wp-json\/wp\/v2\/users\/3"}],"replies":[{"embeddable":true,"href":"https:\/\/estlander.fi\/sv\/wp-json\/wp\/v2\/comments?post=1239"}],"version-history":[{"count":73,"href":"https:\/\/estlander.fi\/sv\/wp-json\/wp\/v2\/pages\/1239\/revisions"}],"predecessor-version":[{"id":2692,"href":"https:\/\/estlander.fi\/sv\/wp-json\/wp\/v2\/pages\/1239\/revisions\/2692"}],"wp:attachment":[{"href":"https:\/\/estlander.fi\/sv\/wp-json\/wp\/v2\/media?parent=1239"}],"curies":[{"name":"wp","href":"https:\/\/api.w.org\/{rel}","templated":true}]}}