{"id":1601,"date":"2024-09-30T10:15:58","date_gmt":"2024-09-30T08:15:58","guid":{"rendered":"https:\/\/estlander.fi\/?page_id=1601"},"modified":"2024-10-09T09:25:15","modified_gmt":"2024-10-09T07:25:15","slug":"vuokra-asuntohakemus","status":"publish","type":"page","link":"https:\/\/estlander.fi\/sv\/lomakkeet-ja-hakemukset\/vuokra-asuntohakemus\/","title":{"rendered":"Hyresbostadsans\u00f6kan"},"content":{"rendered":"<div data-elementor-type=\"wp-page\" data-elementor-id=\"1601\" class=\"elementor elementor-1601\" data-elementor-post-type=\"page\">\n\t\t\t\t<div class=\"elementor-element elementor-element-75d82ace e-flex e-con-boxed e-con e-parent\" data-id=\"75d82ace\" data-element_type=\"container\" data-settings=\"{&quot;background_background&quot;:&quot;gradient&quot;}\">\n\t\t\t\t\t<div class=\"e-con-inner\">\n\t\t<div class=\"elementor-element elementor-element-7d286fe e-flex e-con-boxed e-con e-child\" data-id=\"7d286fe\" data-element_type=\"container\">\n\t\t\t\t\t<div class=\"e-con-inner\">\n\t\t\t\t\t<\/div>\n\t\t\t\t<\/div>\n\t\t<div class=\"elementor-element elementor-element-2c315c62 e-flex e-con-boxed e-con e-child\" data-id=\"2c315c62\" data-element_type=\"container\">\n\t\t\t\t\t<div class=\"e-con-inner\">\n\t\t<div class=\"elementor-element elementor-element-609c3efa e-con-full e-flex e-con e-child\" data-id=\"609c3efa\" data-element_type=\"container\" data-settings=\"{&quot;background_background&quot;:&quot;classic&quot;}\">\n\t\t\t\t<div class=\"elementor-element elementor-element-159d9b38 elementor-widget elementor-widget-spacer\" data-id=\"159d9b38\" data-element_type=\"widget\" data-widget_type=\"spacer.default\">\n\t\t\t\t<div class=\"elementor-widget-container\">\n\t\t\t\t\t\t\t<div class=\"elementor-spacer\">\n\t\t\t<div class=\"elementor-spacer-inner\"><\/div>\n\t\t<\/div>\n\t\t\t\t\t\t<\/div>\n\t\t\t\t<\/div>\n\t\t\t\t<div class=\"elementor-element elementor-element-58564874 elementor-widget elementor-widget-wpforms\" data-id=\"58564874\" data-element_type=\"widget\" data-widget_type=\"wpforms.default\">\n\t\t\t\t<div class=\"elementor-widget-container\">\n\t\t\t\t\t<style id=\"wpforms-css-vars-elementor-widget-58564874\">\n\t\t\t\t.elementor-widget-wpforms.elementor-element-58564874 {\n\t\t\t\t--wpforms-button-background-color: #ECCDA5;\n--wpforms-button-text-color: #000000;\n--wpforms-button-size-font-size: 20px;\n--wpforms-button-size-height: 48px;\n--wpforms-button-size-padding-h: 20px;\n--wpforms-button-size-margin-top: 15px;\n\n\t\t\t}\n\t\t\t<\/style><div class=\"wpforms-container wpforms-container-full contact-forms wpforms-render-modern\" id=\"wpforms-1610\"><form id=\"wpforms-form-1610\" class=\"wpforms-validate wpforms-form wpforms-ajax-form\" data-formid=\"1610\" method=\"post\" enctype=\"multipart\/form-data\" action=\"\/sv\/wp-json\/wp\/v2\/pages\/1601\" data-token=\"921bb250fa5097be45f2028d0a104ca0\" data-token-time=\"1775261239\" data-trp-original-action=\"\/sv\/wp-json\/wp\/v2\/pages\/1601\"><noscript class=\"wpforms-error-noscript\">Aktivera JavaScript i din webbl\u00e4sare f\u00f6r att fylla i formul\u00e4ret.<\/noscript><div id=\"wpforms-error-noscript\" style=\"display: none;\">Aktivera JavaScript i din webbl\u00e4sare f\u00f6r att fylla i formul\u00e4ret.<\/div><div class=\"wpforms-field-container\"><div id=\"wpforms-1610-field_22-container\" class=\"wpforms-field wpforms-field-layout\" data-field-id=\"22\"><div class=\"wpforms-field-layout-rows wpforms-field-large\"><div class=\"wpforms-layout-row\"><div class=\"wpforms-layout-column wpforms-layout-column-50\"><div id=\"wpforms-1610-field_14-container\" class=\"wpforms-field wpforms-field-text\" data-field-id=\"14\"><label class=\"wpforms-field-label\" for=\"wpforms-1610-field_14\">Namn <span class=\"wpforms-required-label\" aria-hidden=\"true\">*<\/span><\/label><input type=\"text\" id=\"wpforms-1610-field_14\" class=\"wpforms-field-large wpforms-field-required\" name=\"wpforms[fields][14]\" aria-errormessage=\"wpforms-1610-field_14-error\" required><\/div><\/div><div class=\"wpforms-layout-column wpforms-layout-column-50\"><div id=\"wpforms-1610-field_15-container\" class=\"wpforms-field wpforms-field-text\" data-field-id=\"15\"><label class=\"wpforms-field-label\" for=\"wpforms-1610-field_15\">F\u00f6delsedatum<\/label><input type=\"text\" id=\"wpforms-1610-field_15\" class=\"wpforms-field-large\" name=\"wpforms[fields][15]\" aria-errormessage=\"wpforms-1610-field_15-error\" ><\/div><\/div><\/div><div class=\"wpforms-layout-row\"><div class=\"wpforms-layout-column wpforms-layout-column-50\"><div id=\"wpforms-1610-field_17-container\" class=\"wpforms-field wpforms-field-text\" data-field-id=\"17\"><label class=\"wpforms-field-label\" for=\"wpforms-1610-field_17\">Nuvarande adress<\/label><input type=\"text\" id=\"wpforms-1610-field_17\" class=\"wpforms-field-large\" name=\"wpforms[fields][17]\" aria-errormessage=\"wpforms-1610-field_17-error\" ><\/div><\/div><div class=\"wpforms-layout-column wpforms-layout-column-50\"><div id=\"wpforms-1610-field_16-container\" class=\"wpforms-field wpforms-field-text\" data-field-id=\"16\"><label class=\"wpforms-field-label\" for=\"wpforms-1610-field_16\">Familjestorlek<\/label><input type=\"text\" id=\"wpforms-1610-field_16\" class=\"wpforms-field-large\" name=\"wpforms[fields][16]\" aria-errormessage=\"wpforms-1610-field_16-error\" ><\/div><\/div><\/div><div class=\"wpforms-layout-row\"><div class=\"wpforms-layout-column wpforms-layout-column-50\"><div id=\"wpforms-1610-field_34-container\" class=\"wpforms-field wpforms-field-phone\" data-field-id=\"34\"><label class=\"wpforms-field-label\" for=\"wpforms-1610-field_34\">Telefonnummer <span class=\"wpforms-required-label\" aria-hidden=\"true\">*<\/span><\/label><input type=\"tel\" id=\"wpforms-1610-field_34\" class=\"wpforms-field-large wpforms-field-required wpforms-smart-phone-field\" data-rule-smart-phone-field=\"true\" name=\"wpforms[fields][34]\" aria-label=\"Telefonnummer\" aria-errormessage=\"wpforms-1610-field_34-error\" required><\/div><\/div><div class=\"wpforms-layout-column wpforms-layout-column-50\"><div id=\"wpforms-1610-field_27-container\" class=\"wpforms-field wpforms-field-email\" data-field-id=\"27\"><label class=\"wpforms-field-label\" for=\"wpforms-1610-field_27\">E-post <span class=\"wpforms-required-label\" aria-hidden=\"true\">*<\/span><\/label><input type=\"email\" id=\"wpforms-1610-field_27\" class=\"wpforms-field-large wpforms-field-required\" name=\"wpforms[fields][27]\" spellcheck=\"false\" aria-errormessage=\"wpforms-1610-field_27-error\" required><\/div><\/div><\/div><div class=\"wpforms-layout-row\"><div class=\"wpforms-layout-column wpforms-layout-column-50\"><div id=\"wpforms-1610-field_29-container\" class=\"wpforms-field wpforms-field-text\" data-field-id=\"29\"><label class=\"wpforms-field-label\" for=\"wpforms-1610-field_29\">\u00d6nskad storlek<\/label><input type=\"text\" id=\"wpforms-1610-field_29\" class=\"wpforms-field-large\" name=\"wpforms[fields][29]\" aria-errormessage=\"wpforms-1610-field_29-error\" ><\/div><\/div><div class=\"wpforms-layout-column wpforms-layout-column-50\"><div id=\"wpforms-1610-field_30-container\" class=\"wpforms-field wpforms-field-text\" data-field-id=\"30\"><label class=\"wpforms-field-label\" for=\"wpforms-1610-field_30\">\u00d6nskad hyra<\/label><input type=\"text\" id=\"wpforms-1610-field_30\" class=\"wpforms-field-large\" name=\"wpforms[fields][30]\" aria-errormessage=\"wpforms-1610-field_30-error\" ><\/div><\/div><\/div><div class=\"wpforms-layout-row\"><div class=\"wpforms-layout-column wpforms-layout-column-50\"><div id=\"wpforms-1610-field_31-container\" class=\"wpforms-field wpforms-field-text\" data-field-id=\"31\"><label class=\"wpforms-field-label\" for=\"wpforms-1610-field_31\">\u00d6nskat l\u00e4ge<\/label><input type=\"text\" id=\"wpforms-1610-field_31\" class=\"wpforms-field-large\" name=\"wpforms[fields][31]\" aria-errormessage=\"wpforms-1610-field_31-error\" ><\/div><\/div><div class=\"wpforms-layout-column wpforms-layout-column-50\"><div id=\"wpforms-1610-field_28-container\" class=\"wpforms-field wpforms-field-text\" data-field-id=\"28\"><label class=\"wpforms-field-label\" for=\"wpforms-1610-field_28\">Arbetsplats<\/label><input type=\"text\" id=\"wpforms-1610-field_28\" class=\"wpforms-field-large\" name=\"wpforms[fields][28]\" aria-errormessage=\"wpforms-1610-field_28-error\" ><\/div><\/div><\/div><\/div><\/div>\t\t<div id=\"wpforms-1610-field_1-container\"\n\t\t\tclass=\"wpforms-field wpforms-field-text\"\n\t\t\tdata-field-type=\"text\"\n\t\t\tdata-field-id=\"1\"\n\t\t\t>\n\t\t\t<label class=\"wpforms-field-label\" for=\"wpforms-1610-field_1\" >Nykyinen Nimi pinta-ala<\/label>\n\t\t\t<input type=\"text\" id=\"wpforms-1610-field_1\" class=\"wpforms-field-medium\" name=\"wpforms[fields][1]\" >\n\t\t<\/div>\n\t\t<div id=\"wpforms-1610-field_36-container\" class=\"wpforms-field wpforms-field-layout\" data-field-id=\"36\"><div class=\"wpforms-field-layout-rows wpforms-field-large\"><div class=\"wpforms-layout-row\"><div class=\"wpforms-layout-column wpforms-layout-column-100\"><div id=\"wpforms-1610-field_35-container\" class=\"wpforms-field wpforms-field-textarea\" data-field-id=\"35\"><label class=\"wpforms-field-label\" for=\"wpforms-1610-field_35\">Till\u00e4ggsinformation<\/label><textarea id=\"wpforms-1610-field_35\" class=\"wpforms-field-medium\" name=\"wpforms[fields][35]\" aria-errormessage=\"wpforms-1610-field_35-error\" ><\/textarea><\/div><\/div><\/div><\/div><\/div><script>\n\t\t\t\t( function() {\n\t\t\t\t\tconst style = document.createElement( 'style' );\n\t\t\t\t\tstyle.appendChild( document.createTextNode( '#wpforms-1610-field_1-container { position: absolute !important; overflow: hidden !important; display: inline !important; height: 1px !important; width: 1px !important; z-index: -1000 !important; padding: 0 !important; } #wpforms-1610-field_1-container input { visibility: hidden; } #wpforms-conversational-form-page #wpforms-1610-field_1-container label { counter-increment: none; }' ) );\n\t\t\t\t\tdocument.head.appendChild( style );\n\t\t\t\t\tdocument.currentScript?.remove();\n\t\t\t\t} )();\n\t\t\t<\/script><\/div><!-- .wpforms-field-container --><div class=\"wpforms-submit-container\" ><input type=\"hidden\" name=\"wpforms[id]\" value=\"1610\"><input type=\"hidden\" name=\"page_title\" value=\"\"><input type=\"hidden\" name=\"page_url\" value=\"https:\/\/estlander.fi\/sv\/wp-json\/wp\/v2\/pages\/1601\"><input type=\"hidden\" name=\"url_referer\" value=\"\"><button type=\"submit\" name=\"wpforms[submit]\" id=\"wpforms-submit-1610\" class=\"wpforms-submit contact-form-submit\" data-alt-text=\"L\u00e4hetet\u00e4\u00e4n...\" data-submit-text=\"L\u00e4het\u00e4\" aria-live=\"assertive\" value=\"wpforms-submit\">Skicka<\/button><img decoding=\"async\" src=\"https:\/\/estlander.fi\/wp-content\/plugins\/wpforms\/assets\/images\/submit-spin.svg\" class=\"wpforms-submit-spinner\" style=\"display: none;\" width=\"26\" height=\"26\" alt=\"Laddar\"><\/div><input type=\"hidden\" name=\"trp-form-language\" value=\"sv\"\/><\/form><\/div>  <!-- .wpforms-container -->\t\t\t\t<\/div>\n\t\t\t\t<\/div>\n\t\t\t\t<div class=\"elementor-element elementor-element-2025998b elementor-widget elementor-widget-spacer\" data-id=\"2025998b\" data-element_type=\"widget\" data-widget_type=\"spacer.default\">\n\t\t\t\t<div class=\"elementor-widget-container\">\n\t\t\t\t\t\t\t<div class=\"elementor-spacer\">\n\t\t\t<div class=\"elementor-spacer-inner\"><\/div>\n\t\t<\/div>\n\t\t\t\t\t\t<\/div>\n\t\t\t\t<\/div>\n\t\t\t\t<\/div>\n\t\t\t\t\t<\/div>\n\t\t\t\t<\/div>\n\t\t\t\t\t<\/div>\n\t\t\t\t<\/div>\n\t\t\t\t<\/div>","protected":false},"excerpt":{"rendered":"<p>Please enable JavaScript in your browser to complete this form.Please enable JavaScript in your browser to complete this form.Nimi *Syntym\u00e4aikaNykyinen osoitePerheess\u00e4 asuuPuhelinnumeroS\u00e4hk\u00f6postiosoite *Toivottu pinta-alaToivottu vuokraToivottu sijaintiTy\u00f6paikkaLis\u00e4tietoja L\u00e4het\u00e4<\/p>","protected":false},"author":3,"featured_media":0,"parent":1239,"menu_order":0,"comment_status":"closed","ping_status":"closed","template":"","meta":{"_acf_changed":false,"footnotes":""},"class_list":["post-1601","page","type-page","status-publish","hentry"],"acf":[],"yoast_head":"<!-- This site is optimized with the Yoast SEO plugin v25.8 - https:\/\/yoast.com\/wordpress\/plugins\/seo\/ -->\n<title>Vuokra-asuntohakemus - Estlander &amp; Co<\/title>\n<meta name=\"robots\" content=\"index, follow, max-snippet:-1, max-image-preview:large, max-video-preview:-1\" \/>\n<link rel=\"canonical\" href=\"https:\/\/estlander.fi\/sv\/lomakkeet-ja-hakemukset\/vuokra-asuntohakemus\/\" \/>\n<meta property=\"og:locale\" content=\"sv_SE\" \/>\n<meta property=\"og:type\" content=\"article\" \/>\n<meta property=\"og:title\" content=\"Vuokra-asuntohakemus - Estlander &amp; Co\" \/>\n<meta property=\"og:description\" content=\"Please enable JavaScript in your browser to complete this form.Please enable JavaScript in your browser to complete this form.Nimi *Syntym\u00e4aikaNykyinen osoitePerheess\u00e4 asuuPuhelinnumeroS\u00e4hk\u00f6postiosoite *Toivottu pinta-alaToivottu vuokraToivottu sijaintiTy\u00f6paikkaLis\u00e4tietoja L\u00e4het\u00e4\" \/>\n<meta property=\"og:url\" content=\"https:\/\/estlander.fi\/sv\/lomakkeet-ja-hakemukset\/vuokra-asuntohakemus\/\" \/>\n<meta property=\"og:site_name\" content=\"Estlander &amp; Co\" \/>\n<meta property=\"article:modified_time\" content=\"2024-10-09T07:25:15+00:00\" \/>\n<meta property=\"og:image\" content=\"https:\/\/estlander.fi\/wp-content\/plugins\/wpforms\/assets\/images\/submit-spin.svg\" \/>\n<meta name=\"twitter:card\" content=\"summary_large_image\" \/>\n<script type=\"application\/ld+json\" class=\"yoast-schema-graph\">{\"@context\":\"https:\/\/schema.org\",\"@graph\":[{\"@type\":\"WebPage\",\"@id\":\"https:\/\/estlander.fi\/lomakkeet-ja-hakemukset\/vuokra-asuntohakemus\/\",\"url\":\"https:\/\/estlander.fi\/lomakkeet-ja-hakemukset\/vuokra-asuntohakemus\/\",\"name\":\"Vuokra-asuntohakemus - Estlander &amp; Co\",\"isPartOf\":{\"@id\":\"https:\/\/estlander.fi\/#website\"},\"primaryImageOfPage\":{\"@id\":\"https:\/\/estlander.fi\/lomakkeet-ja-hakemukset\/vuokra-asuntohakemus\/#primaryimage\"},\"image\":{\"@id\":\"https:\/\/estlander.fi\/lomakkeet-ja-hakemukset\/vuokra-asuntohakemus\/#primaryimage\"},\"thumbnailUrl\":\"https:\/\/estlander.fi\/wp-content\/plugins\/wpforms\/assets\/images\/submit-spin.svg\",\"datePublished\":\"2024-09-30T08:15:58+00:00\",\"dateModified\":\"2024-10-09T07:25:15+00:00\",\"breadcrumb\":{\"@id\":\"https:\/\/estlander.fi\/lomakkeet-ja-hakemukset\/vuokra-asuntohakemus\/#breadcrumb\"},\"inLanguage\":\"sv-SE\",\"potentialAction\":[{\"@type\":\"ReadAction\",\"target\":[\"https:\/\/estlander.fi\/lomakkeet-ja-hakemukset\/vuokra-asuntohakemus\/\"]}]},{\"@type\":\"ImageObject\",\"inLanguage\":\"sv-SE\",\"@id\":\"https:\/\/estlander.fi\/lomakkeet-ja-hakemukset\/vuokra-asuntohakemus\/#primaryimage\",\"url\":\"https:\/\/estlander.fi\/wp-content\/plugins\/wpforms\/assets\/images\/submit-spin.svg\",\"contentUrl\":\"https:\/\/estlander.fi\/wp-content\/plugins\/wpforms\/assets\/images\/submit-spin.svg\"},{\"@type\":\"BreadcrumbList\",\"@id\":\"https:\/\/estlander.fi\/lomakkeet-ja-hakemukset\/vuokra-asuntohakemus\/#breadcrumb\",\"itemListElement\":[{\"@type\":\"ListItem\",\"position\":1,\"name\":\"Home\",\"item\":\"https:\/\/estlander.fi\/\"},{\"@type\":\"ListItem\",\"position\":2,\"name\":\"Lomakkeet ja hakemukset\",\"item\":\"https:\/\/estlander.fi\/lomakkeet-ja-hakemukset\/\"},{\"@type\":\"ListItem\",\"position\":3,\"name\":\"Vuokra-asuntohakemus\"}]},{\"@type\":\"WebSite\",\"@id\":\"https:\/\/estlander.fi\/#website\",\"url\":\"https:\/\/estlander.fi\/\",\"name\":\"Estlander & Co\",\"description\":\"Yli 90 vuotta laadukasta is\u00e4nn\u00f6inti\u00e4\",\"publisher\":{\"@id\":\"https:\/\/estlander.fi\/#organization\"},\"potentialAction\":[{\"@type\":\"SearchAction\",\"target\":{\"@type\":\"EntryPoint\",\"urlTemplate\":\"https:\/\/estlander.fi\/?s={search_term_string}\"},\"query-input\":{\"@type\":\"PropertyValueSpecification\",\"valueRequired\":true,\"valueName\":\"search_term_string\"}}],\"inLanguage\":\"sv-SE\"},{\"@type\":\"Organization\",\"@id\":\"https:\/\/estlander.fi\/#organization\",\"name\":\"Estlander & Co\",\"url\":\"https:\/\/estlander.fi\/\",\"logo\":{\"@type\":\"ImageObject\",\"inLanguage\":\"sv-SE\",\"@id\":\"https:\/\/estlander.fi\/#\/schema\/logo\/image\/\",\"url\":\"https:\/\/estlander.fi\/wp-content\/uploads\/2023\/12\/logo.png\",\"contentUrl\":\"https:\/\/estlander.fi\/wp-content\/uploads\/2023\/12\/logo.png\",\"width\":800,\"height\":144,\"caption\":\"Estlander & Co\"},\"image\":{\"@id\":\"https:\/\/estlander.fi\/#\/schema\/logo\/image\/\"}}]}<\/script>\n<!-- \/ Yoast SEO plugin. -->","yoast_head_json":{"title":"Vuokra-asuntohakemus - Estlander &amp; Co","robots":{"index":"index","follow":"follow","max-snippet":"max-snippet:-1","max-image-preview":"max-image-preview:large","max-video-preview":"max-video-preview:-1"},"canonical":"https:\/\/estlander.fi\/sv\/lomakkeet-ja-hakemukset\/vuokra-asuntohakemus\/","og_locale":"sv_SE","og_type":"article","og_title":"Vuokra-asuntohakemus - Estlander &amp; Co","og_description":"Please enable JavaScript in your browser to complete this form.Please enable JavaScript in your browser to complete this form.Nimi *Syntym\u00e4aikaNykyinen osoitePerheess\u00e4 asuuPuhelinnumeroS\u00e4hk\u00f6postiosoite *Toivottu pinta-alaToivottu vuokraToivottu sijaintiTy\u00f6paikkaLis\u00e4tietoja L\u00e4het\u00e4","og_url":"https:\/\/estlander.fi\/sv\/lomakkeet-ja-hakemukset\/vuokra-asuntohakemus\/","og_site_name":"Estlander &amp; Co","article_modified_time":"2024-10-09T07:25:15+00:00","og_image":[{"url":"https:\/\/estlander.fi\/wp-content\/plugins\/wpforms\/assets\/images\/submit-spin.svg","type":"","width":"","height":""}],"twitter_card":"summary_large_image","schema":{"@context":"https:\/\/schema.org","@graph":[{"@type":"WebPage","@id":"https:\/\/estlander.fi\/lomakkeet-ja-hakemukset\/vuokra-asuntohakemus\/","url":"https:\/\/estlander.fi\/lomakkeet-ja-hakemukset\/vuokra-asuntohakemus\/","name":"Vuokra-asuntohakemus - Estlander &amp; Co","isPartOf":{"@id":"https:\/\/estlander.fi\/#website"},"primaryImageOfPage":{"@id":"https:\/\/estlander.fi\/lomakkeet-ja-hakemukset\/vuokra-asuntohakemus\/#primaryimage"},"image":{"@id":"https:\/\/estlander.fi\/lomakkeet-ja-hakemukset\/vuokra-asuntohakemus\/#primaryimage"},"thumbnailUrl":"https:\/\/estlander.fi\/wp-content\/plugins\/wpforms\/assets\/images\/submit-spin.svg","datePublished":"2024-09-30T08:15:58+00:00","dateModified":"2024-10-09T07:25:15+00:00","breadcrumb":{"@id":"https:\/\/estlander.fi\/lomakkeet-ja-hakemukset\/vuokra-asuntohakemus\/#breadcrumb"},"inLanguage":"sv-SE","potentialAction":[{"@type":"ReadAction","target":["https:\/\/estlander.fi\/lomakkeet-ja-hakemukset\/vuokra-asuntohakemus\/"]}]},{"@type":"ImageObject","inLanguage":"sv-SE","@id":"https:\/\/estlander.fi\/lomakkeet-ja-hakemukset\/vuokra-asuntohakemus\/#primaryimage","url":"https:\/\/estlander.fi\/wp-content\/plugins\/wpforms\/assets\/images\/submit-spin.svg","contentUrl":"https:\/\/estlander.fi\/wp-content\/plugins\/wpforms\/assets\/images\/submit-spin.svg"},{"@type":"BreadcrumbList","@id":"https:\/\/estlander.fi\/lomakkeet-ja-hakemukset\/vuokra-asuntohakemus\/#breadcrumb","itemListElement":[{"@type":"ListItem","position":1,"name":"Home","item":"https:\/\/estlander.fi\/"},{"@type":"ListItem","position":2,"name":"Lomakkeet ja hakemukset","item":"https:\/\/estlander.fi\/lomakkeet-ja-hakemukset\/"},{"@type":"ListItem","position":3,"name":"Vuokra-asuntohakemus"}]},{"@type":"WebSite","@id":"https:\/\/estlander.fi\/#website","url":"https:\/\/estlander.fi\/","name":"Estlander & Co","description":"Yli 90 vuotta laadukasta is\u00e4nn\u00f6inti\u00e4","publisher":{"@id":"https:\/\/estlander.fi\/#organization"},"potentialAction":[{"@type":"SearchAction","target":{"@type":"EntryPoint","urlTemplate":"https:\/\/estlander.fi\/?s={search_term_string}"},"query-input":{"@type":"PropertyValueSpecification","valueRequired":true,"valueName":"search_term_string"}}],"inLanguage":"sv-SE"},{"@type":"Organization","@id":"https:\/\/estlander.fi\/#organization","name":"Estlander & Co","url":"https:\/\/estlander.fi\/","logo":{"@type":"ImageObject","inLanguage":"sv-SE","@id":"https:\/\/estlander.fi\/#\/schema\/logo\/image\/","url":"https:\/\/estlander.fi\/wp-content\/uploads\/2023\/12\/logo.png","contentUrl":"https:\/\/estlander.fi\/wp-content\/uploads\/2023\/12\/logo.png","width":800,"height":144,"caption":"Estlander & Co"},"image":{"@id":"https:\/\/estlander.fi\/#\/schema\/logo\/image\/"}}]}},"_links":{"self":[{"href":"https:\/\/estlander.fi\/sv\/wp-json\/wp\/v2\/pages\/1601","targetHints":{"allow":["GET"]}}],"collection":[{"href":"https:\/\/estlander.fi\/sv\/wp-json\/wp\/v2\/pages"}],"about":[{"href":"https:\/\/estlander.fi\/sv\/wp-json\/wp\/v2\/types\/page"}],"author":[{"embeddable":true,"href":"https:\/\/estlander.fi\/sv\/wp-json\/wp\/v2\/users\/3"}],"replies":[{"embeddable":true,"href":"https:\/\/estlander.fi\/sv\/wp-json\/wp\/v2\/comments?post=1601"}],"version-history":[{"count":26,"href":"https:\/\/estlander.fi\/sv\/wp-json\/wp\/v2\/pages\/1601\/revisions"}],"predecessor-version":[{"id":2463,"href":"https:\/\/estlander.fi\/sv\/wp-json\/wp\/v2\/pages\/1601\/revisions\/2463"}],"up":[{"embeddable":true,"href":"https:\/\/estlander.fi\/sv\/wp-json\/wp\/v2\/pages\/1239"}],"wp:attachment":[{"href":"https:\/\/estlander.fi\/sv\/wp-json\/wp\/v2\/media?parent=1601"}],"curies":[{"name":"wp","href":"https:\/\/api.w.org\/{rel}","templated":true}]}}