{"id":1633,"date":"2024-09-30T11:28:40","date_gmt":"2024-09-30T09:28:40","guid":{"rendered":"https:\/\/estlander.fi\/?page_id=1633"},"modified":"2024-10-09T09:26:43","modified_gmt":"2024-10-09T07:26:43","slug":"avaintilaus","status":"publish","type":"page","link":"https:\/\/estlander.fi\/sv\/lomakkeet-ja-hakemukset\/avaintilaus\/","title":{"rendered":"Avaintilaus"},"content":{"rendered":"<div data-elementor-type=\"wp-page\" data-elementor-id=\"1633\" class=\"elementor elementor-1633\" data-elementor-post-type=\"page\">\n\t\t\t\t<div class=\"elementor-element elementor-element-321c889d e-flex e-con-boxed e-con e-parent\" data-id=\"321c889d\" data-element_type=\"container\" data-settings=\"{&quot;background_background&quot;:&quot;gradient&quot;}\">\n\t\t\t\t\t<div class=\"e-con-inner\">\n\t\t<div class=\"elementor-element elementor-element-2b5834fb e-flex e-con-boxed e-con e-child\" data-id=\"2b5834fb\" data-element_type=\"container\">\n\t\t\t\t\t<div class=\"e-con-inner\">\n\t\t\t\t\t<\/div>\n\t\t\t\t<\/div>\n\t\t<div class=\"elementor-element elementor-element-57a52783 e-flex e-con-boxed e-con e-child\" data-id=\"57a52783\" data-element_type=\"container\">\n\t\t\t\t\t<div class=\"e-con-inner\">\n\t\t<div class=\"elementor-element elementor-element-5307f455 e-con-full e-flex e-con e-child\" data-id=\"5307f455\" data-element_type=\"container\" data-settings=\"{&quot;background_background&quot;:&quot;classic&quot;}\">\n\t\t\t\t<div class=\"elementor-element elementor-element-2441ed00 elementor-hidden-mobile elementor-widget elementor-widget-spacer\" data-id=\"2441ed00\" data-element_type=\"widget\" data-widget_type=\"spacer.default\">\n\t\t\t\t<div class=\"elementor-widget-container\">\n\t\t\t\t\t\t\t<div class=\"elementor-spacer\">\n\t\t\t<div class=\"elementor-spacer-inner\"><\/div>\n\t\t<\/div>\n\t\t\t\t\t\t<\/div>\n\t\t\t\t<\/div>\n\t\t\t\t<div class=\"elementor-element elementor-element-6aae92c elementor-widget elementor-widget-wpforms\" data-id=\"6aae92c\" data-element_type=\"widget\" data-widget_type=\"wpforms.default\">\n\t\t\t\t<div class=\"elementor-widget-container\">\n\t\t\t\t\t<style id=\"wpforms-css-vars-elementor-widget-6aae92c\">\n\t\t\t\t.elementor-widget-wpforms.elementor-element-6aae92c {\n\t\t\t\t--wpforms-button-background-color: #ECCDA5;\n--wpforms-button-text-color: #000000;\n--wpforms-button-size-font-size: 20px;\n--wpforms-button-size-height: 48px;\n--wpforms-button-size-padding-h: 20px;\n--wpforms-button-size-margin-top: 15px;\n\n\t\t\t}\n\t\t\t<\/style><div class=\"wpforms-container wpforms-container-full contact-forms wpforms-render-modern\" id=\"wpforms-1636\"><form id=\"wpforms-form-1636\" class=\"wpforms-validate wpforms-form wpforms-ajax-form\" data-formid=\"1636\" method=\"post\" enctype=\"multipart\/form-data\" action=\"\/sv\/wp-json\/wp\/v2\/pages\/1633\" data-token=\"cacc1883b18af0fce9e68690c6ddfc07\" data-token-time=\"1777518255\" data-trp-original-action=\"\/sv\/wp-json\/wp\/v2\/pages\/1633\"><noscript class=\"wpforms-error-noscript\">Aktivera JavaScript i din webbl\u00e4sare f\u00f6r att fylla i formul\u00e4ret.<\/noscript><div id=\"wpforms-error-noscript\" style=\"display: none;\">Aktivera JavaScript i din webbl\u00e4sare f\u00f6r att fylla i formul\u00e4ret.<\/div><div class=\"wpforms-field-container\"><div id=\"wpforms-1636-field_52-container\" class=\"wpforms-field wpforms-field-layout\" data-field-id=\"52\"><div class=\"wpforms-field-layout-rows wpforms-field-large\"><div class=\"wpforms-layout-row\"><div class=\"wpforms-layout-column wpforms-layout-column-100\"><div id=\"wpforms-1636-field_54-container\" class=\"wpforms-field wpforms-field-content\" data-field-id=\"54\"><div id=\"wpforms-1636-field_54\" class=\"wpforms-field-medium wpforms-field-row\" aria-errormessage=\"wpforms-1636-field_54-error\"><h4>Uppgifter<\/h4>\n<div class=\"wpforms-field-content-display-frontend-clear\"><\/div><\/div><\/div><\/div><\/div><\/div><\/div><div id=\"wpforms-1636-field_22-container\" class=\"wpforms-field wpforms-field-layout\" data-field-id=\"22\"><div class=\"wpforms-field-layout-rows wpforms-field-large\"><div class=\"wpforms-layout-row\"><div class=\"wpforms-layout-column wpforms-layout-column-50\"><div id=\"wpforms-1636-field_14-container\" class=\"wpforms-field wpforms-field-text\" data-field-id=\"14\"><label class=\"wpforms-field-label\" for=\"wpforms-1636-field_14\">Husbolagets namn<\/label><input type=\"text\" id=\"wpforms-1636-field_14\" class=\"wpforms-field-large\" name=\"wpforms[fields][14]\" aria-errormessage=\"wpforms-1636-field_14-error\" ><\/div><\/div><div class=\"wpforms-layout-column wpforms-layout-column-50\"><div id=\"wpforms-1636-field_15-container\" class=\"wpforms-field wpforms-field-text\" data-field-id=\"15\"><label class=\"wpforms-field-label\" for=\"wpforms-1636-field_15\">Husbolagets adress<\/label><input type=\"text\" id=\"wpforms-1636-field_15\" class=\"wpforms-field-large\" name=\"wpforms[fields][15]\" aria-errormessage=\"wpforms-1636-field_15-error\" ><\/div><\/div><\/div><div class=\"wpforms-layout-row\"><div class=\"wpforms-layout-column wpforms-layout-column-50\"><div id=\"wpforms-1636-field_16-container\" class=\"wpforms-field wpforms-field-text\" data-field-id=\"16\"><label class=\"wpforms-field-label\" for=\"wpforms-1636-field_16\">L\u00e4genhetens nummer<\/label><input type=\"text\" id=\"wpforms-1636-field_16\" class=\"wpforms-field-large\" name=\"wpforms[fields][16]\" aria-errormessage=\"wpforms-1636-field_16-error\" ><\/div><\/div><div class=\"wpforms-layout-column wpforms-layout-column-50\"><div id=\"wpforms-1636-field_17-container\" class=\"wpforms-field wpforms-field-text\" data-field-id=\"17\"><label class=\"wpforms-field-label\" for=\"wpforms-1636-field_17\">Aktion\u00e4r eller aktion\u00e4rer<\/label><input type=\"text\" id=\"wpforms-1636-field_17\" class=\"wpforms-field-large\" name=\"wpforms[fields][17]\" aria-errormessage=\"wpforms-1636-field_17-error\" ><\/div><\/div><\/div><\/div><\/div><div id=\"wpforms-1636-field_55-container\" class=\"wpforms-field wpforms-field-layout\" data-field-id=\"55\"><div class=\"wpforms-field-layout-rows wpforms-field-large\"><div class=\"wpforms-layout-row\"><div class=\"wpforms-layout-column wpforms-layout-column-100\"><div id=\"wpforms-1636-field_56-container\" class=\"wpforms-field wpforms-field-content\" data-field-id=\"56\"><div id=\"wpforms-1636-field_56\" class=\"wpforms-field-medium wpforms-field-row\" aria-errormessage=\"wpforms-1636-field_56-error\"><h4>Best\u00e4llarens kontaktuppgifter<\/h4>\n<div class=\"wpforms-field-content-display-frontend-clear\"><\/div><\/div><\/div><\/div><\/div><\/div><\/div>\t\t<div id=\"wpforms-1636-field_1-container\"\n\t\t\tclass=\"wpforms-field wpforms-field-text\"\n\t\t\tdata-field-type=\"text\"\n\t\t\tdata-field-id=\"1\"\n\t\t\t>\n\t\t\t<label class=\"wpforms-field-label\" for=\"wpforms-1636-field_1\" >(copy) postitoimipaikka Taloyhti\u00f6n<\/label>\n\t\t\t<input type=\"text\" id=\"wpforms-1636-field_1\" class=\"wpforms-field-medium\" name=\"wpforms[fields][1]\" >\n\t\t<\/div>\n\t\t<div id=\"wpforms-1636-field_46-container\" class=\"wpforms-field wpforms-field-layout\" data-field-id=\"46\"><div class=\"wpforms-field-layout-rows wpforms-field-large\"><div class=\"wpforms-layout-row\"><div class=\"wpforms-layout-column wpforms-layout-column-50\"><div id=\"wpforms-1636-field_37-container\" class=\"wpforms-field wpforms-field-text\" data-field-id=\"37\"><label class=\"wpforms-field-label\" for=\"wpforms-1636-field_37\">Namn <span class=\"wpforms-required-label\" aria-hidden=\"true\">*<\/span><\/label><input type=\"text\" id=\"wpforms-1636-field_37\" class=\"wpforms-field-large wpforms-field-required\" name=\"wpforms[fields][37]\" aria-errormessage=\"wpforms-1636-field_37-error\" required><\/div><\/div><div class=\"wpforms-layout-column wpforms-layout-column-50\"><div id=\"wpforms-1636-field_38-container\" class=\"wpforms-field wpforms-field-text\" data-field-id=\"38\"><label class=\"wpforms-field-label\" for=\"wpforms-1636-field_38\">Adress<\/label><input type=\"text\" id=\"wpforms-1636-field_38\" class=\"wpforms-field-large\" name=\"wpforms[fields][38]\" aria-errormessage=\"wpforms-1636-field_38-error\" ><\/div><\/div><\/div><div class=\"wpforms-layout-row\"><div class=\"wpforms-layout-column wpforms-layout-column-50\"><div id=\"wpforms-1636-field_39-container\" class=\"wpforms-field wpforms-field-text\" data-field-id=\"39\"><label class=\"wpforms-field-label\" for=\"wpforms-1636-field_39\">Postnummer och postanstalt<\/label><input type=\"text\" id=\"wpforms-1636-field_39\" class=\"wpforms-field-large\" name=\"wpforms[fields][39]\" aria-errormessage=\"wpforms-1636-field_39-error\" ><\/div><\/div><div class=\"wpforms-layout-column wpforms-layout-column-50\"><div id=\"wpforms-1636-field_41-container\" class=\"wpforms-field wpforms-field-phone\" data-field-id=\"41\"><label class=\"wpforms-field-label\" for=\"wpforms-1636-field_41\">Telefonnummer <span class=\"wpforms-required-label\" aria-hidden=\"true\">*<\/span><\/label><input type=\"tel\" id=\"wpforms-1636-field_41\" class=\"wpforms-field-large wpforms-field-required wpforms-smart-phone-field\" data-rule-smart-phone-field=\"true\" name=\"wpforms[fields][41]\" aria-label=\"Telefonnummer\" aria-errormessage=\"wpforms-1636-field_41-error\" required><\/div><\/div><\/div><div class=\"wpforms-layout-row\"><div class=\"wpforms-layout-column wpforms-layout-column-50\"><div id=\"wpforms-1636-field_42-container\" class=\"wpforms-field wpforms-field-email\" data-field-id=\"42\"><label class=\"wpforms-field-label\" for=\"wpforms-1636-field_42\">E-post <span class=\"wpforms-required-label\" aria-hidden=\"true\">*<\/span><\/label><input type=\"email\" id=\"wpforms-1636-field_42\" class=\"wpforms-field-large wpforms-field-required\" name=\"wpforms[fields][42]\" spellcheck=\"false\" aria-errormessage=\"wpforms-1636-field_42-error\" required><\/div><\/div><div class=\"wpforms-layout-column wpforms-layout-column-50\"><div id=\"wpforms-1636-field_43-container\" class=\"wpforms-field wpforms-field-text\" data-field-id=\"43\"><label class=\"wpforms-field-label\" for=\"wpforms-1636-field_43\">Nyckelm\u00e4ngd<\/label><input type=\"text\" id=\"wpforms-1636-field_43\" class=\"wpforms-field-large\" name=\"wpforms[fields][43]\" aria-errormessage=\"wpforms-1636-field_43-error\" ><\/div><\/div><\/div><\/div><\/div><div id=\"wpforms-1636-field_57-container\" class=\"wpforms-field wpforms-field-layout\" data-field-id=\"57\"><div class=\"wpforms-field-layout-rows wpforms-field-large\"><div class=\"wpforms-layout-row\"><div class=\"wpforms-layout-column wpforms-layout-column-100\"><div id=\"wpforms-1636-field_44-container\" class=\"wpforms-field wpforms-field-textarea\" data-field-id=\"44\"><label class=\"wpforms-field-label\" for=\"wpforms-1636-field_44\">Till\u00e4ggsinformation<\/label><textarea id=\"wpforms-1636-field_44\" class=\"wpforms-field-medium\" name=\"wpforms[fields][44]\" aria-errormessage=\"wpforms-1636-field_44-error\" ><\/textarea><\/div><\/div><\/div><\/div><\/div><script>\n\t\t\t\t( function() {\n\t\t\t\t\tconst style = document.createElement( 'style' );\n\t\t\t\t\tstyle.appendChild( document.createTextNode( '#wpforms-1636-field_1-container { position: absolute !important; overflow: hidden !important; display: inline !important; height: 1px !important; width: 1px !important; z-index: -1000 !important; padding: 0 !important; } #wpforms-1636-field_1-container input { visibility: hidden; } #wpforms-conversational-form-page #wpforms-1636-field_1-container label { counter-increment: none; }' ) );\n\t\t\t\t\tdocument.head.appendChild( style );\n\t\t\t\t\tdocument.currentScript?.remove();\n\t\t\t\t} )();\n\t\t\t<\/script><\/div><!-- .wpforms-field-container --><div class=\"wpforms-submit-container\" ><input type=\"hidden\" name=\"wpforms[id]\" value=\"1636\"><input type=\"hidden\" name=\"page_title\" value=\"\"><input type=\"hidden\" name=\"page_url\" value=\"https:\/\/estlander.fi\/sv\/wp-json\/wp\/v2\/pages\/1633\"><input type=\"hidden\" name=\"url_referer\" value=\"\"><button type=\"submit\" name=\"wpforms[submit]\" id=\"wpforms-submit-1636\" class=\"wpforms-submit contact-form-submit\" data-alt-text=\"L\u00e4hetet\u00e4\u00e4n...\" data-submit-text=\"L\u00e4het\u00e4\" aria-live=\"assertive\" value=\"wpforms-submit\">Skicka<\/button><img decoding=\"async\" src=\"https:\/\/estlander.fi\/wp-content\/plugins\/wpforms\/assets\/images\/submit-spin.svg\" class=\"wpforms-submit-spinner\" style=\"display: none;\" width=\"26\" height=\"26\" alt=\"Laddar\"><\/div><input type=\"hidden\" name=\"trp-form-language\" value=\"sv\"\/><\/form><\/div>  <!-- .wpforms-container -->\t\t\t\t<\/div>\n\t\t\t\t<\/div>\n\t\t\t\t<div class=\"elementor-element elementor-element-6dca0caf elementor-widget elementor-widget-spacer\" data-id=\"6dca0caf\" data-element_type=\"widget\" data-widget_type=\"spacer.default\">\n\t\t\t\t<div class=\"elementor-widget-container\">\n\t\t\t\t\t\t\t<div class=\"elementor-spacer\">\n\t\t\t<div class=\"elementor-spacer-inner\"><\/div>\n\t\t<\/div>\n\t\t\t\t\t\t<\/div>\n\t\t\t\t<\/div>\n\t\t\t\t<\/div>\n\t\t\t\t\t<\/div>\n\t\t\t\t<\/div>\n\t\t\t\t\t<\/div>\n\t\t\t\t<\/div>\n\t\t\t\t<\/div>","protected":false},"excerpt":{"rendered":"<p>Please enable JavaScript in your browser to complete this form.Please enable JavaScript in your browser to complete this form. Tiedot Taloyhti\u00f6n nimiTaloyhti\u00f6n osoiteHuoneiston numeroOsakkeen omistaja tai omistajat Tilaajan yhteystiedot Nimi *OsoitePostinumero ja postitoimipaikkaPuhelinnumeroS\u00e4hk\u00f6postiosoite *Avainm\u00e4\u00e4r\u00e4Lis\u00e4tietoja L\u00e4het\u00e4<\/p>","protected":false},"author":3,"featured_media":0,"parent":1239,"menu_order":0,"comment_status":"closed","ping_status":"closed","template":"","meta":{"_acf_changed":false,"footnotes":""},"class_list":["post-1633","page","type-page","status-publish","hentry"],"acf":[],"yoast_head":"<!-- This site is optimized with the Yoast SEO plugin v25.8 - https:\/\/yoast.com\/wordpress\/plugins\/seo\/ -->\n<title>Avaintilaus - Estlander &amp; Co<\/title>\n<meta name=\"robots\" content=\"index, follow, max-snippet:-1, max-image-preview:large, max-video-preview:-1\" \/>\n<link rel=\"canonical\" href=\"https:\/\/estlander.fi\/sv\/lomakkeet-ja-hakemukset\/avaintilaus\/\" \/>\n<meta property=\"og:locale\" content=\"sv_SE\" \/>\n<meta property=\"og:type\" content=\"article\" \/>\n<meta property=\"og:title\" content=\"Avaintilaus - Estlander &amp; Co\" \/>\n<meta property=\"og:description\" content=\"Please enable JavaScript in your browser to complete this form.Please enable JavaScript in your browser to complete this form. Tiedot Taloyhti\u00f6n nimiTaloyhti\u00f6n osoiteHuoneiston numeroOsakkeen omistaja tai omistajat Tilaajan yhteystiedot Nimi *OsoitePostinumero ja postitoimipaikkaPuhelinnumeroS\u00e4hk\u00f6postiosoite *Avainm\u00e4\u00e4r\u00e4Lis\u00e4tietoja L\u00e4het\u00e4\" \/>\n<meta property=\"og:url\" content=\"https:\/\/estlander.fi\/sv\/lomakkeet-ja-hakemukset\/avaintilaus\/\" \/>\n<meta property=\"og:site_name\" content=\"Estlander &amp; Co\" \/>\n<meta property=\"article:modified_time\" content=\"2024-10-09T07:26:43+00:00\" \/>\n<meta property=\"og:image\" content=\"https:\/\/estlander.fi\/wp-content\/plugins\/wpforms\/assets\/images\/submit-spin.svg\" \/>\n<meta name=\"twitter:card\" content=\"summary_large_image\" \/>\n<script type=\"application\/ld+json\" class=\"yoast-schema-graph\">{\"@context\":\"https:\/\/schema.org\",\"@graph\":[{\"@type\":\"WebPage\",\"@id\":\"https:\/\/estlander.fi\/lomakkeet-ja-hakemukset\/avaintilaus\/\",\"url\":\"https:\/\/estlander.fi\/lomakkeet-ja-hakemukset\/avaintilaus\/\",\"name\":\"Avaintilaus - Estlander &amp; Co\",\"isPartOf\":{\"@id\":\"https:\/\/estlander.fi\/#website\"},\"primaryImageOfPage\":{\"@id\":\"https:\/\/estlander.fi\/lomakkeet-ja-hakemukset\/avaintilaus\/#primaryimage\"},\"image\":{\"@id\":\"https:\/\/estlander.fi\/lomakkeet-ja-hakemukset\/avaintilaus\/#primaryimage\"},\"thumbnailUrl\":\"https:\/\/estlander.fi\/wp-content\/plugins\/wpforms\/assets\/images\/submit-spin.svg\",\"datePublished\":\"2024-09-30T09:28:40+00:00\",\"dateModified\":\"2024-10-09T07:26:43+00:00\",\"breadcrumb\":{\"@id\":\"https:\/\/estlander.fi\/lomakkeet-ja-hakemukset\/avaintilaus\/#breadcrumb\"},\"inLanguage\":\"sv-SE\",\"potentialAction\":[{\"@type\":\"ReadAction\",\"target\":[\"https:\/\/estlander.fi\/lomakkeet-ja-hakemukset\/avaintilaus\/\"]}]},{\"@type\":\"ImageObject\",\"inLanguage\":\"sv-SE\",\"@id\":\"https:\/\/estlander.fi\/lomakkeet-ja-hakemukset\/avaintilaus\/#primaryimage\",\"url\":\"https:\/\/estlander.fi\/wp-content\/plugins\/wpforms\/assets\/images\/submit-spin.svg\",\"contentUrl\":\"https:\/\/estlander.fi\/wp-content\/plugins\/wpforms\/assets\/images\/submit-spin.svg\"},{\"@type\":\"BreadcrumbList\",\"@id\":\"https:\/\/estlander.fi\/lomakkeet-ja-hakemukset\/avaintilaus\/#breadcrumb\",\"itemListElement\":[{\"@type\":\"ListItem\",\"position\":1,\"name\":\"Home\",\"item\":\"https:\/\/estlander.fi\/\"},{\"@type\":\"ListItem\",\"position\":2,\"name\":\"Lomakkeet ja hakemukset\",\"item\":\"https:\/\/estlander.fi\/lomakkeet-ja-hakemukset\/\"},{\"@type\":\"ListItem\",\"position\":3,\"name\":\"Avaintilaus\"}]},{\"@type\":\"WebSite\",\"@id\":\"https:\/\/estlander.fi\/#website\",\"url\":\"https:\/\/estlander.fi\/\",\"name\":\"Estlander & Co\",\"description\":\"Yli 90 vuotta laadukasta is\u00e4nn\u00f6inti\u00e4\",\"publisher\":{\"@id\":\"https:\/\/estlander.fi\/#organization\"},\"potentialAction\":[{\"@type\":\"SearchAction\",\"target\":{\"@type\":\"EntryPoint\",\"urlTemplate\":\"https:\/\/estlander.fi\/?s={search_term_string}\"},\"query-input\":{\"@type\":\"PropertyValueSpecification\",\"valueRequired\":true,\"valueName\":\"search_term_string\"}}],\"inLanguage\":\"sv-SE\"},{\"@type\":\"Organization\",\"@id\":\"https:\/\/estlander.fi\/#organization\",\"name\":\"Estlander & Co\",\"url\":\"https:\/\/estlander.fi\/\",\"logo\":{\"@type\":\"ImageObject\",\"inLanguage\":\"sv-SE\",\"@id\":\"https:\/\/estlander.fi\/#\/schema\/logo\/image\/\",\"url\":\"https:\/\/estlander.fi\/wp-content\/uploads\/2023\/12\/logo.png\",\"contentUrl\":\"https:\/\/estlander.fi\/wp-content\/uploads\/2023\/12\/logo.png\",\"width\":800,\"height\":144,\"caption\":\"Estlander & Co\"},\"image\":{\"@id\":\"https:\/\/estlander.fi\/#\/schema\/logo\/image\/\"}}]}<\/script>\n<!-- \/ Yoast SEO plugin. -->","yoast_head_json":{"title":"Avaintilaus - Estlander &amp; Co","robots":{"index":"index","follow":"follow","max-snippet":"max-snippet:-1","max-image-preview":"max-image-preview:large","max-video-preview":"max-video-preview:-1"},"canonical":"https:\/\/estlander.fi\/sv\/lomakkeet-ja-hakemukset\/avaintilaus\/","og_locale":"sv_SE","og_type":"article","og_title":"Avaintilaus - Estlander &amp; Co","og_description":"Please enable JavaScript in your browser to complete this form.Please enable JavaScript in your browser to complete this form. Tiedot Taloyhti\u00f6n nimiTaloyhti\u00f6n osoiteHuoneiston numeroOsakkeen omistaja tai omistajat Tilaajan yhteystiedot Nimi *OsoitePostinumero ja postitoimipaikkaPuhelinnumeroS\u00e4hk\u00f6postiosoite *Avainm\u00e4\u00e4r\u00e4Lis\u00e4tietoja L\u00e4het\u00e4","og_url":"https:\/\/estlander.fi\/sv\/lomakkeet-ja-hakemukset\/avaintilaus\/","og_site_name":"Estlander &amp; Co","article_modified_time":"2024-10-09T07:26:43+00:00","og_image":[{"url":"https:\/\/estlander.fi\/wp-content\/plugins\/wpforms\/assets\/images\/submit-spin.svg","type":"","width":"","height":""}],"twitter_card":"summary_large_image","schema":{"@context":"https:\/\/schema.org","@graph":[{"@type":"WebPage","@id":"https:\/\/estlander.fi\/lomakkeet-ja-hakemukset\/avaintilaus\/","url":"https:\/\/estlander.fi\/lomakkeet-ja-hakemukset\/avaintilaus\/","name":"Avaintilaus - Estlander &amp; Co","isPartOf":{"@id":"https:\/\/estlander.fi\/#website"},"primaryImageOfPage":{"@id":"https:\/\/estlander.fi\/lomakkeet-ja-hakemukset\/avaintilaus\/#primaryimage"},"image":{"@id":"https:\/\/estlander.fi\/lomakkeet-ja-hakemukset\/avaintilaus\/#primaryimage"},"thumbnailUrl":"https:\/\/estlander.fi\/wp-content\/plugins\/wpforms\/assets\/images\/submit-spin.svg","datePublished":"2024-09-30T09:28:40+00:00","dateModified":"2024-10-09T07:26:43+00:00","breadcrumb":{"@id":"https:\/\/estlander.fi\/lomakkeet-ja-hakemukset\/avaintilaus\/#breadcrumb"},"inLanguage":"sv-SE","potentialAction":[{"@type":"ReadAction","target":["https:\/\/estlander.fi\/lomakkeet-ja-hakemukset\/avaintilaus\/"]}]},{"@type":"ImageObject","inLanguage":"sv-SE","@id":"https:\/\/estlander.fi\/lomakkeet-ja-hakemukset\/avaintilaus\/#primaryimage","url":"https:\/\/estlander.fi\/wp-content\/plugins\/wpforms\/assets\/images\/submit-spin.svg","contentUrl":"https:\/\/estlander.fi\/wp-content\/plugins\/wpforms\/assets\/images\/submit-spin.svg"},{"@type":"BreadcrumbList","@id":"https:\/\/estlander.fi\/lomakkeet-ja-hakemukset\/avaintilaus\/#breadcrumb","itemListElement":[{"@type":"ListItem","position":1,"name":"Home","item":"https:\/\/estlander.fi\/"},{"@type":"ListItem","position":2,"name":"Lomakkeet ja hakemukset","item":"https:\/\/estlander.fi\/lomakkeet-ja-hakemukset\/"},{"@type":"ListItem","position":3,"name":"Avaintilaus"}]},{"@type":"WebSite","@id":"https:\/\/estlander.fi\/#website","url":"https:\/\/estlander.fi\/","name":"Estlander & Co","description":"Yli 90 vuotta laadukasta is\u00e4nn\u00f6inti\u00e4","publisher":{"@id":"https:\/\/estlander.fi\/#organization"},"potentialAction":[{"@type":"SearchAction","target":{"@type":"EntryPoint","urlTemplate":"https:\/\/estlander.fi\/?s={search_term_string}"},"query-input":{"@type":"PropertyValueSpecification","valueRequired":true,"valueName":"search_term_string"}}],"inLanguage":"sv-SE"},{"@type":"Organization","@id":"https:\/\/estlander.fi\/#organization","name":"Estlander & Co","url":"https:\/\/estlander.fi\/","logo":{"@type":"ImageObject","inLanguage":"sv-SE","@id":"https:\/\/estlander.fi\/#\/schema\/logo\/image\/","url":"https:\/\/estlander.fi\/wp-content\/uploads\/2023\/12\/logo.png","contentUrl":"https:\/\/estlander.fi\/wp-content\/uploads\/2023\/12\/logo.png","width":800,"height":144,"caption":"Estlander & Co"},"image":{"@id":"https:\/\/estlander.fi\/#\/schema\/logo\/image\/"}}]}},"_links":{"self":[{"href":"https:\/\/estlander.fi\/sv\/wp-json\/wp\/v2\/pages\/1633","targetHints":{"allow":["GET"]}}],"collection":[{"href":"https:\/\/estlander.fi\/sv\/wp-json\/wp\/v2\/pages"}],"about":[{"href":"https:\/\/estlander.fi\/sv\/wp-json\/wp\/v2\/types\/page"}],"author":[{"embeddable":true,"href":"https:\/\/estlander.fi\/sv\/wp-json\/wp\/v2\/users\/3"}],"replies":[{"embeddable":true,"href":"https:\/\/estlander.fi\/sv\/wp-json\/wp\/v2\/comments?post=1633"}],"version-history":[{"count":23,"href":"https:\/\/estlander.fi\/sv\/wp-json\/wp\/v2\/pages\/1633\/revisions"}],"predecessor-version":[{"id":2472,"href":"https:\/\/estlander.fi\/sv\/wp-json\/wp\/v2\/pages\/1633\/revisions\/2472"}],"up":[{"embeddable":true,"href":"https:\/\/estlander.fi\/sv\/wp-json\/wp\/v2\/pages\/1239"}],"wp:attachment":[{"href":"https:\/\/estlander.fi\/sv\/wp-json\/wp\/v2\/media?parent=1633"}],"curies":[{"name":"wp","href":"https:\/\/api.w.org\/{rel}","templated":true}]}}