{"id":1653,"date":"2024-09-30T11:39:31","date_gmt":"2024-09-30T09:39:31","guid":{"rendered":"https:\/\/estlander.fi\/?page_id=1653"},"modified":"2024-10-09T09:28:03","modified_gmt":"2024-10-09T07:28:03","slug":"muuttoilmoitus","status":"publish","type":"page","link":"https:\/\/estlander.fi\/sv\/lomakkeet-ja-hakemukset\/muuttoilmoitus\/","title":{"rendered":"Flyttanm\u00e4lan"},"content":{"rendered":"<div data-elementor-type=\"wp-page\" data-elementor-id=\"1653\" class=\"elementor elementor-1653\" data-elementor-post-type=\"page\">\n\t\t\t\t<div class=\"elementor-element elementor-element-3a878052 e-flex e-con-boxed e-con e-parent\" data-id=\"3a878052\" data-element_type=\"container\" data-settings=\"{&quot;background_background&quot;:&quot;gradient&quot;}\">\n\t\t\t\t\t<div class=\"e-con-inner\">\n\t\t<div class=\"elementor-element elementor-element-5c2dae89 e-flex e-con-boxed e-con e-child\" data-id=\"5c2dae89\" data-element_type=\"container\">\n\t\t\t\t\t<div class=\"e-con-inner\">\n\t\t\t\t\t<\/div>\n\t\t\t\t<\/div>\n\t\t<div class=\"elementor-element elementor-element-23a375f8 e-flex e-con-boxed e-con e-child\" data-id=\"23a375f8\" data-element_type=\"container\">\n\t\t\t\t\t<div class=\"e-con-inner\">\n\t\t<div class=\"elementor-element elementor-element-6fd458b9 e-con-full e-flex e-con e-child\" data-id=\"6fd458b9\" data-element_type=\"container\" data-settings=\"{&quot;background_background&quot;:&quot;classic&quot;}\">\n\t\t\t\t<div class=\"elementor-element elementor-element-332558a5 elementor-hidden-mobile elementor-widget elementor-widget-spacer\" data-id=\"332558a5\" data-element_type=\"widget\" data-widget_type=\"spacer.default\">\n\t\t\t\t<div class=\"elementor-widget-container\">\n\t\t\t\t\t\t\t<div class=\"elementor-spacer\">\n\t\t\t<div class=\"elementor-spacer-inner\"><\/div>\n\t\t<\/div>\n\t\t\t\t\t\t<\/div>\n\t\t\t\t<\/div>\n\t\t\t\t<div class=\"elementor-element elementor-element-37563397 elementor-widget elementor-widget-wpforms\" data-id=\"37563397\" data-element_type=\"widget\" data-widget_type=\"wpforms.default\">\n\t\t\t\t<div class=\"elementor-widget-container\">\n\t\t\t\t\t<style id=\"wpforms-css-vars-elementor-widget-37563397\">\n\t\t\t\t.elementor-widget-wpforms.elementor-element-37563397 {\n\t\t\t\t--wpforms-button-background-color: #ECCDA5;\n--wpforms-button-text-color: #000000;\n--wpforms-button-size-font-size: 20px;\n--wpforms-button-size-height: 48px;\n--wpforms-button-size-padding-h: 20px;\n--wpforms-button-size-margin-top: 15px;\n\n\t\t\t}\n\t\t\t<\/style><div class=\"wpforms-container wpforms-container-full contact-forms wpforms-render-modern\" id=\"wpforms-1656\"><form id=\"wpforms-form-1656\" class=\"wpforms-validate wpforms-form wpforms-ajax-form\" data-formid=\"1656\" method=\"post\" enctype=\"multipart\/form-data\" action=\"\/sv\/wp-json\/wp\/v2\/pages\/1653\" data-token=\"c9150c33480137d08cd6c6e9d4edd477\" data-token-time=\"1778665300\" data-trp-original-action=\"\/sv\/wp-json\/wp\/v2\/pages\/1653\"><noscript class=\"wpforms-error-noscript\">Aktivera JavaScript i din webbl\u00e4sare f\u00f6r att fylla i formul\u00e4ret.<\/noscript><div id=\"wpforms-error-noscript\" style=\"display: none;\">Aktivera JavaScript i din webbl\u00e4sare f\u00f6r att fylla i formul\u00e4ret.<\/div><div class=\"wpforms-field-container\">\t\t<div id=\"wpforms-1656-field_1-container\"\n\t\t\tclass=\"wpforms-field wpforms-field-text\"\n\t\t\tdata-field-type=\"text\"\n\t\t\tdata-field-id=\"1\"\n\t\t\t>\n\t\t\t<label class=\"wpforms-field-label\" for=\"wpforms-1656-field_1\" >Muuttajien syntym\u00e4ajat nimet<\/label>\n\t\t\t<input type=\"text\" id=\"wpforms-1656-field_1\" class=\"wpforms-field-medium\" name=\"wpforms[fields][1]\" >\n\t\t<\/div>\n\t\t<div id=\"wpforms-1656-field_22-container\" class=\"wpforms-field wpforms-field-layout\" data-field-id=\"22\"><div class=\"wpforms-field-layout-rows wpforms-field-large\"><div class=\"wpforms-layout-row\"><div class=\"wpforms-layout-column wpforms-layout-column-100\"><div id=\"wpforms-1656-field_35-container\" class=\"wpforms-field wpforms-field-content\" data-field-id=\"35\"><div id=\"wpforms-1656-field_35\" class=\"wpforms-field-large wpforms-field-row\" aria-errormessage=\"wpforms-1656-field_35-error\"><p>Muuttoilmoitus l\u00e4hetet\u00e4\u00e4n talonmiehelle tai huoltoyhti\u00f6lle. Voitte tehd\u00e4 ilmoituksen my\u00f6s alla olevalla lomakkeella.<\/p>\n<div class=\"wpforms-field-content-display-frontend-clear\"><\/div><\/div><\/div><\/div><\/div><div class=\"wpforms-layout-row\"><div class=\"wpforms-layout-column wpforms-layout-column-100\"><div id=\"wpforms-1656-field_14-container\" class=\"wpforms-field wpforms-field-text\" data-field-id=\"14\"><label class=\"wpforms-field-label\" for=\"wpforms-1656-field_14\">Namn<\/label><input type=\"text\" id=\"wpforms-1656-field_14\" class=\"wpforms-field-large\" name=\"wpforms[fields][14]\" aria-errormessage=\"wpforms-1656-field_14-error\" ><\/div><\/div><\/div><div class=\"wpforms-layout-row\"><div class=\"wpforms-layout-column wpforms-layout-column-100\"><div id=\"wpforms-1656-field_15-container\" class=\"wpforms-field wpforms-field-text\" data-field-id=\"15\"><label class=\"wpforms-field-label\" for=\"wpforms-1656-field_15\">F\u00f6delsedatum<\/label><input type=\"text\" id=\"wpforms-1656-field_15\" class=\"wpforms-field-large\" name=\"wpforms[fields][15]\" aria-errormessage=\"wpforms-1656-field_15-error\" ><\/div><\/div><\/div><div class=\"wpforms-layout-row\"><div class=\"wpforms-layout-column wpforms-layout-column-100\"><div id=\"wpforms-1656-field_16-container\" class=\"wpforms-field wpforms-field-text\" data-field-id=\"16\"><label class=\"wpforms-field-label\" for=\"wpforms-1656-field_16\">Adress<\/label><input type=\"text\" id=\"wpforms-1656-field_16\" class=\"wpforms-field-large\" name=\"wpforms[fields][16]\" aria-errormessage=\"wpforms-1656-field_16-error\" ><\/div><\/div><\/div><div class=\"wpforms-layout-row\"><div class=\"wpforms-layout-column wpforms-layout-column-100\"><div id=\"wpforms-1656-field_17-container\" class=\"wpforms-field wpforms-field-text\" data-field-id=\"17\"><label class=\"wpforms-field-label\" for=\"wpforms-1656-field_17\">Flyttdatum<\/label><input type=\"text\" id=\"wpforms-1656-field_17\" class=\"wpforms-field-large\" name=\"wpforms[fields][17]\" aria-errormessage=\"wpforms-1656-field_17-error\" ><\/div><\/div><\/div><div class=\"wpforms-layout-row\"><div class=\"wpforms-layout-column wpforms-layout-column-100\"><div id=\"wpforms-1656-field_47-container\" class=\"wpforms-field wpforms-field-phone\" data-field-id=\"47\"><label class=\"wpforms-field-label\" for=\"wpforms-1656-field_47\">Telefonnummer <span class=\"wpforms-required-label\" aria-hidden=\"true\">*<\/span><\/label><input type=\"tel\" id=\"wpforms-1656-field_47\" class=\"wpforms-field-large wpforms-field-required wpforms-smart-phone-field\" data-rule-smart-phone-field=\"true\" name=\"wpforms[fields][47]\" aria-label=\"Telefonnummer\" aria-errormessage=\"wpforms-1656-field_47-error\" required><\/div><\/div><\/div><div class=\"wpforms-layout-row\"><div class=\"wpforms-layout-column wpforms-layout-column-100\"><div id=\"wpforms-1656-field_42-container\" class=\"wpforms-field wpforms-field-email\" data-field-id=\"42\"><label class=\"wpforms-field-label\" for=\"wpforms-1656-field_42\">E-post <span class=\"wpforms-required-label\" aria-hidden=\"true\">*<\/span><\/label><input type=\"email\" id=\"wpforms-1656-field_42\" class=\"wpforms-field-large wpforms-field-required\" name=\"wpforms[fields][42]\" spellcheck=\"false\" aria-errormessage=\"wpforms-1656-field_42-error\" required><\/div><\/div><\/div><div class=\"wpforms-layout-row\"><div class=\"wpforms-layout-column wpforms-layout-column-100\"><div id=\"wpforms-1656-field_48-container\" class=\"wpforms-field wpforms-field-checkbox\" data-field-id=\"48\"><fieldset><legend class=\"wpforms-field-label\">Orsak f\u00f6r anm\u00e4lan <span class=\"wpforms-required-label\" aria-hidden=\"true\">*<\/span><\/legend><ul id=\"wpforms-1656-field_48\" class=\"wpforms-field-required\"><li class=\"choice-1 depth-1\"><input type=\"checkbox\" id=\"wpforms-1656-field_48_1\" name=\"wpforms[fields][48][]\" value=\"Sis\u00e4\u00e4nmuutto\" aria-errormessage=\"wpforms-1656-field_48_1-error\" required><label class=\"wpforms-field-label-inline\" for=\"wpforms-1656-field_48_1\">Inflyttning<\/label><\/li><li class=\"choice-2 depth-1\"><input type=\"checkbox\" id=\"wpforms-1656-field_48_2\" name=\"wpforms[fields][48][]\" value=\"Poismuutto\" aria-errormessage=\"wpforms-1656-field_48_2-error\" required><label class=\"wpforms-field-label-inline\" for=\"wpforms-1656-field_48_2\">Utflyttning<\/label><\/li><\/ul><\/fieldset><\/div><\/div><\/div><\/div><\/div><script>\n\t\t\t\t( function() {\n\t\t\t\t\tconst style = document.createElement( 'style' );\n\t\t\t\t\tstyle.appendChild( document.createTextNode( '#wpforms-1656-field_1-container { position: absolute !important; overflow: hidden !important; display: inline !important; height: 1px !important; width: 1px !important; z-index: -1000 !important; padding: 0 !important; } #wpforms-1656-field_1-container input { visibility: hidden; } #wpforms-conversational-form-page #wpforms-1656-field_1-container label { counter-increment: none; }' ) );\n\t\t\t\t\tdocument.head.appendChild( style );\n\t\t\t\t\tdocument.currentScript?.remove();\n\t\t\t\t} )();\n\t\t\t<\/script><\/div><!-- .wpforms-field-container --><div class=\"wpforms-submit-container\" ><input type=\"hidden\" name=\"wpforms[id]\" value=\"1656\"><input type=\"hidden\" name=\"page_title\" value=\"\"><input type=\"hidden\" name=\"page_url\" value=\"https:\/\/estlander.fi\/sv\/wp-json\/wp\/v2\/pages\/1653\"><input type=\"hidden\" name=\"url_referer\" value=\"\"><button type=\"submit\" name=\"wpforms[submit]\" id=\"wpforms-submit-1656\" class=\"wpforms-submit contact-form-submit\" data-alt-text=\"L\u00e4hetet\u00e4\u00e4n...\" data-submit-text=\"L\u00e4het\u00e4\" aria-live=\"assertive\" value=\"wpforms-submit\">Skicka<\/button><img decoding=\"async\" src=\"https:\/\/estlander.fi\/wp-content\/plugins\/wpforms\/assets\/images\/submit-spin.svg\" class=\"wpforms-submit-spinner\" style=\"display: none;\" width=\"26\" height=\"26\" alt=\"Laddar\"><\/div><input type=\"hidden\" name=\"trp-form-language\" value=\"sv\"\/><\/form><\/div>  <!-- .wpforms-container -->\t\t\t\t<\/div>\n\t\t\t\t<\/div>\n\t\t\t\t<div class=\"elementor-element elementor-element-542151d5 elementor-widget elementor-widget-spacer\" data-id=\"542151d5\" data-element_type=\"widget\" data-widget_type=\"spacer.default\">\n\t\t\t\t<div class=\"elementor-widget-container\">\n\t\t\t\t\t\t\t<div class=\"elementor-spacer\">\n\t\t\t<div class=\"elementor-spacer-inner\"><\/div>\n\t\t<\/div>\n\t\t\t\t\t\t<\/div>\n\t\t\t\t<\/div>\n\t\t\t\t<\/div>\n\t\t\t\t\t<\/div>\n\t\t\t\t<\/div>\n\t\t\t\t\t<\/div>\n\t\t\t\t<\/div>\n\t\t\t\t<\/div>","protected":false},"excerpt":{"rendered":"<p>Please enable JavaScript in your browser to complete this form.Please enable JavaScript in your browser to complete this form. Muuttoilmoitus l&auml;hetet&auml;&auml;n talonmiehelle tai huoltoyhti&ouml;lle. Voitte tehd&auml; ilmoituksen my&ouml;s alla olevalla lomakkeella. Muuttajien nimetMuuttajien syntym\u00e4ajatOsoiteMuuttop\u00e4iv\u00e4PuhelinnumeroS\u00e4hk\u00f6postiosoite * Ilmoituksen syy * Sis\u00e4\u00e4nmuutto Poismuutto L\u00e4het\u00e4<\/p>","protected":false},"author":3,"featured_media":0,"parent":1239,"menu_order":0,"comment_status":"closed","ping_status":"closed","template":"","meta":{"_acf_changed":false,"footnotes":""},"class_list":["post-1653","page","type-page","status-publish","hentry"],"acf":[],"yoast_head":"<!-- This site is optimized with the Yoast SEO plugin v25.8 - https:\/\/yoast.com\/wordpress\/plugins\/seo\/ -->\n<title>Muuttoilmoitus - Estlander &amp; Co<\/title>\n<meta name=\"robots\" content=\"index, follow, max-snippet:-1, max-image-preview:large, max-video-preview:-1\" \/>\n<link rel=\"canonical\" href=\"https:\/\/estlander.fi\/sv\/lomakkeet-ja-hakemukset\/muuttoilmoitus\/\" \/>\n<meta property=\"og:locale\" content=\"sv_SE\" \/>\n<meta property=\"og:type\" content=\"article\" \/>\n<meta property=\"og:title\" content=\"Muuttoilmoitus - Estlander &amp; Co\" \/>\n<meta property=\"og:description\" content=\"Please enable JavaScript in your browser to complete this form.Please enable JavaScript in your browser to complete this form. Muuttoilmoitus l&auml;hetet&auml;&auml;n talonmiehelle tai huoltoyhti&ouml;lle. Voitte tehd&auml; ilmoituksen my&ouml;s alla olevalla lomakkeella. Muuttajien nimetMuuttajien syntym\u00e4ajatOsoiteMuuttop\u00e4iv\u00e4PuhelinnumeroS\u00e4hk\u00f6postiosoite * Ilmoituksen syy * Sis\u00e4\u00e4nmuutto Poismuutto L\u00e4het\u00e4\" \/>\n<meta property=\"og:url\" content=\"https:\/\/estlander.fi\/sv\/lomakkeet-ja-hakemukset\/muuttoilmoitus\/\" \/>\n<meta property=\"og:site_name\" content=\"Estlander &amp; Co\" \/>\n<meta property=\"article:modified_time\" content=\"2024-10-09T07:28:03+00:00\" \/>\n<meta property=\"og:image\" content=\"https:\/\/estlander.fi\/wp-content\/plugins\/wpforms\/assets\/images\/submit-spin.svg\" \/>\n<meta name=\"twitter:card\" content=\"summary_large_image\" \/>\n<script type=\"application\/ld+json\" class=\"yoast-schema-graph\">{\"@context\":\"https:\/\/schema.org\",\"@graph\":[{\"@type\":\"WebPage\",\"@id\":\"https:\/\/estlander.fi\/lomakkeet-ja-hakemukset\/muuttoilmoitus\/\",\"url\":\"https:\/\/estlander.fi\/lomakkeet-ja-hakemukset\/muuttoilmoitus\/\",\"name\":\"Muuttoilmoitus - Estlander &amp; Co\",\"isPartOf\":{\"@id\":\"https:\/\/estlander.fi\/#website\"},\"primaryImageOfPage\":{\"@id\":\"https:\/\/estlander.fi\/lomakkeet-ja-hakemukset\/muuttoilmoitus\/#primaryimage\"},\"image\":{\"@id\":\"https:\/\/estlander.fi\/lomakkeet-ja-hakemukset\/muuttoilmoitus\/#primaryimage\"},\"thumbnailUrl\":\"https:\/\/estlander.fi\/wp-content\/plugins\/wpforms\/assets\/images\/submit-spin.svg\",\"datePublished\":\"2024-09-30T09:39:31+00:00\",\"dateModified\":\"2024-10-09T07:28:03+00:00\",\"breadcrumb\":{\"@id\":\"https:\/\/estlander.fi\/lomakkeet-ja-hakemukset\/muuttoilmoitus\/#breadcrumb\"},\"inLanguage\":\"sv-SE\",\"potentialAction\":[{\"@type\":\"ReadAction\",\"target\":[\"https:\/\/estlander.fi\/lomakkeet-ja-hakemukset\/muuttoilmoitus\/\"]}]},{\"@type\":\"ImageObject\",\"inLanguage\":\"sv-SE\",\"@id\":\"https:\/\/estlander.fi\/lomakkeet-ja-hakemukset\/muuttoilmoitus\/#primaryimage\",\"url\":\"https:\/\/estlander.fi\/wp-content\/plugins\/wpforms\/assets\/images\/submit-spin.svg\",\"contentUrl\":\"https:\/\/estlander.fi\/wp-content\/plugins\/wpforms\/assets\/images\/submit-spin.svg\"},{\"@type\":\"BreadcrumbList\",\"@id\":\"https:\/\/estlander.fi\/lomakkeet-ja-hakemukset\/muuttoilmoitus\/#breadcrumb\",\"itemListElement\":[{\"@type\":\"ListItem\",\"position\":1,\"name\":\"Home\",\"item\":\"https:\/\/estlander.fi\/\"},{\"@type\":\"ListItem\",\"position\":2,\"name\":\"Lomakkeet ja hakemukset\",\"item\":\"https:\/\/estlander.fi\/lomakkeet-ja-hakemukset\/\"},{\"@type\":\"ListItem\",\"position\":3,\"name\":\"Muuttoilmoitus\"}]},{\"@type\":\"WebSite\",\"@id\":\"https:\/\/estlander.fi\/#website\",\"url\":\"https:\/\/estlander.fi\/\",\"name\":\"Estlander & Co\",\"description\":\"Yli 90 vuotta laadukasta is\u00e4nn\u00f6inti\u00e4\",\"publisher\":{\"@id\":\"https:\/\/estlander.fi\/#organization\"},\"potentialAction\":[{\"@type\":\"SearchAction\",\"target\":{\"@type\":\"EntryPoint\",\"urlTemplate\":\"https:\/\/estlander.fi\/?s={search_term_string}\"},\"query-input\":{\"@type\":\"PropertyValueSpecification\",\"valueRequired\":true,\"valueName\":\"search_term_string\"}}],\"inLanguage\":\"sv-SE\"},{\"@type\":\"Organization\",\"@id\":\"https:\/\/estlander.fi\/#organization\",\"name\":\"Estlander & Co\",\"url\":\"https:\/\/estlander.fi\/\",\"logo\":{\"@type\":\"ImageObject\",\"inLanguage\":\"sv-SE\",\"@id\":\"https:\/\/estlander.fi\/#\/schema\/logo\/image\/\",\"url\":\"https:\/\/estlander.fi\/wp-content\/uploads\/2023\/12\/logo.png\",\"contentUrl\":\"https:\/\/estlander.fi\/wp-content\/uploads\/2023\/12\/logo.png\",\"width\":800,\"height\":144,\"caption\":\"Estlander & Co\"},\"image\":{\"@id\":\"https:\/\/estlander.fi\/#\/schema\/logo\/image\/\"}}]}<\/script>\n<!-- \/ Yoast SEO plugin. -->","yoast_head_json":{"title":"Muuttoilmoitus - Estlander &amp; Co","robots":{"index":"index","follow":"follow","max-snippet":"max-snippet:-1","max-image-preview":"max-image-preview:large","max-video-preview":"max-video-preview:-1"},"canonical":"https:\/\/estlander.fi\/sv\/lomakkeet-ja-hakemukset\/muuttoilmoitus\/","og_locale":"sv_SE","og_type":"article","og_title":"Muuttoilmoitus - Estlander &amp; Co","og_description":"Please enable JavaScript in your browser to complete this form.Please enable JavaScript in your browser to complete this form. Muuttoilmoitus l&auml;hetet&auml;&auml;n talonmiehelle tai huoltoyhti&ouml;lle. Voitte tehd&auml; ilmoituksen my&ouml;s alla olevalla lomakkeella. Muuttajien nimetMuuttajien syntym\u00e4ajatOsoiteMuuttop\u00e4iv\u00e4PuhelinnumeroS\u00e4hk\u00f6postiosoite * Ilmoituksen syy * Sis\u00e4\u00e4nmuutto Poismuutto L\u00e4het\u00e4","og_url":"https:\/\/estlander.fi\/sv\/lomakkeet-ja-hakemukset\/muuttoilmoitus\/","og_site_name":"Estlander &amp; Co","article_modified_time":"2024-10-09T07:28:03+00:00","og_image":[{"url":"https:\/\/estlander.fi\/wp-content\/plugins\/wpforms\/assets\/images\/submit-spin.svg","type":"","width":"","height":""}],"twitter_card":"summary_large_image","schema":{"@context":"https:\/\/schema.org","@graph":[{"@type":"WebPage","@id":"https:\/\/estlander.fi\/lomakkeet-ja-hakemukset\/muuttoilmoitus\/","url":"https:\/\/estlander.fi\/lomakkeet-ja-hakemukset\/muuttoilmoitus\/","name":"Muuttoilmoitus - Estlander &amp; Co","isPartOf":{"@id":"https:\/\/estlander.fi\/#website"},"primaryImageOfPage":{"@id":"https:\/\/estlander.fi\/lomakkeet-ja-hakemukset\/muuttoilmoitus\/#primaryimage"},"image":{"@id":"https:\/\/estlander.fi\/lomakkeet-ja-hakemukset\/muuttoilmoitus\/#primaryimage"},"thumbnailUrl":"https:\/\/estlander.fi\/wp-content\/plugins\/wpforms\/assets\/images\/submit-spin.svg","datePublished":"2024-09-30T09:39:31+00:00","dateModified":"2024-10-09T07:28:03+00:00","breadcrumb":{"@id":"https:\/\/estlander.fi\/lomakkeet-ja-hakemukset\/muuttoilmoitus\/#breadcrumb"},"inLanguage":"sv-SE","potentialAction":[{"@type":"ReadAction","target":["https:\/\/estlander.fi\/lomakkeet-ja-hakemukset\/muuttoilmoitus\/"]}]},{"@type":"ImageObject","inLanguage":"sv-SE","@id":"https:\/\/estlander.fi\/lomakkeet-ja-hakemukset\/muuttoilmoitus\/#primaryimage","url":"https:\/\/estlander.fi\/wp-content\/plugins\/wpforms\/assets\/images\/submit-spin.svg","contentUrl":"https:\/\/estlander.fi\/wp-content\/plugins\/wpforms\/assets\/images\/submit-spin.svg"},{"@type":"BreadcrumbList","@id":"https:\/\/estlander.fi\/lomakkeet-ja-hakemukset\/muuttoilmoitus\/#breadcrumb","itemListElement":[{"@type":"ListItem","position":1,"name":"Home","item":"https:\/\/estlander.fi\/"},{"@type":"ListItem","position":2,"name":"Lomakkeet ja hakemukset","item":"https:\/\/estlander.fi\/lomakkeet-ja-hakemukset\/"},{"@type":"ListItem","position":3,"name":"Muuttoilmoitus"}]},{"@type":"WebSite","@id":"https:\/\/estlander.fi\/#website","url":"https:\/\/estlander.fi\/","name":"Estlander & Co","description":"Yli 90 vuotta laadukasta is\u00e4nn\u00f6inti\u00e4","publisher":{"@id":"https:\/\/estlander.fi\/#organization"},"potentialAction":[{"@type":"SearchAction","target":{"@type":"EntryPoint","urlTemplate":"https:\/\/estlander.fi\/?s={search_term_string}"},"query-input":{"@type":"PropertyValueSpecification","valueRequired":true,"valueName":"search_term_string"}}],"inLanguage":"sv-SE"},{"@type":"Organization","@id":"https:\/\/estlander.fi\/#organization","name":"Estlander & Co","url":"https:\/\/estlander.fi\/","logo":{"@type":"ImageObject","inLanguage":"sv-SE","@id":"https:\/\/estlander.fi\/#\/schema\/logo\/image\/","url":"https:\/\/estlander.fi\/wp-content\/uploads\/2023\/12\/logo.png","contentUrl":"https:\/\/estlander.fi\/wp-content\/uploads\/2023\/12\/logo.png","width":800,"height":144,"caption":"Estlander & Co"},"image":{"@id":"https:\/\/estlander.fi\/#\/schema\/logo\/image\/"}}]}},"_links":{"self":[{"href":"https:\/\/estlander.fi\/sv\/wp-json\/wp\/v2\/pages\/1653","targetHints":{"allow":["GET"]}}],"collection":[{"href":"https:\/\/estlander.fi\/sv\/wp-json\/wp\/v2\/pages"}],"about":[{"href":"https:\/\/estlander.fi\/sv\/wp-json\/wp\/v2\/types\/page"}],"author":[{"embeddable":true,"href":"https:\/\/estlander.fi\/sv\/wp-json\/wp\/v2\/users\/3"}],"replies":[{"embeddable":true,"href":"https:\/\/estlander.fi\/sv\/wp-json\/wp\/v2\/comments?post=1653"}],"version-history":[{"count":17,"href":"https:\/\/estlander.fi\/sv\/wp-json\/wp\/v2\/pages\/1653\/revisions"}],"predecessor-version":[{"id":2478,"href":"https:\/\/estlander.fi\/sv\/wp-json\/wp\/v2\/pages\/1653\/revisions\/2478"}],"up":[{"embeddable":true,"href":"https:\/\/estlander.fi\/sv\/wp-json\/wp\/v2\/pages\/1239"}],"wp:attachment":[{"href":"https:\/\/estlander.fi\/sv\/wp-json\/wp\/v2\/media?parent=1653"}],"curies":[{"name":"wp","href":"https:\/\/api.w.org\/{rel}","templated":true}]}}