{"id":1710,"date":"2024-10-01T08:03:14","date_gmt":"2024-10-01T06:03:14","guid":{"rendered":"https:\/\/estlander.fi\/?page_id=1710"},"modified":"2024-10-09T09:17:50","modified_gmt":"2024-10-09T07:17:50","slug":"palvelut","status":"publish","type":"page","link":"https:\/\/estlander.fi\/sv\/palvelut\/","title":{"rendered":"Tj\u00e4nster"},"content":{"rendered":"<div data-elementor-type=\"wp-page\" data-elementor-id=\"1710\" class=\"elementor elementor-1710\" data-elementor-post-type=\"page\">\n\t\t\t\t<div class=\"elementor-element elementor-element-604346ef e-flex e-con-boxed e-con e-parent\" data-id=\"604346ef\" data-element_type=\"container\" data-settings=\"{&quot;background_background&quot;:&quot;gradient&quot;}\">\n\t\t\t\t\t<div class=\"e-con-inner\">\n\t\t<div class=\"elementor-element elementor-element-13a8157e e-flex e-con-boxed e-con e-child\" data-id=\"13a8157e\" data-element_type=\"container\">\n\t\t\t\t\t<div class=\"e-con-inner\">\n\t\t\t\t\t<\/div>\n\t\t\t\t<\/div>\n\t\t<div class=\"elementor-element elementor-element-4d44af85 e-con-full e-flex e-con e-child\" data-id=\"4d44af85\" data-element_type=\"container\">\n\t\t<div class=\"elementor-element elementor-element-32b32e3c e-con-full e-flex e-con e-child\" data-id=\"32b32e3c\" data-element_type=\"container\">\n\t\t\t\t<div class=\"elementor-element elementor-element-2746d14e elementor-widget__width-inherit elementor-widget elementor-widget-heading\" data-id=\"2746d14e\" data-element_type=\"widget\" data-widget_type=\"heading.default\">\n\t\t\t\t<div class=\"elementor-widget-container\">\n\t\t\t\t\t<h1 class=\"elementor-heading-title elementor-size-default\">Fastighetssk\u00f6tsel \u00e4r en del av disponentuppdraget i aff\u00e4rsfastigheter<\/h1>\t\t\t\t<\/div>\n\t\t\t\t<\/div>\n\t\t\t\t<div class=\"elementor-element elementor-element-491f9691 elementor-widget elementor-widget-text-editor\" data-id=\"491f9691\" data-element_type=\"widget\" data-widget_type=\"text-editor.default\">\n\t\t\t\t<div class=\"elementor-widget-container\">\n\t\t\t\t\t\t\t\t\t<p>Att fungera som disponent i aff\u00e4rsfastigheter har alltmer blivit en uppgift d\u00e4r man leder sk\u00f6tseln av fastigheten med ett st\u00f6rre helhetsansvar. \u00c4garens roll \u00e4r att \u00e4ga fastigheten, medan disponenten tillsammans med ett team av specialister sk\u00f6ter \u00f6vrigt arbete. Att binda ett f\u00f6retags resurser till att leda sk\u00f6tseln av fastigheten l\u00f6nar sig inte. Den snabba utvecklingen inom informationsteknologin inverkar ocks\u00e5 p\u00e5 fastighetsbranschen och p\u00e5verkar t.ex. servicen och tekniken. F\u00f6r att h\u00e4nga med i utvecklingen m\u00e5ste man vara kunnig inom m\u00e5nga olika omr\u00e5den, och informationsteknologin kommer inom en snar framtid att erbjuda fastighetsbranschen nya m\u00f6jligheter.<\/p><p>V\u00e5r byr\u00e5 har i \u00e5rtionden f\u00f6rvaltat fastigheter f\u00f6r stiftelsers och f\u00f6reningars r\u00e4kning och vi har alltid fungerat enligt aff\u00e4rsprinciper. V\u00e5r personal best\u00e5r av specialister inom flera olika branscher och den har m\u00e5ng\u00e5rig erfarenhet av b\u00e5de disponentskap och v\u00e5ra kunder. Vi har ett brett n\u00e4tverk av samarbetspartners som t\u00e4cker alla delomr\u00e5den - n\u00e5got som sk\u00f6tseln och ledandet av fastigheter kr\u00e4ver.<\/p>\t\t\t\t\t\t\t\t<\/div>\n\t\t\t\t<\/div>\n\t\t\t\t<div class=\"elementor-element elementor-element-1e3633df elementor-widget__width-inherit elementor-widget elementor-widget-heading\" data-id=\"1e3633df\" data-element_type=\"widget\" data-widget_type=\"heading.default\">\n\t\t\t\t<div class=\"elementor-widget-container\">\n\t\t\t\t\t<h1 class=\"elementor-heading-title elementor-size-default\">I en stiftelse\u00e4gd fastighet str\u00e4cker sig ansvaret fr\u00e5n hyresg\u00e4sten till \u00e4garen<\/h1>\t\t\t\t<\/div>\n\t\t\t\t<\/div>\n\t\t\t\t<div class=\"elementor-element elementor-element-35289a90 elementor-widget elementor-widget-text-editor\" data-id=\"35289a90\" data-element_type=\"widget\" data-widget_type=\"text-editor.default\">\n\t\t\t\t<div class=\"elementor-widget-container\">\n\t\t\t\t\t\t\t\t\t<p>En tredjedel av de fastigheter Estlander sk\u00f6ter \u00e4gs av stiftelser eller f\u00f6reningar och dessa \u00e4r hyresl\u00e4genheter eller -fastigheter. D\u00e5 stiftelser f\u00f6r det mesta har ett ideellt inneh\u00e5ll n\u00e4r det g\u00e4ller \u00e4gande och anv\u00e4ndning, har fastigheten \u00e4nd\u00e5 ett inkomstm\u00e5l och f\u00f6r detta ansvarar disponenten.<\/p><p>Fastigheter kr\u00e4ver \u00e4ven l\u00e5ngsiktiga reparations- och underh\u00e5llsprogram, som p\u00e5 l\u00e5ng sikt leder till inbesparingar f\u00f6r fastighets\u00e4garen. En bra g\u00e5rdskarl \u00e4r guld v\u00e4rd. I ca. en tredjedel av v\u00e5ra fastigheter har vi g\u00e5rdskarl.<\/p>\t\t\t\t\t\t\t\t<\/div>\n\t\t\t\t<\/div>\n\t\t\t\t<\/div>\n\t\t<div class=\"elementor-element elementor-element-74657804 e-con-full e-flex e-con e-child\" data-id=\"74657804\" data-element_type=\"container\">\n\t\t\t\t<div class=\"elementor-element elementor-element-03508a5 elementor-widget elementor-widget-image\" data-id=\"03508a5\" data-element_type=\"widget\" data-widget_type=\"image.default\">\n\t\t\t\t<div class=\"elementor-widget-container\">\n\t\t\t\t\t\t\t\t\t\t\t\t\t\t\t<img fetchpriority=\"high\" decoding=\"async\" width=\"800\" height=\"534\" src=\"https:\/\/estlander.fi\/wp-content\/uploads\/2024\/10\/palvelut-1024x683.jpg\" class=\"attachment-large size-large wp-image-1713\" alt=\"\" srcset=\"https:\/\/estlander.fi\/wp-content\/uploads\/2024\/10\/palvelut-1024x683.jpg 1024w, https:\/\/estlander.fi\/wp-content\/uploads\/2024\/10\/palvelut-300x200.jpg 300w, https:\/\/estlander.fi\/wp-content\/uploads\/2024\/10\/palvelut-768x512.jpg 768w, https:\/\/estlander.fi\/wp-content\/uploads\/2024\/10\/palvelut-1536x1024.jpg 1536w, https:\/\/estlander.fi\/wp-content\/uploads\/2024\/10\/palvelut.jpg 1620w\" sizes=\"(max-width: 800px) 100vw, 800px\" \/>\t\t\t\t\t\t\t\t\t\t\t\t\t\t\t<\/div>\n\t\t\t\t<\/div>\n\t\t\t\t<\/div>\n\t\t\t\t<\/div>\n\t\t\t\t\t<\/div>\n\t\t\t\t<\/div>\n\t\t\t\t<\/div>","protected":false},"excerpt":{"rendered":"<p>Kiinteist\u00f6omaisuuden hoidon johtaminen osaksi liikekiinteist\u00f6jen is\u00e4nn\u00f6inti\u00e4 Liikekiinteist\u00f6jen is\u00e4nn\u00f6inti on kehittynyt yh\u00e4 enemm\u00e4n kiinteist\u00f6johtamisen suuntaan: omistaja omistaa ja is\u00e4nn\u00f6itsij\u00e4 asiantuntijoineen hoitaa kaiken muun. Yritysten omien resurssien sitominen kiinteist\u00f6johtamiseen ei ole kannattavaa. Is\u00e4nn\u00f6intialaankin vaikuttava tietotekniikan kehittymisen mukana mm huolto- ja tekniikkapuoli el\u00e4v\u00e4t murrosta. Kehityksess\u00e4 mukana oleminen vaatii is\u00e4nn\u00f6innilt\u00e4 usean eri alan asiantuntemusta. Uusimpana alana on jatkuvasti kehittyv\u00e4 [&hellip;]<\/p>","protected":false},"author":3,"featured_media":0,"parent":0,"menu_order":0,"comment_status":"closed","ping_status":"closed","template":"","meta":{"_acf_changed":false,"footnotes":""},"class_list":["post-1710","page","type-page","status-publish","hentry"],"acf":[],"yoast_head":"<!-- This site is optimized with the Yoast SEO plugin v25.8 - https:\/\/yoast.com\/wordpress\/plugins\/seo\/ -->\n<title>Palvelut - Estlander &amp; Co<\/title>\n<meta name=\"robots\" content=\"index, follow, max-snippet:-1, max-image-preview:large, max-video-preview:-1\" \/>\n<link rel=\"canonical\" href=\"https:\/\/estlander.fi\/sv\/palvelut\/\" \/>\n<meta property=\"og:locale\" content=\"sv_SE\" \/>\n<meta property=\"og:type\" content=\"article\" \/>\n<meta property=\"og:title\" content=\"Palvelut - Estlander &amp; Co\" \/>\n<meta property=\"og:description\" content=\"Kiinteist\u00f6omaisuuden hoidon johtaminen osaksi liikekiinteist\u00f6jen is\u00e4nn\u00f6inti\u00e4 Liikekiinteist\u00f6jen is\u00e4nn\u00f6inti on kehittynyt yh\u00e4 enemm\u00e4n kiinteist\u00f6johtamisen suuntaan: omistaja omistaa ja is\u00e4nn\u00f6itsij\u00e4 asiantuntijoineen hoitaa kaiken muun. Yritysten omien resurssien sitominen kiinteist\u00f6johtamiseen ei ole kannattavaa. Is\u00e4nn\u00f6intialaankin vaikuttava tietotekniikan kehittymisen mukana mm huolto- ja tekniikkapuoli el\u00e4v\u00e4t murrosta. Kehityksess\u00e4 mukana oleminen vaatii is\u00e4nn\u00f6innilt\u00e4 usean eri alan asiantuntemusta. Uusimpana alana on jatkuvasti kehittyv\u00e4 [&hellip;]\" \/>\n<meta property=\"og:url\" content=\"https:\/\/estlander.fi\/sv\/palvelut\/\" \/>\n<meta property=\"og:site_name\" content=\"Estlander &amp; Co\" \/>\n<meta property=\"article:modified_time\" content=\"2024-10-09T07:17:50+00:00\" \/>\n<meta property=\"og:image\" content=\"https:\/\/estlander.fi\/wp-content\/uploads\/2024\/10\/palvelut.jpg\" \/>\n\t<meta property=\"og:image:width\" content=\"1620\" \/>\n\t<meta property=\"og:image:height\" content=\"1080\" \/>\n\t<meta property=\"og:image:type\" content=\"image\/jpeg\" \/>\n<meta name=\"twitter:card\" content=\"summary_large_image\" \/>\n<script type=\"application\/ld+json\" class=\"yoast-schema-graph\">{\"@context\":\"https:\/\/schema.org\",\"@graph\":[{\"@type\":\"WebPage\",\"@id\":\"https:\/\/estlander.fi\/palvelut\/\",\"url\":\"https:\/\/estlander.fi\/palvelut\/\",\"name\":\"Palvelut - Estlander &amp; Co\",\"isPartOf\":{\"@id\":\"https:\/\/estlander.fi\/#website\"},\"primaryImageOfPage\":{\"@id\":\"https:\/\/estlander.fi\/palvelut\/#primaryimage\"},\"image\":{\"@id\":\"https:\/\/estlander.fi\/palvelut\/#primaryimage\"},\"thumbnailUrl\":\"https:\/\/estlander.fi\/wp-content\/uploads\/2024\/10\/palvelut-1024x683.jpg\",\"datePublished\":\"2024-10-01T06:03:14+00:00\",\"dateModified\":\"2024-10-09T07:17:50+00:00\",\"breadcrumb\":{\"@id\":\"https:\/\/estlander.fi\/palvelut\/#breadcrumb\"},\"inLanguage\":\"sv-SE\",\"potentialAction\":[{\"@type\":\"ReadAction\",\"target\":[\"https:\/\/estlander.fi\/palvelut\/\"]}]},{\"@type\":\"ImageObject\",\"inLanguage\":\"sv-SE\",\"@id\":\"https:\/\/estlander.fi\/palvelut\/#primaryimage\",\"url\":\"https:\/\/estlander.fi\/wp-content\/uploads\/2024\/10\/palvelut-1024x683.jpg\",\"contentUrl\":\"https:\/\/estlander.fi\/wp-content\/uploads\/2024\/10\/palvelut-1024x683.jpg\"},{\"@type\":\"BreadcrumbList\",\"@id\":\"https:\/\/estlander.fi\/palvelut\/#breadcrumb\",\"itemListElement\":[{\"@type\":\"ListItem\",\"position\":1,\"name\":\"Home\",\"item\":\"https:\/\/estlander.fi\/\"},{\"@type\":\"ListItem\",\"position\":2,\"name\":\"Palvelut\"}]},{\"@type\":\"WebSite\",\"@id\":\"https:\/\/estlander.fi\/#website\",\"url\":\"https:\/\/estlander.fi\/\",\"name\":\"Estlander & Co\",\"description\":\"Yli 90 vuotta laadukasta is\u00e4nn\u00f6inti\u00e4\",\"publisher\":{\"@id\":\"https:\/\/estlander.fi\/#organization\"},\"potentialAction\":[{\"@type\":\"SearchAction\",\"target\":{\"@type\":\"EntryPoint\",\"urlTemplate\":\"https:\/\/estlander.fi\/?s={search_term_string}\"},\"query-input\":{\"@type\":\"PropertyValueSpecification\",\"valueRequired\":true,\"valueName\":\"search_term_string\"}}],\"inLanguage\":\"sv-SE\"},{\"@type\":\"Organization\",\"@id\":\"https:\/\/estlander.fi\/#organization\",\"name\":\"Estlander & Co\",\"url\":\"https:\/\/estlander.fi\/\",\"logo\":{\"@type\":\"ImageObject\",\"inLanguage\":\"sv-SE\",\"@id\":\"https:\/\/estlander.fi\/#\/schema\/logo\/image\/\",\"url\":\"https:\/\/estlander.fi\/wp-content\/uploads\/2023\/12\/logo.png\",\"contentUrl\":\"https:\/\/estlander.fi\/wp-content\/uploads\/2023\/12\/logo.png\",\"width\":800,\"height\":144,\"caption\":\"Estlander & Co\"},\"image\":{\"@id\":\"https:\/\/estlander.fi\/#\/schema\/logo\/image\/\"}}]}<\/script>\n<!-- \/ Yoast SEO plugin. -->","yoast_head_json":{"title":"Palvelut - Estlander &amp; Co","robots":{"index":"index","follow":"follow","max-snippet":"max-snippet:-1","max-image-preview":"max-image-preview:large","max-video-preview":"max-video-preview:-1"},"canonical":"https:\/\/estlander.fi\/sv\/palvelut\/","og_locale":"sv_SE","og_type":"article","og_title":"Palvelut - Estlander &amp; Co","og_description":"Kiinteist\u00f6omaisuuden hoidon johtaminen osaksi liikekiinteist\u00f6jen is\u00e4nn\u00f6inti\u00e4 Liikekiinteist\u00f6jen is\u00e4nn\u00f6inti on kehittynyt yh\u00e4 enemm\u00e4n kiinteist\u00f6johtamisen suuntaan: omistaja omistaa ja is\u00e4nn\u00f6itsij\u00e4 asiantuntijoineen hoitaa kaiken muun. Yritysten omien resurssien sitominen kiinteist\u00f6johtamiseen ei ole kannattavaa. Is\u00e4nn\u00f6intialaankin vaikuttava tietotekniikan kehittymisen mukana mm huolto- ja tekniikkapuoli el\u00e4v\u00e4t murrosta. Kehityksess\u00e4 mukana oleminen vaatii is\u00e4nn\u00f6innilt\u00e4 usean eri alan asiantuntemusta. Uusimpana alana on jatkuvasti kehittyv\u00e4 [&hellip;]","og_url":"https:\/\/estlander.fi\/sv\/palvelut\/","og_site_name":"Estlander &amp; Co","article_modified_time":"2024-10-09T07:17:50+00:00","og_image":[{"width":1620,"height":1080,"url":"https:\/\/estlander.fi\/wp-content\/uploads\/2024\/10\/palvelut.jpg","type":"image\/jpeg"}],"twitter_card":"summary_large_image","schema":{"@context":"https:\/\/schema.org","@graph":[{"@type":"WebPage","@id":"https:\/\/estlander.fi\/palvelut\/","url":"https:\/\/estlander.fi\/palvelut\/","name":"Palvelut - Estlander &amp; Co","isPartOf":{"@id":"https:\/\/estlander.fi\/#website"},"primaryImageOfPage":{"@id":"https:\/\/estlander.fi\/palvelut\/#primaryimage"},"image":{"@id":"https:\/\/estlander.fi\/palvelut\/#primaryimage"},"thumbnailUrl":"https:\/\/estlander.fi\/wp-content\/uploads\/2024\/10\/palvelut-1024x683.jpg","datePublished":"2024-10-01T06:03:14+00:00","dateModified":"2024-10-09T07:17:50+00:00","breadcrumb":{"@id":"https:\/\/estlander.fi\/palvelut\/#breadcrumb"},"inLanguage":"sv-SE","potentialAction":[{"@type":"ReadAction","target":["https:\/\/estlander.fi\/palvelut\/"]}]},{"@type":"ImageObject","inLanguage":"sv-SE","@id":"https:\/\/estlander.fi\/palvelut\/#primaryimage","url":"https:\/\/estlander.fi\/wp-content\/uploads\/2024\/10\/palvelut-1024x683.jpg","contentUrl":"https:\/\/estlander.fi\/wp-content\/uploads\/2024\/10\/palvelut-1024x683.jpg"},{"@type":"BreadcrumbList","@id":"https:\/\/estlander.fi\/palvelut\/#breadcrumb","itemListElement":[{"@type":"ListItem","position":1,"name":"Home","item":"https:\/\/estlander.fi\/"},{"@type":"ListItem","position":2,"name":"Palvelut"}]},{"@type":"WebSite","@id":"https:\/\/estlander.fi\/#website","url":"https:\/\/estlander.fi\/","name":"Estlander & Co","description":"Yli 90 vuotta laadukasta is\u00e4nn\u00f6inti\u00e4","publisher":{"@id":"https:\/\/estlander.fi\/#organization"},"potentialAction":[{"@type":"SearchAction","target":{"@type":"EntryPoint","urlTemplate":"https:\/\/estlander.fi\/?s={search_term_string}"},"query-input":{"@type":"PropertyValueSpecification","valueRequired":true,"valueName":"search_term_string"}}],"inLanguage":"sv-SE"},{"@type":"Organization","@id":"https:\/\/estlander.fi\/#organization","name":"Estlander & Co","url":"https:\/\/estlander.fi\/","logo":{"@type":"ImageObject","inLanguage":"sv-SE","@id":"https:\/\/estlander.fi\/#\/schema\/logo\/image\/","url":"https:\/\/estlander.fi\/wp-content\/uploads\/2023\/12\/logo.png","contentUrl":"https:\/\/estlander.fi\/wp-content\/uploads\/2023\/12\/logo.png","width":800,"height":144,"caption":"Estlander & Co"},"image":{"@id":"https:\/\/estlander.fi\/#\/schema\/logo\/image\/"}}]}},"_links":{"self":[{"href":"https:\/\/estlander.fi\/sv\/wp-json\/wp\/v2\/pages\/1710","targetHints":{"allow":["GET"]}}],"collection":[{"href":"https:\/\/estlander.fi\/sv\/wp-json\/wp\/v2\/pages"}],"about":[{"href":"https:\/\/estlander.fi\/sv\/wp-json\/wp\/v2\/types\/page"}],"author":[{"embeddable":true,"href":"https:\/\/estlander.fi\/sv\/wp-json\/wp\/v2\/users\/3"}],"replies":[{"embeddable":true,"href":"https:\/\/estlander.fi\/sv\/wp-json\/wp\/v2\/comments?post=1710"}],"version-history":[{"count":26,"href":"https:\/\/estlander.fi\/sv\/wp-json\/wp\/v2\/pages\/1710\/revisions"}],"predecessor-version":[{"id":2433,"href":"https:\/\/estlander.fi\/sv\/wp-json\/wp\/v2\/pages\/1710\/revisions\/2433"}],"wp:attachment":[{"href":"https:\/\/estlander.fi\/sv\/wp-json\/wp\/v2\/media?parent=1710"}],"curies":[{"name":"wp","href":"https:\/\/api.w.org\/{rel}","templated":true}]}}