{"id":1729,"date":"2024-10-01T08:12:30","date_gmt":"2024-10-01T06:12:30","guid":{"rendered":"https:\/\/estlander.fi\/?page_id=1729"},"modified":"2024-10-08T12:07:38","modified_gmt":"2024-10-08T10:07:38","slug":"pyyda-tarjous","status":"publish","type":"page","link":"https:\/\/estlander.fi\/sv\/pyyda-tarjous\/","title":{"rendered":"Offertf\u00f6rfr\u00e5gan"},"content":{"rendered":"<div data-elementor-type=\"wp-page\" data-elementor-id=\"1729\" class=\"elementor elementor-1729\" data-elementor-post-type=\"page\">\n\t\t\t\t<div class=\"elementor-element elementor-element-4dc12090 e-flex e-con-boxed e-con e-parent\" data-id=\"4dc12090\" data-element_type=\"container\" data-settings=\"{&quot;background_background&quot;:&quot;gradient&quot;}\">\n\t\t\t\t\t<div class=\"e-con-inner\">\n\t\t<div class=\"elementor-element elementor-element-5d06b492 e-flex e-con-boxed e-con e-child\" data-id=\"5d06b492\" data-element_type=\"container\">\n\t\t\t\t\t<div class=\"e-con-inner\">\n\t\t\t\t\t<\/div>\n\t\t\t\t<\/div>\n\t\t<div class=\"elementor-element elementor-element-6bc18cf7 e-flex e-con-boxed e-con e-child\" data-id=\"6bc18cf7\" data-element_type=\"container\">\n\t\t\t\t\t<div class=\"e-con-inner\">\n\t\t<div class=\"elementor-element elementor-element-594aea0b e-con-full e-flex e-con e-child\" data-id=\"594aea0b\" data-element_type=\"container\" data-settings=\"{&quot;background_background&quot;:&quot;classic&quot;}\">\n\t\t\t\t<div class=\"elementor-element elementor-element-6b65ad64 elementor-widget elementor-widget-spacer\" data-id=\"6b65ad64\" data-element_type=\"widget\" data-widget_type=\"spacer.default\">\n\t\t\t\t<div class=\"elementor-widget-container\">\n\t\t\t\t\t\t\t<div class=\"elementor-spacer\">\n\t\t\t<div class=\"elementor-spacer-inner\"><\/div>\n\t\t<\/div>\n\t\t\t\t\t\t<\/div>\n\t\t\t\t<\/div>\n\t\t\t\t<div class=\"elementor-element elementor-element-685db916 elementor-widget elementor-widget-wpforms\" data-id=\"685db916\" data-element_type=\"widget\" data-widget_type=\"wpforms.default\">\n\t\t\t\t<div class=\"elementor-widget-container\">\n\t\t\t\t\t<style id=\"wpforms-css-vars-elementor-widget-685db916\">\n\t\t\t\t.elementor-widget-wpforms.elementor-element-685db916 {\n\t\t\t\t--wpforms-button-background-color: #ECCDA5;\n--wpforms-button-text-color: #000000;\n--wpforms-button-size-font-size: 20px;\n--wpforms-button-size-height: 48px;\n--wpforms-button-size-padding-h: 20px;\n--wpforms-button-size-margin-top: 15px;\n\n\t\t\t}\n\t\t\t<\/style><div class=\"wpforms-container wpforms-container-full contact-forms wpforms-render-modern\" id=\"wpforms-1724\"><form id=\"wpforms-form-1724\" class=\"wpforms-validate wpforms-form wpforms-ajax-form\" data-formid=\"1724\" method=\"post\" enctype=\"multipart\/form-data\" action=\"\/sv\/wp-json\/wp\/v2\/pages\/1729\" data-token=\"9d8f7ffc68dca49ea6b7f3dbba1ac523\" data-token-time=\"1775624452\" data-trp-original-action=\"\/sv\/wp-json\/wp\/v2\/pages\/1729\"><noscript class=\"wpforms-error-noscript\">Aktivera JavaScript i din webbl\u00e4sare f\u00f6r att fylla i formul\u00e4ret.<\/noscript><div id=\"wpforms-error-noscript\" style=\"display: none;\">Aktivera JavaScript i din webbl\u00e4sare f\u00f6r att fylla i formul\u00e4ret.<\/div><div class=\"wpforms-field-container\">\t\t<div id=\"wpforms-1724-field_1-container\"\n\t\t\tclass=\"wpforms-field wpforms-field-text\"\n\t\t\tdata-field-type=\"text\"\n\t\t\tdata-field-id=\"1\"\n\t\t\t>\n\t\t\t<label class=\"wpforms-field-label\" for=\"wpforms-1724-field_1\" >postitoimipaikka Liikehuoneistojen lukum\u00e4\u00e4r\u00e4<\/label>\n\t\t\t<input type=\"text\" id=\"wpforms-1724-field_1\" class=\"wpforms-field-medium\" name=\"wpforms[fields][1]\" >\n\t\t<\/div>\n\t\t<div id=\"wpforms-1724-field_22-container\" class=\"wpforms-field wpforms-field-layout\" data-field-id=\"22\"><div class=\"wpforms-field-layout-rows wpforms-field-large\"><div class=\"wpforms-layout-row\"><div class=\"wpforms-layout-column wpforms-layout-column-50\"><div id=\"wpforms-1724-field_14-container\" class=\"wpforms-field wpforms-field-text\" data-field-id=\"14\"><label class=\"wpforms-field-label\" for=\"wpforms-1724-field_14\">Bolagets namn <span class=\"wpforms-required-label\" aria-hidden=\"true\">*<\/span><\/label><input type=\"text\" id=\"wpforms-1724-field_14\" class=\"wpforms-field-large wpforms-field-required\" name=\"wpforms[fields][14]\" aria-errormessage=\"wpforms-1724-field_14-error\" required><\/div><\/div><div class=\"wpforms-layout-column wpforms-layout-column-50\"><div id=\"wpforms-1724-field_15-container\" class=\"wpforms-field wpforms-field-text\" data-field-id=\"15\"><label class=\"wpforms-field-label\" for=\"wpforms-1724-field_15\">Adress<\/label><input type=\"text\" id=\"wpforms-1724-field_15\" class=\"wpforms-field-large\" name=\"wpforms[fields][15]\" aria-errormessage=\"wpforms-1724-field_15-error\" ><\/div><\/div><\/div><div class=\"wpforms-layout-row\"><div class=\"wpforms-layout-column wpforms-layout-column-50\"><div id=\"wpforms-1724-field_16-container\" class=\"wpforms-field wpforms-field-text\" data-field-id=\"16\"><label class=\"wpforms-field-label\" for=\"wpforms-1724-field_16\">Postnummer och postanstalt<\/label><input type=\"text\" id=\"wpforms-1724-field_16\" class=\"wpforms-field-large\" name=\"wpforms[fields][16]\" aria-errormessage=\"wpforms-1724-field_16-error\" ><\/div><\/div><div class=\"wpforms-layout-column wpforms-layout-column-50\"><div id=\"wpforms-1724-field_58-container\" class=\"wpforms-field wpforms-field-date-time\" data-field-id=\"58\"><label class=\"wpforms-field-label\" for=\"wpforms-1724-field_58\">Offert skall ges senast<\/label><div class=\"wpforms-datepicker-wrap\"><input type=\"text\" id=\"wpforms-1724-field_58\" class=\"wpforms-field-date-time-date wpforms-datepicker wpforms-field-medium\" data-date-format=\"d.m.Y\" data-disable-past-dates=\"1\" data-disable-todays-date=\"0\" data-input=\"true\" name=\"wpforms[fields][58][date]\" aria-errormessage=\"wpforms-1724-field_58-error\" ><a title=\"Clear Date\" data-clear role=\"button\" tabindex=\"0\" class=\"wpforms-datepicker-clear\" aria-label=\"Clear Date\" style=\"display:none;\"><\/a><\/div><\/div><\/div><\/div><div class=\"wpforms-layout-row\"><div class=\"wpforms-layout-column wpforms-layout-column-50\"><div id=\"wpforms-1724-field_49-container\" class=\"wpforms-field wpforms-field-text\" data-field-id=\"49\"><label class=\"wpforms-field-label\" for=\"wpforms-1724-field_49\">Fastighetens areal samt volym<\/label><input type=\"text\" id=\"wpforms-1724-field_49\" class=\"wpforms-field-large\" name=\"wpforms[fields][49]\" aria-errormessage=\"wpforms-1724-field_49-error\" ><\/div><\/div><div class=\"wpforms-layout-column wpforms-layout-column-50\"><div id=\"wpforms-1724-field_50-container\" class=\"wpforms-field wpforms-field-text\" data-field-id=\"50\"><label class=\"wpforms-field-label\" for=\"wpforms-1724-field_50\">Byggnads\u00e5r<\/label><input type=\"text\" id=\"wpforms-1724-field_50\" class=\"wpforms-field-large\" name=\"wpforms[fields][50]\" aria-errormessage=\"wpforms-1724-field_50-error\" ><\/div><\/div><\/div><div class=\"wpforms-layout-row\"><div class=\"wpforms-layout-column wpforms-layout-column-50\"><div id=\"wpforms-1724-field_51-container\" class=\"wpforms-field wpforms-field-text\" data-field-id=\"51\"><label class=\"wpforms-field-label\" for=\"wpforms-1724-field_51\">Antal l\u00e4genheter<\/label><input type=\"text\" id=\"wpforms-1724-field_51\" class=\"wpforms-field-large\" name=\"wpforms[fields][51]\" aria-errormessage=\"wpforms-1724-field_51-error\" ><\/div><\/div><div class=\"wpforms-layout-column wpforms-layout-column-50\"><div id=\"wpforms-1724-field_52-container\" class=\"wpforms-field wpforms-field-text\" data-field-id=\"52\"><label class=\"wpforms-field-label\" for=\"wpforms-1724-field_52\">Antal aff\u00e4rslokaler<\/label><input type=\"text\" id=\"wpforms-1724-field_52\" class=\"wpforms-field-large\" name=\"wpforms[fields][52]\" aria-errormessage=\"wpforms-1724-field_52-error\" ><\/div><\/div><\/div><div class=\"wpforms-layout-row\"><div class=\"wpforms-layout-column wpforms-layout-column-50\"><div id=\"wpforms-1724-field_42-container\" class=\"wpforms-field wpforms-field-email\" data-field-id=\"42\"><label class=\"wpforms-field-label\" for=\"wpforms-1724-field_42\">E-post <span class=\"wpforms-required-label\" aria-hidden=\"true\">*<\/span><\/label><input type=\"email\" id=\"wpforms-1724-field_42\" class=\"wpforms-field-large wpforms-field-required\" name=\"wpforms[fields][42]\" spellcheck=\"false\" aria-errormessage=\"wpforms-1724-field_42-error\" required><\/div><\/div><div class=\"wpforms-layout-column wpforms-layout-column-50\"><div id=\"wpforms-1724-field_55-container\" class=\"wpforms-field wpforms-field-phone\" data-field-id=\"55\"><label class=\"wpforms-field-label\" for=\"wpforms-1724-field_55\">Telefonnummer <span class=\"wpforms-required-label\" aria-hidden=\"true\">*<\/span><\/label><input type=\"tel\" id=\"wpforms-1724-field_55\" class=\"wpforms-field-large wpforms-field-required wpforms-smart-phone-field\" data-rule-smart-phone-field=\"true\" name=\"wpforms[fields][55]\" aria-label=\"Telefonnummer\" aria-errormessage=\"wpforms-1724-field_55-error\" required><\/div><\/div><\/div><\/div><\/div><div id=\"wpforms-1724-field_56-container\" class=\"wpforms-field wpforms-field-layout\" data-field-id=\"56\"><div class=\"wpforms-field-layout-rows wpforms-field-large\"><div class=\"wpforms-layout-row\"><div class=\"wpforms-layout-column wpforms-layout-column-100\"><div id=\"wpforms-1724-field_57-container\" class=\"wpforms-field wpforms-field-textarea\" data-field-id=\"57\"><label class=\"wpforms-field-label\" for=\"wpforms-1724-field_57\">Till\u00e4ggsinformation<\/label><textarea id=\"wpforms-1724-field_57\" class=\"wpforms-field-medium\" name=\"wpforms[fields][57]\" aria-errormessage=\"wpforms-1724-field_57-error\" ><\/textarea><\/div><\/div><\/div><\/div><\/div><script>\n\t\t\t\t( function() {\n\t\t\t\t\tconst style = document.createElement( 'style' );\n\t\t\t\t\tstyle.appendChild( document.createTextNode( '#wpforms-1724-field_1-container { position: absolute !important; overflow: hidden !important; display: inline !important; height: 1px !important; width: 1px !important; z-index: -1000 !important; padding: 0 !important; } #wpforms-1724-field_1-container input { visibility: hidden; } #wpforms-conversational-form-page #wpforms-1724-field_1-container label { counter-increment: none; }' ) );\n\t\t\t\t\tdocument.head.appendChild( style );\n\t\t\t\t\tdocument.currentScript?.remove();\n\t\t\t\t} )();\n\t\t\t<\/script><\/div><!-- .wpforms-field-container --><div class=\"wpforms-submit-container\" ><input type=\"hidden\" name=\"wpforms[id]\" value=\"1724\"><input type=\"hidden\" name=\"page_title\" value=\"\"><input type=\"hidden\" name=\"page_url\" value=\"https:\/\/estlander.fi\/sv\/wp-json\/wp\/v2\/pages\/1729\"><input type=\"hidden\" name=\"url_referer\" value=\"\"><button type=\"submit\" name=\"wpforms[submit]\" id=\"wpforms-submit-1724\" class=\"wpforms-submit contact-form-submit\" data-alt-text=\"L\u00e4hetet\u00e4\u00e4n...\" data-submit-text=\"L\u00e4het\u00e4\" aria-live=\"assertive\" value=\"wpforms-submit\">Skicka<\/button><img decoding=\"async\" src=\"https:\/\/estlander.fi\/wp-content\/plugins\/wpforms\/assets\/images\/submit-spin.svg\" class=\"wpforms-submit-spinner\" style=\"display: none;\" width=\"26\" height=\"26\" alt=\"Laddar\"><\/div><input type=\"hidden\" name=\"trp-form-language\" value=\"sv\"\/><\/form><\/div>  <!-- .wpforms-container -->\t\t\t\t<\/div>\n\t\t\t\t<\/div>\n\t\t\t\t<div class=\"elementor-element elementor-element-2aba9b26 elementor-widget elementor-widget-spacer\" data-id=\"2aba9b26\" data-element_type=\"widget\" data-widget_type=\"spacer.default\">\n\t\t\t\t<div class=\"elementor-widget-container\">\n\t\t\t\t\t\t\t<div class=\"elementor-spacer\">\n\t\t\t<div class=\"elementor-spacer-inner\"><\/div>\n\t\t<\/div>\n\t\t\t\t\t\t<\/div>\n\t\t\t\t<\/div>\n\t\t\t\t<\/div>\n\t\t\t\t\t<\/div>\n\t\t\t\t<\/div>\n\t\t\t\t\t<\/div>\n\t\t\t\t<\/div>\n\t\t\t\t<\/div>","protected":false},"excerpt":{"rendered":"<p>Please enable JavaScript in your browser to complete this form.Please enable JavaScript in your browser to complete this form.Kohteen nimi *Kohteen osoiteKohteen postinumero ja postitoimipaikkaTarjous pyydet\u00e4\u00e4n toimittamaan viimeist\u00e4\u00e4nKiinteist\u00f6n pinta-ala ja tilavuusRakennusvuosiAsuinhuoneistojen lukum\u00e4\u00e4r\u00e4Liikehuoneistojen lukum\u00e4\u00e4r\u00e4Lis\u00e4tietojaPuhelinnumeroS\u00e4hk\u00f6postiosoite * L\u00e4het\u00e4<\/p>","protected":false},"author":3,"featured_media":0,"parent":0,"menu_order":0,"comment_status":"closed","ping_status":"closed","template":"","meta":{"_acf_changed":false,"footnotes":""},"class_list":["post-1729","page","type-page","status-publish","hentry"],"acf":[],"yoast_head":"<!-- This site is optimized with the Yoast SEO plugin v25.8 - https:\/\/yoast.com\/wordpress\/plugins\/seo\/ -->\n<title>Pyyd\u00e4 tarjous - Estlander &amp; Co<\/title>\n<meta name=\"robots\" content=\"index, follow, max-snippet:-1, max-image-preview:large, max-video-preview:-1\" \/>\n<link rel=\"canonical\" href=\"https:\/\/estlander.fi\/sv\/pyyda-tarjous\/\" \/>\n<meta property=\"og:locale\" content=\"sv_SE\" \/>\n<meta property=\"og:type\" content=\"article\" \/>\n<meta property=\"og:title\" content=\"Pyyd\u00e4 tarjous - Estlander &amp; Co\" \/>\n<meta property=\"og:description\" content=\"Please enable JavaScript in your browser to complete this form.Please enable JavaScript in your browser to complete this form.Kohteen nimi *Kohteen osoiteKohteen postinumero ja postitoimipaikkaTarjous pyydet\u00e4\u00e4n toimittamaan viimeist\u00e4\u00e4nKiinteist\u00f6n pinta-ala ja tilavuusRakennusvuosiAsuinhuoneistojen lukum\u00e4\u00e4r\u00e4Liikehuoneistojen lukum\u00e4\u00e4r\u00e4Lis\u00e4tietojaPuhelinnumeroS\u00e4hk\u00f6postiosoite * L\u00e4het\u00e4\" \/>\n<meta property=\"og:url\" content=\"https:\/\/estlander.fi\/sv\/pyyda-tarjous\/\" \/>\n<meta property=\"og:site_name\" content=\"Estlander &amp; Co\" \/>\n<meta property=\"article:modified_time\" content=\"2024-10-08T10:07:38+00:00\" \/>\n<meta property=\"og:image\" content=\"https:\/\/estlander.fi\/wp-content\/plugins\/wpforms\/assets\/images\/submit-spin.svg\" \/>\n<meta name=\"twitter:card\" content=\"summary_large_image\" \/>\n<script type=\"application\/ld+json\" class=\"yoast-schema-graph\">{\"@context\":\"https:\/\/schema.org\",\"@graph\":[{\"@type\":\"WebPage\",\"@id\":\"https:\/\/estlander.fi\/pyyda-tarjous\/\",\"url\":\"https:\/\/estlander.fi\/pyyda-tarjous\/\",\"name\":\"Pyyd\u00e4 tarjous - Estlander &amp; Co\",\"isPartOf\":{\"@id\":\"https:\/\/estlander.fi\/#website\"},\"primaryImageOfPage\":{\"@id\":\"https:\/\/estlander.fi\/pyyda-tarjous\/#primaryimage\"},\"image\":{\"@id\":\"https:\/\/estlander.fi\/pyyda-tarjous\/#primaryimage\"},\"thumbnailUrl\":\"https:\/\/estlander.fi\/wp-content\/plugins\/wpforms\/assets\/images\/submit-spin.svg\",\"datePublished\":\"2024-10-01T06:12:30+00:00\",\"dateModified\":\"2024-10-08T10:07:38+00:00\",\"breadcrumb\":{\"@id\":\"https:\/\/estlander.fi\/pyyda-tarjous\/#breadcrumb\"},\"inLanguage\":\"sv-SE\",\"potentialAction\":[{\"@type\":\"ReadAction\",\"target\":[\"https:\/\/estlander.fi\/pyyda-tarjous\/\"]}]},{\"@type\":\"ImageObject\",\"inLanguage\":\"sv-SE\",\"@id\":\"https:\/\/estlander.fi\/pyyda-tarjous\/#primaryimage\",\"url\":\"https:\/\/estlander.fi\/wp-content\/plugins\/wpforms\/assets\/images\/submit-spin.svg\",\"contentUrl\":\"https:\/\/estlander.fi\/wp-content\/plugins\/wpforms\/assets\/images\/submit-spin.svg\"},{\"@type\":\"BreadcrumbList\",\"@id\":\"https:\/\/estlander.fi\/pyyda-tarjous\/#breadcrumb\",\"itemListElement\":[{\"@type\":\"ListItem\",\"position\":1,\"name\":\"Home\",\"item\":\"https:\/\/estlander.fi\/\"},{\"@type\":\"ListItem\",\"position\":2,\"name\":\"Pyyd\u00e4 tarjous\"}]},{\"@type\":\"WebSite\",\"@id\":\"https:\/\/estlander.fi\/#website\",\"url\":\"https:\/\/estlander.fi\/\",\"name\":\"Estlander & Co\",\"description\":\"Yli 90 vuotta laadukasta is\u00e4nn\u00f6inti\u00e4\",\"publisher\":{\"@id\":\"https:\/\/estlander.fi\/#organization\"},\"potentialAction\":[{\"@type\":\"SearchAction\",\"target\":{\"@type\":\"EntryPoint\",\"urlTemplate\":\"https:\/\/estlander.fi\/?s={search_term_string}\"},\"query-input\":{\"@type\":\"PropertyValueSpecification\",\"valueRequired\":true,\"valueName\":\"search_term_string\"}}],\"inLanguage\":\"sv-SE\"},{\"@type\":\"Organization\",\"@id\":\"https:\/\/estlander.fi\/#organization\",\"name\":\"Estlander & Co\",\"url\":\"https:\/\/estlander.fi\/\",\"logo\":{\"@type\":\"ImageObject\",\"inLanguage\":\"sv-SE\",\"@id\":\"https:\/\/estlander.fi\/#\/schema\/logo\/image\/\",\"url\":\"https:\/\/estlander.fi\/wp-content\/uploads\/2023\/12\/logo.png\",\"contentUrl\":\"https:\/\/estlander.fi\/wp-content\/uploads\/2023\/12\/logo.png\",\"width\":800,\"height\":144,\"caption\":\"Estlander & Co\"},\"image\":{\"@id\":\"https:\/\/estlander.fi\/#\/schema\/logo\/image\/\"}}]}<\/script>\n<!-- \/ Yoast SEO plugin. -->","yoast_head_json":{"title":"Pyyd\u00e4 tarjous - Estlander &amp; Co","robots":{"index":"index","follow":"follow","max-snippet":"max-snippet:-1","max-image-preview":"max-image-preview:large","max-video-preview":"max-video-preview:-1"},"canonical":"https:\/\/estlander.fi\/sv\/pyyda-tarjous\/","og_locale":"sv_SE","og_type":"article","og_title":"Pyyd\u00e4 tarjous - Estlander &amp; Co","og_description":"Please enable JavaScript in your browser to complete this form.Please enable JavaScript in your browser to complete this form.Kohteen nimi *Kohteen osoiteKohteen postinumero ja postitoimipaikkaTarjous pyydet\u00e4\u00e4n toimittamaan viimeist\u00e4\u00e4nKiinteist\u00f6n pinta-ala ja tilavuusRakennusvuosiAsuinhuoneistojen lukum\u00e4\u00e4r\u00e4Liikehuoneistojen lukum\u00e4\u00e4r\u00e4Lis\u00e4tietojaPuhelinnumeroS\u00e4hk\u00f6postiosoite * L\u00e4het\u00e4","og_url":"https:\/\/estlander.fi\/sv\/pyyda-tarjous\/","og_site_name":"Estlander &amp; Co","article_modified_time":"2024-10-08T10:07:38+00:00","og_image":[{"url":"https:\/\/estlander.fi\/wp-content\/plugins\/wpforms\/assets\/images\/submit-spin.svg","type":"","width":"","height":""}],"twitter_card":"summary_large_image","schema":{"@context":"https:\/\/schema.org","@graph":[{"@type":"WebPage","@id":"https:\/\/estlander.fi\/pyyda-tarjous\/","url":"https:\/\/estlander.fi\/pyyda-tarjous\/","name":"Pyyd\u00e4 tarjous - Estlander &amp; Co","isPartOf":{"@id":"https:\/\/estlander.fi\/#website"},"primaryImageOfPage":{"@id":"https:\/\/estlander.fi\/pyyda-tarjous\/#primaryimage"},"image":{"@id":"https:\/\/estlander.fi\/pyyda-tarjous\/#primaryimage"},"thumbnailUrl":"https:\/\/estlander.fi\/wp-content\/plugins\/wpforms\/assets\/images\/submit-spin.svg","datePublished":"2024-10-01T06:12:30+00:00","dateModified":"2024-10-08T10:07:38+00:00","breadcrumb":{"@id":"https:\/\/estlander.fi\/pyyda-tarjous\/#breadcrumb"},"inLanguage":"sv-SE","potentialAction":[{"@type":"ReadAction","target":["https:\/\/estlander.fi\/pyyda-tarjous\/"]}]},{"@type":"ImageObject","inLanguage":"sv-SE","@id":"https:\/\/estlander.fi\/pyyda-tarjous\/#primaryimage","url":"https:\/\/estlander.fi\/wp-content\/plugins\/wpforms\/assets\/images\/submit-spin.svg","contentUrl":"https:\/\/estlander.fi\/wp-content\/plugins\/wpforms\/assets\/images\/submit-spin.svg"},{"@type":"BreadcrumbList","@id":"https:\/\/estlander.fi\/pyyda-tarjous\/#breadcrumb","itemListElement":[{"@type":"ListItem","position":1,"name":"Home","item":"https:\/\/estlander.fi\/"},{"@type":"ListItem","position":2,"name":"Pyyd\u00e4 tarjous"}]},{"@type":"WebSite","@id":"https:\/\/estlander.fi\/#website","url":"https:\/\/estlander.fi\/","name":"Estlander & Co","description":"Yli 90 vuotta laadukasta is\u00e4nn\u00f6inti\u00e4","publisher":{"@id":"https:\/\/estlander.fi\/#organization"},"potentialAction":[{"@type":"SearchAction","target":{"@type":"EntryPoint","urlTemplate":"https:\/\/estlander.fi\/?s={search_term_string}"},"query-input":{"@type":"PropertyValueSpecification","valueRequired":true,"valueName":"search_term_string"}}],"inLanguage":"sv-SE"},{"@type":"Organization","@id":"https:\/\/estlander.fi\/#organization","name":"Estlander & Co","url":"https:\/\/estlander.fi\/","logo":{"@type":"ImageObject","inLanguage":"sv-SE","@id":"https:\/\/estlander.fi\/#\/schema\/logo\/image\/","url":"https:\/\/estlander.fi\/wp-content\/uploads\/2023\/12\/logo.png","contentUrl":"https:\/\/estlander.fi\/wp-content\/uploads\/2023\/12\/logo.png","width":800,"height":144,"caption":"Estlander & Co"},"image":{"@id":"https:\/\/estlander.fi\/#\/schema\/logo\/image\/"}}]}},"_links":{"self":[{"href":"https:\/\/estlander.fi\/sv\/wp-json\/wp\/v2\/pages\/1729","targetHints":{"allow":["GET"]}}],"collection":[{"href":"https:\/\/estlander.fi\/sv\/wp-json\/wp\/v2\/pages"}],"about":[{"href":"https:\/\/estlander.fi\/sv\/wp-json\/wp\/v2\/types\/page"}],"author":[{"embeddable":true,"href":"https:\/\/estlander.fi\/sv\/wp-json\/wp\/v2\/users\/3"}],"replies":[{"embeddable":true,"href":"https:\/\/estlander.fi\/sv\/wp-json\/wp\/v2\/comments?post=1729"}],"version-history":[{"count":11,"href":"https:\/\/estlander.fi\/sv\/wp-json\/wp\/v2\/pages\/1729\/revisions"}],"predecessor-version":[{"id":2365,"href":"https:\/\/estlander.fi\/sv\/wp-json\/wp\/v2\/pages\/1729\/revisions\/2365"}],"wp:attachment":[{"href":"https:\/\/estlander.fi\/sv\/wp-json\/wp\/v2\/media?parent=1729"}],"curies":[{"name":"wp","href":"https:\/\/api.w.org\/{rel}","templated":true}]}}