{"id":1737,"date":"2024-10-01T08:18:47","date_gmt":"2024-10-01T06:18:47","guid":{"rendered":"https:\/\/estlander.fi\/?page_id=1737"},"modified":"2024-10-08T12:10:53","modified_gmt":"2024-10-08T10:10:53","slug":"yhteystiedot","status":"publish","type":"page","link":"https:\/\/estlander.fi\/sv\/yhteystiedot\/","title":{"rendered":"Kontaktuppgifter"},"content":{"rendered":"<div data-elementor-type=\"wp-page\" data-elementor-id=\"1737\" class=\"elementor elementor-1737\" data-elementor-post-type=\"page\">\n\t\t\t\t<div class=\"elementor-element elementor-element-5e3e5f0 e-flex e-con-boxed e-con e-parent\" data-id=\"5e3e5f0\" data-element_type=\"container\" data-settings=\"{&quot;background_background&quot;:&quot;gradient&quot;}\">\n\t\t\t\t\t<div class=\"e-con-inner\">\n\t\t<div class=\"elementor-element elementor-element-72b7d014 e-flex e-con-boxed e-con e-child\" data-id=\"72b7d014\" data-element_type=\"container\">\n\t\t\t\t\t<div class=\"e-con-inner\">\n\t\t\t\t\t<\/div>\n\t\t\t\t<\/div>\n\t\t<div class=\"elementor-element elementor-element-7658f7de e-con-full e-flex e-con e-child\" data-id=\"7658f7de\" data-element_type=\"container\">\n\t\t<div class=\"elementor-element elementor-element-76856540 e-con-full e-flex e-con e-child\" data-id=\"76856540\" data-element_type=\"container\">\n\t\t\t\t<div class=\"elementor-element elementor-element-2a04590 elementor-widget elementor-widget-text-editor\" data-id=\"2a04590\" data-element_type=\"widget\" data-widget_type=\"text-editor.default\">\n\t\t\t\t<div class=\"elementor-widget-container\">\n\t\t\t\t\t\t\t\t\t<p>Oy Estlander &amp; Co. Ab<br \/>Annegatan 25, II v\u00e5n.<br \/>00100 Helsinfors<\/p><p>Vaihde: 010 837 0800<br \/>S\u00e4hk\u00f6posti: <a href=\"mailto:info@estlander.fi\">info@estlander.fi<\/a><\/p><p>FO-nummer: 0211075-6<\/p><p>\u00d6ppeth\u00e5llningstider vardagar kl. 9-16<\/p>\t\t\t\t\t\t\t\t<\/div>\n\t\t\t\t<\/div>\n\t\t\t\t<\/div>\n\t\t<div class=\"elementor-element elementor-element-36c4c853 e-con-full e-flex e-con e-child\" data-id=\"36c4c853\" data-element_type=\"container\">\n\t\t\t\t<div class=\"elementor-element elementor-element-0a7db90 elementor-widget elementor-widget-google_maps\" data-id=\"0a7db90\" data-element_type=\"widget\" data-widget_type=\"google_maps.default\">\n\t\t\t\t<div class=\"elementor-widget-container\">\n\t\t\t\t\t\t\t<div class=\"elementor-custom-embed\">\n\t\t\t<iframe loading=\"lazy\"\n\t\t\t\t\tsrc=\"https:\/\/maps.google.com\/maps?q=Oy%20Estlander%20%26%20Co.%20Ab&#038;t=m&#038;z=15&#038;output=embed&#038;iwloc=near\"\n\t\t\t\t\ttitle=\"Oy Estlander &amp; Co. Ab\"\n\t\t\t\t\taria-label=\"Oy Estlander &amp; Co. Ab\"\n\t\t\t><\/iframe>\n\t\t<\/div>\n\t\t\t\t\t\t<\/div>\n\t\t\t\t<\/div>\n\t\t\t\t<\/div>\n\t\t\t\t<\/div>\n\t\t\t\t\t<\/div>\n\t\t\t\t<\/div>\n\t\t\t\t<\/div>","protected":false},"excerpt":{"rendered":"<p>Oy Estlander &amp; Co. AbAnnankatu 25, II krs.00100 Helsinki Vaihde: 010 837 0800S\u00e4hk\u00f6posti: info@estlander.fi Y-tunnus: 0211075-6 Aukioloajat arkisin klo. 9-16<\/p>","protected":false},"author":3,"featured_media":0,"parent":0,"menu_order":0,"comment_status":"closed","ping_status":"closed","template":"","meta":{"_acf_changed":false,"footnotes":""},"class_list":["post-1737","page","type-page","status-publish","hentry"],"acf":[],"yoast_head":"<!-- This site is optimized with the Yoast SEO plugin v25.8 - https:\/\/yoast.com\/wordpress\/plugins\/seo\/ -->\n<title>Yhteystiedot - Estlander &amp; Co<\/title>\n<meta name=\"robots\" content=\"index, follow, max-snippet:-1, max-image-preview:large, max-video-preview:-1\" \/>\n<link rel=\"canonical\" href=\"https:\/\/estlander.fi\/sv\/yhteystiedot\/\" \/>\n<meta property=\"og:locale\" content=\"sv_SE\" \/>\n<meta property=\"og:type\" content=\"article\" \/>\n<meta property=\"og:title\" content=\"Yhteystiedot - Estlander &amp; Co\" \/>\n<meta property=\"og:description\" content=\"Oy Estlander &amp; Co. AbAnnankatu 25, II krs.00100 Helsinki Vaihde: 010 837 0800S\u00e4hk\u00f6posti: info@estlander.fi Y-tunnus: 0211075-6 Aukioloajat arkisin klo. 9-16\" \/>\n<meta property=\"og:url\" content=\"https:\/\/estlander.fi\/sv\/yhteystiedot\/\" \/>\n<meta property=\"og:site_name\" content=\"Estlander &amp; Co\" \/>\n<meta property=\"article:modified_time\" content=\"2024-10-08T10:10:53+00:00\" \/>\n<meta name=\"twitter:card\" content=\"summary_large_image\" \/>\n<script type=\"application\/ld+json\" class=\"yoast-schema-graph\">{\"@context\":\"https:\/\/schema.org\",\"@graph\":[{\"@type\":\"WebPage\",\"@id\":\"https:\/\/estlander.fi\/yhteystiedot\/\",\"url\":\"https:\/\/estlander.fi\/yhteystiedot\/\",\"name\":\"Yhteystiedot - Estlander &amp; Co\",\"isPartOf\":{\"@id\":\"https:\/\/estlander.fi\/#website\"},\"datePublished\":\"2024-10-01T06:18:47+00:00\",\"dateModified\":\"2024-10-08T10:10:53+00:00\",\"breadcrumb\":{\"@id\":\"https:\/\/estlander.fi\/yhteystiedot\/#breadcrumb\"},\"inLanguage\":\"sv-SE\",\"potentialAction\":[{\"@type\":\"ReadAction\",\"target\":[\"https:\/\/estlander.fi\/yhteystiedot\/\"]}]},{\"@type\":\"BreadcrumbList\",\"@id\":\"https:\/\/estlander.fi\/yhteystiedot\/#breadcrumb\",\"itemListElement\":[{\"@type\":\"ListItem\",\"position\":1,\"name\":\"Home\",\"item\":\"https:\/\/estlander.fi\/\"},{\"@type\":\"ListItem\",\"position\":2,\"name\":\"Yhteystiedot\"}]},{\"@type\":\"WebSite\",\"@id\":\"https:\/\/estlander.fi\/#website\",\"url\":\"https:\/\/estlander.fi\/\",\"name\":\"Estlander & Co\",\"description\":\"Yli 90 vuotta laadukasta is\u00e4nn\u00f6inti\u00e4\",\"publisher\":{\"@id\":\"https:\/\/estlander.fi\/#organization\"},\"potentialAction\":[{\"@type\":\"SearchAction\",\"target\":{\"@type\":\"EntryPoint\",\"urlTemplate\":\"https:\/\/estlander.fi\/?s={search_term_string}\"},\"query-input\":{\"@type\":\"PropertyValueSpecification\",\"valueRequired\":true,\"valueName\":\"search_term_string\"}}],\"inLanguage\":\"sv-SE\"},{\"@type\":\"Organization\",\"@id\":\"https:\/\/estlander.fi\/#organization\",\"name\":\"Estlander & Co\",\"url\":\"https:\/\/estlander.fi\/\",\"logo\":{\"@type\":\"ImageObject\",\"inLanguage\":\"sv-SE\",\"@id\":\"https:\/\/estlander.fi\/#\/schema\/logo\/image\/\",\"url\":\"https:\/\/estlander.fi\/wp-content\/uploads\/2023\/12\/logo.png\",\"contentUrl\":\"https:\/\/estlander.fi\/wp-content\/uploads\/2023\/12\/logo.png\",\"width\":800,\"height\":144,\"caption\":\"Estlander & Co\"},\"image\":{\"@id\":\"https:\/\/estlander.fi\/#\/schema\/logo\/image\/\"}}]}<\/script>\n<!-- \/ Yoast SEO plugin. -->","yoast_head_json":{"title":"Yhteystiedot - Estlander &amp; Co","robots":{"index":"index","follow":"follow","max-snippet":"max-snippet:-1","max-image-preview":"max-image-preview:large","max-video-preview":"max-video-preview:-1"},"canonical":"https:\/\/estlander.fi\/sv\/yhteystiedot\/","og_locale":"sv_SE","og_type":"article","og_title":"Yhteystiedot - Estlander &amp; Co","og_description":"Oy Estlander &amp; Co. AbAnnankatu 25, II krs.00100 Helsinki Vaihde: 010 837 0800S\u00e4hk\u00f6posti: info@estlander.fi Y-tunnus: 0211075-6 Aukioloajat arkisin klo. 9-16","og_url":"https:\/\/estlander.fi\/sv\/yhteystiedot\/","og_site_name":"Estlander &amp; Co","article_modified_time":"2024-10-08T10:10:53+00:00","twitter_card":"summary_large_image","schema":{"@context":"https:\/\/schema.org","@graph":[{"@type":"WebPage","@id":"https:\/\/estlander.fi\/yhteystiedot\/","url":"https:\/\/estlander.fi\/yhteystiedot\/","name":"Yhteystiedot - Estlander &amp; Co","isPartOf":{"@id":"https:\/\/estlander.fi\/#website"},"datePublished":"2024-10-01T06:18:47+00:00","dateModified":"2024-10-08T10:10:53+00:00","breadcrumb":{"@id":"https:\/\/estlander.fi\/yhteystiedot\/#breadcrumb"},"inLanguage":"sv-SE","potentialAction":[{"@type":"ReadAction","target":["https:\/\/estlander.fi\/yhteystiedot\/"]}]},{"@type":"BreadcrumbList","@id":"https:\/\/estlander.fi\/yhteystiedot\/#breadcrumb","itemListElement":[{"@type":"ListItem","position":1,"name":"Home","item":"https:\/\/estlander.fi\/"},{"@type":"ListItem","position":2,"name":"Yhteystiedot"}]},{"@type":"WebSite","@id":"https:\/\/estlander.fi\/#website","url":"https:\/\/estlander.fi\/","name":"Estlander & Co","description":"Yli 90 vuotta laadukasta is\u00e4nn\u00f6inti\u00e4","publisher":{"@id":"https:\/\/estlander.fi\/#organization"},"potentialAction":[{"@type":"SearchAction","target":{"@type":"EntryPoint","urlTemplate":"https:\/\/estlander.fi\/?s={search_term_string}"},"query-input":{"@type":"PropertyValueSpecification","valueRequired":true,"valueName":"search_term_string"}}],"inLanguage":"sv-SE"},{"@type":"Organization","@id":"https:\/\/estlander.fi\/#organization","name":"Estlander & Co","url":"https:\/\/estlander.fi\/","logo":{"@type":"ImageObject","inLanguage":"sv-SE","@id":"https:\/\/estlander.fi\/#\/schema\/logo\/image\/","url":"https:\/\/estlander.fi\/wp-content\/uploads\/2023\/12\/logo.png","contentUrl":"https:\/\/estlander.fi\/wp-content\/uploads\/2023\/12\/logo.png","width":800,"height":144,"caption":"Estlander & Co"},"image":{"@id":"https:\/\/estlander.fi\/#\/schema\/logo\/image\/"}}]}},"_links":{"self":[{"href":"https:\/\/estlander.fi\/sv\/wp-json\/wp\/v2\/pages\/1737","targetHints":{"allow":["GET"]}}],"collection":[{"href":"https:\/\/estlander.fi\/sv\/wp-json\/wp\/v2\/pages"}],"about":[{"href":"https:\/\/estlander.fi\/sv\/wp-json\/wp\/v2\/types\/page"}],"author":[{"embeddable":true,"href":"https:\/\/estlander.fi\/sv\/wp-json\/wp\/v2\/users\/3"}],"replies":[{"embeddable":true,"href":"https:\/\/estlander.fi\/sv\/wp-json\/wp\/v2\/comments?post=1737"}],"version-history":[{"count":17,"href":"https:\/\/estlander.fi\/sv\/wp-json\/wp\/v2\/pages\/1737\/revisions"}],"predecessor-version":[{"id":2383,"href":"https:\/\/estlander.fi\/sv\/wp-json\/wp\/v2\/pages\/1737\/revisions\/2383"}],"wp:attachment":[{"href":"https:\/\/estlander.fi\/sv\/wp-json\/wp\/v2\/media?parent=1737"}],"curies":[{"name":"wp","href":"https:\/\/api.w.org\/{rel}","templated":true}]}}