{"id":1747,"date":"2024-10-01T08:29:33","date_gmt":"2024-10-01T06:29:33","guid":{"rendered":"https:\/\/estlander.fi\/?page_id=1747"},"modified":"2024-10-08T12:08:05","modified_gmt":"2024-10-08T10:08:05","slug":"esittely","status":"publish","type":"page","link":"https:\/\/estlander.fi\/sv\/esittely\/","title":{"rendered":"Presentation"},"content":{"rendered":"<div data-elementor-type=\"wp-page\" data-elementor-id=\"1747\" class=\"elementor elementor-1747\" data-elementor-post-type=\"page\">\n\t\t\t\t<div class=\"elementor-element elementor-element-6f680709 e-flex e-con-boxed e-con e-parent\" data-id=\"6f680709\" data-element_type=\"container\" data-settings=\"{&quot;background_background&quot;:&quot;gradient&quot;}\">\n\t\t\t\t\t<div class=\"e-con-inner\">\n\t\t<div class=\"elementor-element elementor-element-736e45a1 e-flex e-con-boxed e-con e-child\" data-id=\"736e45a1\" data-element_type=\"container\">\n\t\t\t\t\t<div class=\"e-con-inner\">\n\t\t\t\t\t<\/div>\n\t\t\t\t<\/div>\n\t\t<div class=\"elementor-element elementor-element-5edb5fde e-con-full e-flex e-con e-child\" data-id=\"5edb5fde\" data-element_type=\"container\">\n\t\t<div class=\"elementor-element elementor-element-57c27c99 e-con-full e-flex e-con e-child\" data-id=\"57c27c99\" data-element_type=\"container\">\n\t\t\t\t<div class=\"elementor-element elementor-element-6880c7ac elementor-widget elementor-widget-text-editor\" data-id=\"6880c7ac\" data-element_type=\"widget\" data-widget_type=\"text-editor.default\">\n\t\t\t\t<div class=\"elementor-widget-container\">\n\t\t\t\t\t\t\t\t\t<p>Oy Estlander &amp; Co. Ab grundat \u00e5r 1930 \u00e4r Finlands \u00e4ldsta privat\u00e4gda disponentbyr\u00e5. Disponentbyr\u00e5n sk\u00f6ter bostadshus och hyreshus \u00e4gda av stiftelser och f\u00f6reningar. Under de \u00e5rtionden som vi sk\u00f6tt disponentuppgifter har det visat sig att det \u00e4r mest \u00e4ndam\u00e5lsenligt att fastigheter handhas av specialister. En fastighet som administrerats planenligt och v\u00e4l, och p\u00e5 l\u00e5ng sikt \u00f6kar i v\u00e4rde. Detta g\u00e4ller s\u00e5v\u00e4l aff\u00e4rsfastigheter, bostadsaktiebolag som hyreshus.<\/p><p>Till v\u00e5ra uppgifter h\u00f6r att sk\u00f6ta alla delomr\u00e5den inom fastighetsbranschen: administration, och att organisera samt \u00f6vervaka service. Eftersom vi ocks\u00e5 sk\u00f6ter stiftelsers hyreshus \u00e4r vi specialiserade p\u00e5 att hyra ut l\u00e4genheter.<\/p><p>Vi f\u00f6ljer givetvis god disponentsed. Till detta h\u00f6r att f\u00f6lja lagar, f\u00f6rordningar och best\u00e4mmelser. Kundfastigheternas bolagsordning ska beaktas, bolagsst\u00e4mmobeslut och styrelsernas beslut b\u00f6r f\u00f6ljas. Det \u00e4r ocks\u00e5 viktigt att f\u00f6lja upp kundfastigheternas byggnadsteknik och \u00e5lder, samt att \u00e4ndam\u00e5lsenligt och effektivt utf\u00f6ra reparationer som \u00f6kar fastighetens v\u00e4rde.<\/p>\t\t\t\t\t\t\t\t<\/div>\n\t\t\t\t<\/div>\n\t\t\t\t<\/div>\n\t\t<div class=\"elementor-element elementor-element-21fe54c7 e-con-full e-flex e-con e-child\" data-id=\"21fe54c7\" data-element_type=\"container\">\n\t\t\t\t<div class=\"elementor-element elementor-element-c2150df elementor-widget elementor-widget-image\" data-id=\"c2150df\" data-element_type=\"widget\" data-widget_type=\"image.default\">\n\t\t\t\t<div class=\"elementor-widget-container\">\n\t\t\t\t\t\t\t\t\t\t\t\t\t\t\t<img fetchpriority=\"high\" decoding=\"async\" width=\"800\" height=\"445\" src=\"https:\/\/estlander.fi\/wp-content\/uploads\/2024\/10\/esittely1-1024x569.jpg\" class=\"attachment-large size-large wp-image-1750\" alt=\"\" srcset=\"https:\/\/estlander.fi\/wp-content\/uploads\/2024\/10\/esittely1-1024x569.jpg 1024w, https:\/\/estlander.fi\/wp-content\/uploads\/2024\/10\/esittely1-300x167.jpg 300w, https:\/\/estlander.fi\/wp-content\/uploads\/2024\/10\/esittely1-768x427.jpg 768w, https:\/\/estlander.fi\/wp-content\/uploads\/2024\/10\/esittely1-1536x854.jpg 1536w, https:\/\/estlander.fi\/wp-content\/uploads\/2024\/10\/esittely1.jpg 1942w\" sizes=\"(max-width: 800px) 100vw, 800px\" \/>\t\t\t\t\t\t\t\t\t\t\t\t\t\t\t<\/div>\n\t\t\t\t<\/div>\n\t\t\t\t<div class=\"elementor-element elementor-element-5b41cb8 elementor-widget elementor-widget-image\" data-id=\"5b41cb8\" data-element_type=\"widget\" data-widget_type=\"image.default\">\n\t\t\t\t<div class=\"elementor-widget-container\">\n\t\t\t\t\t\t\t\t\t\t\t\t\t\t\t<img decoding=\"async\" width=\"800\" height=\"450\" src=\"https:\/\/estlander.fi\/wp-content\/uploads\/2024\/10\/esittely2-1024x576.jpg\" class=\"attachment-large size-large wp-image-1751\" alt=\"\" srcset=\"https:\/\/estlander.fi\/wp-content\/uploads\/2024\/10\/esittely2-1024x576.jpg 1024w, https:\/\/estlander.fi\/wp-content\/uploads\/2024\/10\/esittely2-300x169.jpg 300w, https:\/\/estlander.fi\/wp-content\/uploads\/2024\/10\/esittely2-768x432.jpg 768w, https:\/\/estlander.fi\/wp-content\/uploads\/2024\/10\/esittely2-1536x864.jpg 1536w, https:\/\/estlander.fi\/wp-content\/uploads\/2024\/10\/esittely2.jpg 1920w\" sizes=\"(max-width: 800px) 100vw, 800px\" \/>\t\t\t\t\t\t\t\t\t\t\t\t\t\t\t<\/div>\n\t\t\t\t<\/div>\n\t\t\t\t<\/div>\n\t\t\t\t<\/div>\n\t\t\t\t\t<\/div>\n\t\t\t\t<\/div>\n\t\t\t\t<\/div>","protected":false},"excerpt":{"rendered":"<p>Vuonna 1930 perustettu Oy Estlander &amp; Co Ab on Suomen vanhin yksityinen is\u00e4nn\u00f6intitoimisto. Toimialana on liike- ja asuinkiinteist\u00f6jen sek\u00e4\u00a0s\u00e4\u00e4ti\u00f6iden tai yhdistysten omistamien vuokratalojen is\u00e4nn\u00f6inti. Vuosikymmenien is\u00e4nn\u00f6innin kokemus on vahvistanut k\u00e4sityst\u00e4, ett\u00e4 kiinteist\u00f6n kunnon ja tuottavuuden kannalta on parasta, ett\u00e4 asioita hoitavat eri alojen asiantuntijat. Hyvin hallinnoitu ja suunnitelmallisesti hoidettu kiinteist\u00f6 lis\u00e4\u00e4 arvoaan, olipa kyseess\u00e4 liikekiinteist\u00f6, [&hellip;]<\/p>","protected":false},"author":3,"featured_media":0,"parent":0,"menu_order":0,"comment_status":"closed","ping_status":"closed","template":"","meta":{"_acf_changed":false,"footnotes":""},"class_list":["post-1747","page","type-page","status-publish","hentry"],"acf":[],"yoast_head":"<!-- This site is optimized with the Yoast SEO plugin v25.8 - https:\/\/yoast.com\/wordpress\/plugins\/seo\/ -->\n<title>Esittely - Estlander &amp; Co<\/title>\n<meta name=\"robots\" content=\"index, follow, max-snippet:-1, max-image-preview:large, max-video-preview:-1\" \/>\n<link rel=\"canonical\" href=\"https:\/\/estlander.fi\/sv\/esittely\/\" \/>\n<meta property=\"og:locale\" content=\"sv_SE\" \/>\n<meta property=\"og:type\" content=\"article\" \/>\n<meta property=\"og:title\" content=\"Esittely - Estlander &amp; Co\" \/>\n<meta property=\"og:description\" content=\"Vuonna 1930 perustettu Oy Estlander &amp; Co Ab on Suomen vanhin yksityinen is\u00e4nn\u00f6intitoimisto. Toimialana on liike- ja asuinkiinteist\u00f6jen sek\u00e4\u00a0s\u00e4\u00e4ti\u00f6iden tai yhdistysten omistamien vuokratalojen is\u00e4nn\u00f6inti. Vuosikymmenien is\u00e4nn\u00f6innin kokemus on vahvistanut k\u00e4sityst\u00e4, ett\u00e4 kiinteist\u00f6n kunnon ja tuottavuuden kannalta on parasta, ett\u00e4 asioita hoitavat eri alojen asiantuntijat. Hyvin hallinnoitu ja suunnitelmallisesti hoidettu kiinteist\u00f6 lis\u00e4\u00e4 arvoaan, olipa kyseess\u00e4 liikekiinteist\u00f6, [&hellip;]\" \/>\n<meta property=\"og:url\" content=\"https:\/\/estlander.fi\/sv\/esittely\/\" \/>\n<meta property=\"og:site_name\" content=\"Estlander &amp; Co\" \/>\n<meta property=\"article:modified_time\" content=\"2024-10-08T10:08:05+00:00\" \/>\n<meta property=\"og:image\" content=\"https:\/\/estlander.fi\/wp-content\/uploads\/2024\/10\/esittely1-1024x569.jpg\" \/>\n<meta name=\"twitter:card\" content=\"summary_large_image\" \/>\n<script type=\"application\/ld+json\" class=\"yoast-schema-graph\">{\"@context\":\"https:\/\/schema.org\",\"@graph\":[{\"@type\":\"WebPage\",\"@id\":\"https:\/\/estlander.fi\/esittely\/\",\"url\":\"https:\/\/estlander.fi\/esittely\/\",\"name\":\"Esittely - Estlander &amp; Co\",\"isPartOf\":{\"@id\":\"https:\/\/estlander.fi\/#website\"},\"primaryImageOfPage\":{\"@id\":\"https:\/\/estlander.fi\/esittely\/#primaryimage\"},\"image\":{\"@id\":\"https:\/\/estlander.fi\/esittely\/#primaryimage\"},\"thumbnailUrl\":\"https:\/\/estlander.fi\/wp-content\/uploads\/2024\/10\/esittely1-1024x569.jpg\",\"datePublished\":\"2024-10-01T06:29:33+00:00\",\"dateModified\":\"2024-10-08T10:08:05+00:00\",\"breadcrumb\":{\"@id\":\"https:\/\/estlander.fi\/esittely\/#breadcrumb\"},\"inLanguage\":\"sv-SE\",\"potentialAction\":[{\"@type\":\"ReadAction\",\"target\":[\"https:\/\/estlander.fi\/esittely\/\"]}]},{\"@type\":\"ImageObject\",\"inLanguage\":\"sv-SE\",\"@id\":\"https:\/\/estlander.fi\/esittely\/#primaryimage\",\"url\":\"https:\/\/estlander.fi\/wp-content\/uploads\/2024\/10\/esittely1-1024x569.jpg\",\"contentUrl\":\"https:\/\/estlander.fi\/wp-content\/uploads\/2024\/10\/esittely1-1024x569.jpg\"},{\"@type\":\"BreadcrumbList\",\"@id\":\"https:\/\/estlander.fi\/esittely\/#breadcrumb\",\"itemListElement\":[{\"@type\":\"ListItem\",\"position\":1,\"name\":\"Home\",\"item\":\"https:\/\/estlander.fi\/\"},{\"@type\":\"ListItem\",\"position\":2,\"name\":\"Esittely\"}]},{\"@type\":\"WebSite\",\"@id\":\"https:\/\/estlander.fi\/#website\",\"url\":\"https:\/\/estlander.fi\/\",\"name\":\"Estlander & Co\",\"description\":\"Yli 90 vuotta laadukasta is\u00e4nn\u00f6inti\u00e4\",\"publisher\":{\"@id\":\"https:\/\/estlander.fi\/#organization\"},\"potentialAction\":[{\"@type\":\"SearchAction\",\"target\":{\"@type\":\"EntryPoint\",\"urlTemplate\":\"https:\/\/estlander.fi\/?s={search_term_string}\"},\"query-input\":{\"@type\":\"PropertyValueSpecification\",\"valueRequired\":true,\"valueName\":\"search_term_string\"}}],\"inLanguage\":\"sv-SE\"},{\"@type\":\"Organization\",\"@id\":\"https:\/\/estlander.fi\/#organization\",\"name\":\"Estlander & Co\",\"url\":\"https:\/\/estlander.fi\/\",\"logo\":{\"@type\":\"ImageObject\",\"inLanguage\":\"sv-SE\",\"@id\":\"https:\/\/estlander.fi\/#\/schema\/logo\/image\/\",\"url\":\"https:\/\/estlander.fi\/wp-content\/uploads\/2023\/12\/logo.png\",\"contentUrl\":\"https:\/\/estlander.fi\/wp-content\/uploads\/2023\/12\/logo.png\",\"width\":800,\"height\":144,\"caption\":\"Estlander & Co\"},\"image\":{\"@id\":\"https:\/\/estlander.fi\/#\/schema\/logo\/image\/\"}}]}<\/script>\n<!-- \/ Yoast SEO plugin. -->","yoast_head_json":{"title":"Esittely - Estlander &amp; Co","robots":{"index":"index","follow":"follow","max-snippet":"max-snippet:-1","max-image-preview":"max-image-preview:large","max-video-preview":"max-video-preview:-1"},"canonical":"https:\/\/estlander.fi\/sv\/esittely\/","og_locale":"sv_SE","og_type":"article","og_title":"Esittely - Estlander &amp; Co","og_description":"Vuonna 1930 perustettu Oy Estlander &amp; Co Ab on Suomen vanhin yksityinen is\u00e4nn\u00f6intitoimisto. Toimialana on liike- ja asuinkiinteist\u00f6jen sek\u00e4\u00a0s\u00e4\u00e4ti\u00f6iden tai yhdistysten omistamien vuokratalojen is\u00e4nn\u00f6inti. Vuosikymmenien is\u00e4nn\u00f6innin kokemus on vahvistanut k\u00e4sityst\u00e4, ett\u00e4 kiinteist\u00f6n kunnon ja tuottavuuden kannalta on parasta, ett\u00e4 asioita hoitavat eri alojen asiantuntijat. Hyvin hallinnoitu ja suunnitelmallisesti hoidettu kiinteist\u00f6 lis\u00e4\u00e4 arvoaan, olipa kyseess\u00e4 liikekiinteist\u00f6, [&hellip;]","og_url":"https:\/\/estlander.fi\/sv\/esittely\/","og_site_name":"Estlander &amp; Co","article_modified_time":"2024-10-08T10:08:05+00:00","og_image":[{"url":"https:\/\/estlander.fi\/wp-content\/uploads\/2024\/10\/esittely1-1024x569.jpg","type":"","width":"","height":""}],"twitter_card":"summary_large_image","schema":{"@context":"https:\/\/schema.org","@graph":[{"@type":"WebPage","@id":"https:\/\/estlander.fi\/esittely\/","url":"https:\/\/estlander.fi\/esittely\/","name":"Esittely - Estlander &amp; Co","isPartOf":{"@id":"https:\/\/estlander.fi\/#website"},"primaryImageOfPage":{"@id":"https:\/\/estlander.fi\/esittely\/#primaryimage"},"image":{"@id":"https:\/\/estlander.fi\/esittely\/#primaryimage"},"thumbnailUrl":"https:\/\/estlander.fi\/wp-content\/uploads\/2024\/10\/esittely1-1024x569.jpg","datePublished":"2024-10-01T06:29:33+00:00","dateModified":"2024-10-08T10:08:05+00:00","breadcrumb":{"@id":"https:\/\/estlander.fi\/esittely\/#breadcrumb"},"inLanguage":"sv-SE","potentialAction":[{"@type":"ReadAction","target":["https:\/\/estlander.fi\/esittely\/"]}]},{"@type":"ImageObject","inLanguage":"sv-SE","@id":"https:\/\/estlander.fi\/esittely\/#primaryimage","url":"https:\/\/estlander.fi\/wp-content\/uploads\/2024\/10\/esittely1-1024x569.jpg","contentUrl":"https:\/\/estlander.fi\/wp-content\/uploads\/2024\/10\/esittely1-1024x569.jpg"},{"@type":"BreadcrumbList","@id":"https:\/\/estlander.fi\/esittely\/#breadcrumb","itemListElement":[{"@type":"ListItem","position":1,"name":"Home","item":"https:\/\/estlander.fi\/"},{"@type":"ListItem","position":2,"name":"Esittely"}]},{"@type":"WebSite","@id":"https:\/\/estlander.fi\/#website","url":"https:\/\/estlander.fi\/","name":"Estlander & Co","description":"Yli 90 vuotta laadukasta is\u00e4nn\u00f6inti\u00e4","publisher":{"@id":"https:\/\/estlander.fi\/#organization"},"potentialAction":[{"@type":"SearchAction","target":{"@type":"EntryPoint","urlTemplate":"https:\/\/estlander.fi\/?s={search_term_string}"},"query-input":{"@type":"PropertyValueSpecification","valueRequired":true,"valueName":"search_term_string"}}],"inLanguage":"sv-SE"},{"@type":"Organization","@id":"https:\/\/estlander.fi\/#organization","name":"Estlander & Co","url":"https:\/\/estlander.fi\/","logo":{"@type":"ImageObject","inLanguage":"sv-SE","@id":"https:\/\/estlander.fi\/#\/schema\/logo\/image\/","url":"https:\/\/estlander.fi\/wp-content\/uploads\/2023\/12\/logo.png","contentUrl":"https:\/\/estlander.fi\/wp-content\/uploads\/2023\/12\/logo.png","width":800,"height":144,"caption":"Estlander & Co"},"image":{"@id":"https:\/\/estlander.fi\/#\/schema\/logo\/image\/"}}]}},"_links":{"self":[{"href":"https:\/\/estlander.fi\/sv\/wp-json\/wp\/v2\/pages\/1747","targetHints":{"allow":["GET"]}}],"collection":[{"href":"https:\/\/estlander.fi\/sv\/wp-json\/wp\/v2\/pages"}],"about":[{"href":"https:\/\/estlander.fi\/sv\/wp-json\/wp\/v2\/types\/page"}],"author":[{"embeddable":true,"href":"https:\/\/estlander.fi\/sv\/wp-json\/wp\/v2\/users\/3"}],"replies":[{"embeddable":true,"href":"https:\/\/estlander.fi\/sv\/wp-json\/wp\/v2\/comments?post=1747"}],"version-history":[{"count":11,"href":"https:\/\/estlander.fi\/sv\/wp-json\/wp\/v2\/pages\/1747\/revisions"}],"predecessor-version":[{"id":2368,"href":"https:\/\/estlander.fi\/sv\/wp-json\/wp\/v2\/pages\/1747\/revisions\/2368"}],"wp:attachment":[{"href":"https:\/\/estlander.fi\/sv\/wp-json\/wp\/v2\/media?parent=1747"}],"curies":[{"name":"wp","href":"https:\/\/api.w.org\/{rel}","templated":true}]}}