{"id":1798,"date":"2024-10-01T09:17:10","date_gmt":"2024-10-01T07:17:10","guid":{"rendered":"https:\/\/estlander.fi\/?page_id=1798"},"modified":"2024-10-08T12:09:49","modified_gmt":"2024-10-08T10:09:49","slug":"rekisteriseloste","status":"publish","type":"page","link":"https:\/\/estlander.fi\/sv\/rekisteriseloste\/","title":{"rendered":"Rekisteriseloste"},"content":{"rendered":"<div data-elementor-type=\"wp-page\" data-elementor-id=\"1798\" class=\"elementor elementor-1798\" data-elementor-post-type=\"page\">\n\t\t\t\t<div class=\"elementor-element elementor-element-700ad378 e-flex e-con-boxed e-con e-parent\" data-id=\"700ad378\" data-element_type=\"container\" data-settings=\"{&quot;background_background&quot;:&quot;gradient&quot;}\">\n\t\t\t\t\t<div class=\"e-con-inner\">\n\t\t<div class=\"elementor-element elementor-element-35470c7f e-flex e-con-boxed e-con e-child\" data-id=\"35470c7f\" data-element_type=\"container\">\n\t\t\t\t\t<div class=\"e-con-inner\">\n\t\t\t\t\t<\/div>\n\t\t\t\t<\/div>\n\t\t<div class=\"elementor-element elementor-element-3fe7f51f e-con-full e-flex e-con e-child\" data-id=\"3fe7f51f\" data-element_type=\"container\">\n\t\t<div class=\"elementor-element elementor-element-6deeb17c e-con-full e-flex e-con e-child\" data-id=\"6deeb17c\" data-element_type=\"container\">\n\t\t\t\t<div class=\"elementor-element elementor-element-3a70174c elementor-widget elementor-widget-text-editor\" data-id=\"3a70174c\" data-element_type=\"widget\" data-widget_type=\"text-editor.default\">\n\t\t\t\t<div class=\"elementor-widget-container\">\n\t\t\t\t\t\t\t\t\t<p><strong>Rekisterinpit\u00e4j\u00e4<\/strong>\u00a0<br \/>Oy Estlander &amp; Co. Ab<br \/>Annankatu 25\u00a0<br \/>00100 Helsinfors\u00a0<br \/>Y-tunnus\u00a00211075-6<\/p><p><strong>Rekisteriasioista vastaava henkil\u00f6<\/strong>\u00a0<br \/>Peter Estlander\u00a0<br \/>Puhelinnumero: 010\u00a0837 0832\u00a0<br \/>S\u00e4hk\u00f6posti: peter.estlander@estlander.fi\u00a0<\/p><p><strong>Rekisterin nimi<\/strong>\u00a0<br \/>Oy Estlander &amp; Co. Ab:n asiakasrekisteri.<\/p><p><strong>Rekisterin k\u00e4ytt\u00f6tarkoitus<\/strong><br \/>Rekisterin k\u00e4ytt\u00f6tarkoituksena on asiakassuhteen hoitaminen, asiakasrekisterin yll\u00e4pit\u00e4minen, sek\u00e4 asiakkaiden tilausten k\u00e4sittely, toimittaminen ja arkistointi. Henkil\u00f6tietoja k\u00e4sitell\u00e4\u00e4n henkil\u00f6tietolain sallimissa ja edellytt\u00e4miss\u00e4 rajoissa\u00a0<\/p><p><strong>Tietosis\u00e4lt\u00f6<br \/><\/strong>Rekisteri sis\u00e4lt\u00e4\u00e4 seuraavia tietoja: Etu- ja sukunimi, henkil\u00f6tunnus, yritys ja Y-tunnus, postiosoite, s\u00e4hk\u00f6postiosoite, puhelinnumero ja matkapuhelinnumero sek\u00e4 muita asiakkaan luvalla kysyttyj\u00e4 tietoja.<\/p><p><strong>Tietol\u00e4hteet<br \/><\/strong>Tietol\u00e4hteen\u00e4 on asiakasostojen- ja tilausten yhteydess\u00e4 ker\u00e4tyt asiakastiedot sek\u00e4 viranomaisl\u00e4hteet.<\/p><p><strong>Tietojen luovutus<\/strong><br \/>Tietoja voidaan luovuttaa\u00a0Oy Estlander &amp; Co. Ab:n ulkopuolelle palvelutarjoajille ja viranomaisille sek\u00e4 saman konsernin yhti\u00f6ille. Henkil\u00f6tiedot h\u00e4vitet\u00e4\u00e4n k\u00e4ytt\u00e4j\u00e4n pyynn\u00f6st\u00e4, lain sallimissa ja edellytt\u00e4miss\u00e4 rajoissa.\u00a0Tiedot eiv\u00e4t luovuteta EU-alueen ulkopuolelle.<\/p><p><strong>Rekisterin suojaus<\/strong><br \/>Rekisteri\u00e4 ei luovuteta sivullisille. Rekisterin k\u00e4ytt\u00f6oikeus edellytt\u00e4\u00e4 Oy Estlander &amp; Co. AB:n sis\u00e4isen verkon k\u00e4ytt\u00e4j\u00e4oikeuksia. Rekisteri sijaitsee salasanasuojatulla palvelimella. Paperiset asiakirjat s\u00e4ilytet\u00e4\u00e4n lukitussa tilassa.<\/p><p><strong>Ev\u00e4steet<br \/><\/strong>Oy Estlander &amp; Co. AB k\u00e4ytt\u00e4\u00e4 verkkosivustoillaan ev\u00e4steit\u00e4 (mm. <strong>Google Analytics<\/strong>\u00a0palvelua). K\u00e4ytt\u00e4m\u00e4ll\u00e4 sivustojamme hyv\u00e4ksyt ev\u00e4steiden k\u00e4yt\u00f6n. Ev\u00e4steiden avulla seurataan mm. seuraavia tietoja:<\/p><ul><li>Selain<\/li><li>K\u00e4ytt\u00f6j\u00e4rjestelm\u00e4<\/li><li>IP-osoite<\/li><li>Sijainti<br \/><br \/><\/li><\/ul><p>Lis\u00e4tietoja:<\/p><p><a href=\"https:\/\/marketingplatform.google.com\/about\/analytics\/\" target=\"_blank\" rel=\"noopener\">https:\/\/marketingplatform.google.com\/about\/analytics\/<\/a><\/p><p>\u00a0<\/p>\t\t\t\t\t\t\t\t<\/div>\n\t\t\t\t<\/div>\n\t\t\t\t<\/div>\n\t\t\t\t<\/div>\n\t\t\t\t\t<\/div>\n\t\t\t\t<\/div>\n\t\t\t\t<\/div>","protected":false},"excerpt":{"rendered":"<p>Rekisterinpit\u00e4j\u00e4\u00a0Oy Estlander &amp; Co. AbAnnankatu 25\u00a000100 Helsinki\u00a0Y-tunnus\u00a00211075-6 Rekisteriasioista vastaava henkil\u00f6\u00a0Peter Estlander\u00a0Puhelinnumero: 010\u00a0837 0832\u00a0S\u00e4hk\u00f6posti: peter.estlander@estlander.fi\u00a0 Rekisterin nimi\u00a0Oy Estlander &amp; Co. Ab:n asiakasrekisteri. Rekisterin k\u00e4ytt\u00f6tarkoitusRekisterin k\u00e4ytt\u00f6tarkoituksena on asiakassuhteen hoitaminen, asiakasrekisterin yll\u00e4pit\u00e4minen, sek\u00e4 asiakkaiden tilausten k\u00e4sittely, toimittaminen ja arkistointi. Henkil\u00f6tietoja k\u00e4sitell\u00e4\u00e4n henkil\u00f6tietolain sallimissa ja edellytt\u00e4miss\u00e4 rajoissa\u00a0 Tietosis\u00e4lt\u00f6Rekisteri sis\u00e4lt\u00e4\u00e4 seuraavia tietoja: Etu- ja sukunimi, henkil\u00f6tunnus, yritys ja Y-tunnus, postiosoite, [&hellip;]<\/p>","protected":false},"author":3,"featured_media":0,"parent":0,"menu_order":0,"comment_status":"closed","ping_status":"closed","template":"","meta":{"_acf_changed":false,"footnotes":""},"class_list":["post-1798","page","type-page","status-publish","hentry"],"acf":[],"yoast_head":"<!-- This site is optimized with the Yoast SEO plugin v25.8 - https:\/\/yoast.com\/wordpress\/plugins\/seo\/ -->\n<title>Rekisteriseloste - Estlander &amp; Co<\/title>\n<meta name=\"robots\" content=\"index, follow, max-snippet:-1, max-image-preview:large, max-video-preview:-1\" \/>\n<link rel=\"canonical\" href=\"https:\/\/estlander.fi\/sv\/rekisteriseloste\/\" \/>\n<meta property=\"og:locale\" content=\"sv_SE\" \/>\n<meta property=\"og:type\" content=\"article\" \/>\n<meta property=\"og:title\" content=\"Rekisteriseloste - Estlander &amp; Co\" \/>\n<meta property=\"og:description\" content=\"Rekisterinpit\u00e4j\u00e4\u00a0Oy Estlander &amp; Co. AbAnnankatu 25\u00a000100 Helsinki\u00a0Y-tunnus\u00a00211075-6 Rekisteriasioista vastaava henkil\u00f6\u00a0Peter Estlander\u00a0Puhelinnumero: 010\u00a0837 0832\u00a0S\u00e4hk\u00f6posti: peter.estlander@estlander.fi\u00a0 Rekisterin nimi\u00a0Oy Estlander &amp; Co. Ab:n asiakasrekisteri. Rekisterin k\u00e4ytt\u00f6tarkoitusRekisterin k\u00e4ytt\u00f6tarkoituksena on asiakassuhteen hoitaminen, asiakasrekisterin yll\u00e4pit\u00e4minen, sek\u00e4 asiakkaiden tilausten k\u00e4sittely, toimittaminen ja arkistointi. Henkil\u00f6tietoja k\u00e4sitell\u00e4\u00e4n henkil\u00f6tietolain sallimissa ja edellytt\u00e4miss\u00e4 rajoissa\u00a0 Tietosis\u00e4lt\u00f6Rekisteri sis\u00e4lt\u00e4\u00e4 seuraavia tietoja: Etu- ja sukunimi, henkil\u00f6tunnus, yritys ja Y-tunnus, postiosoite, [&hellip;]\" \/>\n<meta property=\"og:url\" content=\"https:\/\/estlander.fi\/sv\/rekisteriseloste\/\" \/>\n<meta property=\"og:site_name\" content=\"Estlander &amp; Co\" \/>\n<meta property=\"article:modified_time\" content=\"2024-10-08T10:09:49+00:00\" \/>\n<meta name=\"twitter:card\" content=\"summary_large_image\" \/>\n<script type=\"application\/ld+json\" class=\"yoast-schema-graph\">{\"@context\":\"https:\/\/schema.org\",\"@graph\":[{\"@type\":\"WebPage\",\"@id\":\"https:\/\/estlander.fi\/rekisteriseloste\/\",\"url\":\"https:\/\/estlander.fi\/rekisteriseloste\/\",\"name\":\"Rekisteriseloste - Estlander &amp; Co\",\"isPartOf\":{\"@id\":\"https:\/\/estlander.fi\/#website\"},\"datePublished\":\"2024-10-01T07:17:10+00:00\",\"dateModified\":\"2024-10-08T10:09:49+00:00\",\"breadcrumb\":{\"@id\":\"https:\/\/estlander.fi\/rekisteriseloste\/#breadcrumb\"},\"inLanguage\":\"sv-SE\",\"potentialAction\":[{\"@type\":\"ReadAction\",\"target\":[\"https:\/\/estlander.fi\/rekisteriseloste\/\"]}]},{\"@type\":\"BreadcrumbList\",\"@id\":\"https:\/\/estlander.fi\/rekisteriseloste\/#breadcrumb\",\"itemListElement\":[{\"@type\":\"ListItem\",\"position\":1,\"name\":\"Home\",\"item\":\"https:\/\/estlander.fi\/\"},{\"@type\":\"ListItem\",\"position\":2,\"name\":\"Rekisteriseloste\"}]},{\"@type\":\"WebSite\",\"@id\":\"https:\/\/estlander.fi\/#website\",\"url\":\"https:\/\/estlander.fi\/\",\"name\":\"Estlander & Co\",\"description\":\"Yli 90 vuotta laadukasta is\u00e4nn\u00f6inti\u00e4\",\"publisher\":{\"@id\":\"https:\/\/estlander.fi\/#organization\"},\"potentialAction\":[{\"@type\":\"SearchAction\",\"target\":{\"@type\":\"EntryPoint\",\"urlTemplate\":\"https:\/\/estlander.fi\/?s={search_term_string}\"},\"query-input\":{\"@type\":\"PropertyValueSpecification\",\"valueRequired\":true,\"valueName\":\"search_term_string\"}}],\"inLanguage\":\"sv-SE\"},{\"@type\":\"Organization\",\"@id\":\"https:\/\/estlander.fi\/#organization\",\"name\":\"Estlander & Co\",\"url\":\"https:\/\/estlander.fi\/\",\"logo\":{\"@type\":\"ImageObject\",\"inLanguage\":\"sv-SE\",\"@id\":\"https:\/\/estlander.fi\/#\/schema\/logo\/image\/\",\"url\":\"https:\/\/estlander.fi\/wp-content\/uploads\/2023\/12\/logo.png\",\"contentUrl\":\"https:\/\/estlander.fi\/wp-content\/uploads\/2023\/12\/logo.png\",\"width\":800,\"height\":144,\"caption\":\"Estlander & Co\"},\"image\":{\"@id\":\"https:\/\/estlander.fi\/#\/schema\/logo\/image\/\"}}]}<\/script>\n<!-- \/ Yoast SEO plugin. -->","yoast_head_json":{"title":"Rekisteriseloste - Estlander &amp; Co","robots":{"index":"index","follow":"follow","max-snippet":"max-snippet:-1","max-image-preview":"max-image-preview:large","max-video-preview":"max-video-preview:-1"},"canonical":"https:\/\/estlander.fi\/sv\/rekisteriseloste\/","og_locale":"sv_SE","og_type":"article","og_title":"Rekisteriseloste - Estlander &amp; Co","og_description":"Rekisterinpit\u00e4j\u00e4\u00a0Oy Estlander &amp; Co. AbAnnankatu 25\u00a000100 Helsinki\u00a0Y-tunnus\u00a00211075-6 Rekisteriasioista vastaava henkil\u00f6\u00a0Peter Estlander\u00a0Puhelinnumero: 010\u00a0837 0832\u00a0S\u00e4hk\u00f6posti: peter.estlander@estlander.fi\u00a0 Rekisterin nimi\u00a0Oy Estlander &amp; Co. Ab:n asiakasrekisteri. Rekisterin k\u00e4ytt\u00f6tarkoitusRekisterin k\u00e4ytt\u00f6tarkoituksena on asiakassuhteen hoitaminen, asiakasrekisterin yll\u00e4pit\u00e4minen, sek\u00e4 asiakkaiden tilausten k\u00e4sittely, toimittaminen ja arkistointi. Henkil\u00f6tietoja k\u00e4sitell\u00e4\u00e4n henkil\u00f6tietolain sallimissa ja edellytt\u00e4miss\u00e4 rajoissa\u00a0 Tietosis\u00e4lt\u00f6Rekisteri sis\u00e4lt\u00e4\u00e4 seuraavia tietoja: Etu- ja sukunimi, henkil\u00f6tunnus, yritys ja Y-tunnus, postiosoite, [&hellip;]","og_url":"https:\/\/estlander.fi\/sv\/rekisteriseloste\/","og_site_name":"Estlander &amp; Co","article_modified_time":"2024-10-08T10:09:49+00:00","twitter_card":"summary_large_image","schema":{"@context":"https:\/\/schema.org","@graph":[{"@type":"WebPage","@id":"https:\/\/estlander.fi\/rekisteriseloste\/","url":"https:\/\/estlander.fi\/rekisteriseloste\/","name":"Rekisteriseloste - Estlander &amp; Co","isPartOf":{"@id":"https:\/\/estlander.fi\/#website"},"datePublished":"2024-10-01T07:17:10+00:00","dateModified":"2024-10-08T10:09:49+00:00","breadcrumb":{"@id":"https:\/\/estlander.fi\/rekisteriseloste\/#breadcrumb"},"inLanguage":"sv-SE","potentialAction":[{"@type":"ReadAction","target":["https:\/\/estlander.fi\/rekisteriseloste\/"]}]},{"@type":"BreadcrumbList","@id":"https:\/\/estlander.fi\/rekisteriseloste\/#breadcrumb","itemListElement":[{"@type":"ListItem","position":1,"name":"Home","item":"https:\/\/estlander.fi\/"},{"@type":"ListItem","position":2,"name":"Rekisteriseloste"}]},{"@type":"WebSite","@id":"https:\/\/estlander.fi\/#website","url":"https:\/\/estlander.fi\/","name":"Estlander & Co","description":"Yli 90 vuotta laadukasta is\u00e4nn\u00f6inti\u00e4","publisher":{"@id":"https:\/\/estlander.fi\/#organization"},"potentialAction":[{"@type":"SearchAction","target":{"@type":"EntryPoint","urlTemplate":"https:\/\/estlander.fi\/?s={search_term_string}"},"query-input":{"@type":"PropertyValueSpecification","valueRequired":true,"valueName":"search_term_string"}}],"inLanguage":"sv-SE"},{"@type":"Organization","@id":"https:\/\/estlander.fi\/#organization","name":"Estlander & Co","url":"https:\/\/estlander.fi\/","logo":{"@type":"ImageObject","inLanguage":"sv-SE","@id":"https:\/\/estlander.fi\/#\/schema\/logo\/image\/","url":"https:\/\/estlander.fi\/wp-content\/uploads\/2023\/12\/logo.png","contentUrl":"https:\/\/estlander.fi\/wp-content\/uploads\/2023\/12\/logo.png","width":800,"height":144,"caption":"Estlander & Co"},"image":{"@id":"https:\/\/estlander.fi\/#\/schema\/logo\/image\/"}}]}},"_links":{"self":[{"href":"https:\/\/estlander.fi\/sv\/wp-json\/wp\/v2\/pages\/1798","targetHints":{"allow":["GET"]}}],"collection":[{"href":"https:\/\/estlander.fi\/sv\/wp-json\/wp\/v2\/pages"}],"about":[{"href":"https:\/\/estlander.fi\/sv\/wp-json\/wp\/v2\/types\/page"}],"author":[{"embeddable":true,"href":"https:\/\/estlander.fi\/sv\/wp-json\/wp\/v2\/users\/3"}],"replies":[{"embeddable":true,"href":"https:\/\/estlander.fi\/sv\/wp-json\/wp\/v2\/comments?post=1798"}],"version-history":[{"count":14,"href":"https:\/\/estlander.fi\/sv\/wp-json\/wp\/v2\/pages\/1798\/revisions"}],"predecessor-version":[{"id":2377,"href":"https:\/\/estlander.fi\/sv\/wp-json\/wp\/v2\/pages\/1798\/revisions\/2377"}],"wp:attachment":[{"href":"https:\/\/estlander.fi\/sv\/wp-json\/wp\/v2\/media?parent=1798"}],"curies":[{"name":"wp","href":"https:\/\/api.w.org\/{rel}","templated":true}]}}