{"id":498,"date":"2024-09-26T05:17:20","date_gmt":"2024-09-26T05:17:20","guid":{"rendered":"https:\/\/estlander.fi\/?page_id=498"},"modified":"2026-02-03T18:54:58","modified_gmt":"2026-02-03T16:54:58","slug":"home","status":"publish","type":"page","link":"https:\/\/estlander.fi\/sv\/","title":{"rendered":"Home"},"content":{"rendered":"<div data-elementor-type=\"wp-page\" data-elementor-id=\"498\" class=\"elementor elementor-498\" data-elementor-post-type=\"page\">\n\t\t\t\t<div class=\"elementor-element elementor-element-9277103 e-flex e-con-boxed e-con e-parent\" data-id=\"9277103\" data-element_type=\"container\" data-settings=\"{&quot;background_background&quot;:&quot;classic&quot;}\">\n\t\t\t\t\t<div class=\"e-con-inner\">\n\t\t<div class=\"elementor-element elementor-element-4e8f169 e-con-full e-flex e-con e-child\" data-id=\"4e8f169\" data-element_type=\"container\">\n\t\t<div class=\"elementor-element elementor-element-4618578 e-con-full e-flex e-con e-child\" data-id=\"4618578\" data-element_type=\"container\">\n\t\t\t\t<div class=\"elementor-element elementor-element-45c33e9 elementor-widget__width-inherit elementor-widget elementor-widget-heading\" data-id=\"45c33e9\" data-element_type=\"widget\" data-widget_type=\"heading.default\">\n\t\t\t\t<div class=\"elementor-widget-container\">\n\t\t\t\t\t<h1 class=\"elementor-heading-title elementor-size-default\">Husbolagsindex<\/h1>\t\t\t\t<\/div>\n\t\t\t\t<\/div>\n\t\t\t\t<div class=\"elementor-element elementor-element-c50f918 elementor-widget elementor-widget-text-editor\" data-id=\"c50f918\" data-element_type=\"widget\" data-widget_type=\"text-editor.default\">\n\t\t\t\t<div class=\"elementor-widget-container\">\n\t\t\t\t\t\t\t\t\t<p>S\u00f6k information och anvisningar om ert eget husbolag via husbolagsindexet.<\/p>\t\t\t\t\t\t\t\t<\/div>\n\t\t\t\t<\/div>\n\t\t\t\t<div class=\"elementor-element elementor-element-1ca05be search elementor-widget elementor-widget-search\" data-id=\"1ca05be\" data-element_type=\"widget\" data-settings=\"{&quot;submit_trigger&quot;:&quot;click_submit&quot;,&quot;pagination_type_options&quot;:&quot;none&quot;}\" data-widget_type=\"search.default\">\n\t\t\t\t<div class=\"elementor-widget-container\">\n\t\t\t\t\t\t\t<search class=\"e-search hidden\" role=\"search\">\n\t\t\t<form class=\"e-search-form\" action=\"https:\/\/estlander.fi\/sv\/\" method=\"get\" data-trp-original-action=\"https:\/\/estlander.fi\/sv\">\n\n\t\t\t\t\n\t\t\t\t<label class=\"e-search-label\" for=\"search-1ca05be\">\n\t\t\t\t\t<span class=\"elementor-screen-only\">\n\t\t\t\t\t\tS\u00f6k\t\t\t\t\t<\/span>\n\t\t\t\t\t\t\t\t\t<\/label>\n\n\t\t\t\t<div class=\"e-search-input-wrapper\">\n\t\t\t\t\t<input id=\"search-1ca05be\" placeholder=\"Fyll i husbolagets namn eller adress.\" class=\"e-search-input\" type=\"search\" name=\"s\" value=\"\" autocomplete=\"off\" role=\"combobox\" aria-autocomplete=\"list\" aria-expanded=\"false\" aria-controls=\"results-1ca05be\" aria-haspopup=\"listbox\">\n\t\t\t\t\t<svg aria-hidden=\"true\" class=\"e-font-icon-svg e-fas-times\" viewbox=\"0 0 352 512\" xmlns=\"http:\/\/www.w3.org\/2000\/svg\"><path d=\"M242.72 256l100.07-100.07c12.28-12.28 12.28-32.19 0-44.48l-22.24-22.24c-12.28-12.28-32.19-12.28-44.48 0L176 189.28 75.93 89.21c-12.28-12.28-32.19-12.28-44.48 0L9.21 111.45c-12.28 12.28-12.28 32.19 0 44.48L109.28 256 9.21 356.07c-12.28 12.28-12.28 32.19 0 44.48l22.24 22.24c12.28 12.28 32.2 12.28 44.48 0L176 322.72l100.07 100.07c12.28 12.28 32.2 12.28 44.48 0l22.24-22.24c12.28-12.28 12.28-32.19 0-44.48L242.72 256z\"><\/path><\/svg>\t\t\t\t\t\t\t\t\t\t<output id=\"results-1ca05be\" class=\"e-search-results-container hide-loader\" aria-live=\"polite\" aria-atomic=\"true\" aria-label=\"Resultat f\u00f6r s\u00f6k\" tabindex=\"0\">\n\t\t\t\t\t\t<div class=\"e-search-results\"><\/div>\n\t\t\t\t\t\t\t\t\t\t\t<\/output>\n\t\t\t\t\t\t\t\t\t<\/div>\n\t\t\t\t\n\t\t\t\t\n\t\t\t\t<button class=\"e-search-submit\" type=\"submit\" aria-label=\"S\u00f6k\">\n\t\t\t\t\t<svg aria-hidden=\"true\" class=\"e-font-icon-svg e-fas-search\" viewbox=\"0 0 512 512\" xmlns=\"http:\/\/www.w3.org\/2000\/svg\"><path d=\"M505 442.7L405.3 343c-4.5-4.5-10.6-7-17-7H372c27.6-35.3 44-79.7 44-128C416 93.1 322.9 0 208 0S0 93.1 0 208s93.1 208 208 208c48.3 0 92.7-16.4 128-44v16.3c0 6.4 2.5 12.5 7 17l99.7 99.7c9.4 9.4 24.6 9.4 33.9 0l28.3-28.3c9.4-9.4 9.4-24.6.1-34zM208 336c-70.7 0-128-57.2-128-128 0-70.7 57.2-128 128-128 70.7 0 128 57.2 128 128 0 70.7-57.2 128-128 128z\"><\/path><\/svg>\n\t\t\t\t\t\t\t\t\t<\/button>\n\t\t\t\t<input type=\"hidden\" name=\"e_search_props\" value=\"1ca05be-498\">\n\t\t\t<input type=\"hidden\" name=\"trp-form-language\" value=\"sv\"\/><\/form>\n\t\t<\/search>\n\t\t\t\t\t\t<\/div>\n\t\t\t\t<\/div>\n\t\t\t\t<\/div>\n\t\t<div class=\"elementor-element elementor-element-6660cfc e-con-full e-flex e-con e-child\" data-id=\"6660cfc\" data-element_type=\"container\">\n\t\t\t\t<div class=\"elementor-element elementor-element-83a2344 elementor-widget__width-inherit elementor-widget elementor-widget-heading\" data-id=\"83a2344\" data-element_type=\"widget\" data-widget_type=\"heading.default\">\n\t\t\t\t<div class=\"elementor-widget-container\">\n\t\t\t\t\t<h1 class=\"elementor-heading-title elementor-size-default\">Nyckelbest\u00e4llningar<\/h1>\t\t\t\t<\/div>\n\t\t\t\t<\/div>\n\t\t\t\t<div class=\"elementor-element elementor-element-3ba307b elementor-widget elementor-widget-text-editor\" data-id=\"3ba307b\" data-element_type=\"widget\" data-widget_type=\"text-editor.default\">\n\t\t\t\t<div class=\"elementor-widget-container\">\n\t\t\t\t\t\t\t\t\t<p>Till\u00e4gsinformation om nyckelbest\u00e4llningar hittar ni p\u00e5 sidan om blanketter och ans\u00f6kningar.<\/p>\t\t\t\t\t\t\t\t<\/div>\n\t\t\t\t<\/div>\n\t\t\t\t<div class=\"elementor-element elementor-element-e6f374e elementor-widget elementor-widget-button\" data-id=\"e6f374e\" data-element_type=\"widget\" data-widget_type=\"button.default\">\n\t\t\t\t<div class=\"elementor-widget-container\">\n\t\t\t\t\t\t\t\t\t<div class=\"elementor-button-wrapper\">\n\t\t\t\t\t<a class=\"elementor-button elementor-button-link elementor-size-xs\" href=\"https:\/\/estlander.fi\/sv\/lomakkeet-ja-hakemukset\/avaintilaus\/\">\n\t\t\t\t\t\t<span class=\"elementor-button-content-wrapper\">\n\t\t\t\t\t\t<span class=\"elementor-button-icon\">\n\t\t\t\t<svg aria-hidden=\"true\" class=\"e-font-icon-svg e-fas-arrow-right\" viewbox=\"0 0 448 512\" xmlns=\"http:\/\/www.w3.org\/2000\/svg\"><path d=\"M190.5 66.9l22.2-22.2c9.4-9.4 24.6-9.4 33.9 0L441 239c9.4 9.4 9.4 24.6 0 33.9L246.6 467.3c-9.4 9.4-24.6 9.4-33.9 0l-22.2-22.2c-9.5-9.5-9.3-25 .4-34.3L311.4 296H24c-13.3 0-24-10.7-24-24v-32c0-13.3 10.7-24 24-24h287.4L190.9 101.2c-9.8-9.3-10-24.8-.4-34.3z\"><\/path><\/svg>\t\t\t<\/span>\n\t\t\t\t\t\t\t\t\t<span class=\"elementor-button-text\">Fyll i nyckelbest\u00e4llning<\/span>\n\t\t\t\t\t<\/span>\n\t\t\t\t\t<\/a>\n\t\t\t\t<\/div>\n\t\t\t\t\t\t\t\t<\/div>\n\t\t\t\t<\/div>\n\t\t\t\t<\/div>\n\t\t<div class=\"elementor-element elementor-element-f5e8869 e-con-full e-flex e-con e-child\" data-id=\"f5e8869\" data-element_type=\"container\">\n\t\t\t\t<div class=\"elementor-element elementor-element-87b85e9 elementor-widget__width-inherit elementor-widget elementor-widget-heading\" data-id=\"87b85e9\" data-element_type=\"widget\" data-widget_type=\"heading.default\">\n\t\t\t\t<div class=\"elementor-widget-container\">\n\t\t\t\t\t<h1 class=\"elementor-heading-title elementor-size-default\">Aktuellt<\/h1>\t\t\t\t<\/div>\n\t\t\t\t<\/div>\n\t\t\t\t<div class=\"elementor-element elementor-element-3b66f71 RSS-uutiset elementor-widget elementor-widget-wp-widget-rss\" data-id=\"3b66f71\" data-element_type=\"widget\" data-widget_type=\"wp-widget-rss.default\">\n\t\t\t\t<div class=\"elementor-widget-container\">\n\t\t\t\t\t<h5><a class=\"rsswidget rss-widget-feed\" href=\"https:\/\/www.kiinteistolehti.fi\/aiheet\/feed\/\"><img decoding=\"async\" class=\"rss-widget-icon\" style=\"border:0\" width=\"14\" height=\"14\" src=\"https:\/\/estlander.fi\/wp-includes\/images\/rss.png\" alt=\"RSS\" \/><\/a> <a class=\"rsswidget rss-widget-title\" href=\"https:\/\/www.kiinteistolehti.fi\/\">Suomen Kiinteist\u00f6lehti<\/a><\/h5><nav aria-label=\"Suomen Kiinteist\u00f6lehti\"><ul><li><a class='rsswidget' href='https:\/\/www.kiinteistolehti.fi\/kuntotutkimus-kertoo-julkisivun-korjaustarpeet'>Kuntotutkimus kertoo julkisivun korjaustarpeet<\/a> <span class=\"rss-date\">15\/05\/2026<\/span><\/li><li><a class='rsswidget' href='https:\/\/www.kiinteistolehti.fi\/sisalle-suojautuminen-mita-se-tarkoittaa-taloyhtiossa'>Sis\u00e4lle suojautuminen \u2013 mit\u00e4 se tarkoittaa taloyhti\u00f6ss\u00e4?<\/a> <span class=\"rss-date\">15\/05\/2026<\/span><\/li><li><a class='rsswidget' href='https:\/\/www.kiinteistolehti.fi\/painepesuri-ei-ole-lelu-kayta-varoen-ja-valta-vahingot'>Painepesuri ei ole lelu \u2013 k\u00e4yt\u00e4 varoen ja v\u00e4lt\u00e4 vahingot<\/a> <span class=\"rss-date\">14\/05\/2026<\/span><\/li><li><a class='rsswidget' href='https:\/\/www.kiinteistolehti.fi\/pohjoissavolaisen-taloyhtion-talous-on-kunnossa-ja-katse-tulevaisuudessa'>Pohjoissavolaisen taloyhti\u00f6n talous on kunnossa ja katse tulevaisuudessa<\/a> <span class=\"rss-date\">13\/05\/2026<\/span><\/li><\/ul><\/nav>\t\t\t\t<\/div>\n\t\t\t\t<\/div>\n\t\t\t\t<\/div>\n\t\t\t\t<\/div>\n\t\t<div class=\"elementor-element elementor-element-89287ac e-con-full e-flex e-con e-child\" data-id=\"89287ac\" data-element_type=\"container\">\n\t\t<div class=\"elementor-element elementor-element-7b33e64 e-con-full e-flex e-con e-child\" data-id=\"7b33e64\" data-element_type=\"container\">\n\t\t\t\t<div class=\"elementor-element elementor-element-1a5523d elementor-widget__width-inherit elementor-widget elementor-widget-heading\" data-id=\"1a5523d\" data-element_type=\"widget\" data-widget_type=\"heading.default\">\n\t\t\t\t<div class=\"elementor-widget-container\">\n\t\t\t\t\t<h1 class=\"elementor-heading-title elementor-size-default\">Hyresbostadsans\u00f6kan<\/h1>\t\t\t\t<\/div>\n\t\t\t\t<\/div>\n\t\t\t\t<div class=\"elementor-element elementor-element-1a1018f elementor-widget elementor-widget-text-editor\" data-id=\"1a1018f\" data-element_type=\"widget\" data-widget_type=\"text-editor.default\">\n\t\t\t\t<div class=\"elementor-widget-container\">\n\t\t\t\t\t\t\t\t\t<p>Hur skulle ni vilja bo? Hos hittar ni nya och moderna hyresbost\u00e4der p\u00e5 centrala st\u00e4llen med goda f\u00f6rbindelser till varje livssituation.<\/p>\t\t\t\t\t\t\t\t<\/div>\n\t\t\t\t<\/div>\n\t\t\t\t<div class=\"elementor-element elementor-element-84e97ac elementor-widget elementor-widget-button\" data-id=\"84e97ac\" data-element_type=\"widget\" data-widget_type=\"button.default\">\n\t\t\t\t<div class=\"elementor-widget-container\">\n\t\t\t\t\t\t\t\t\t<div class=\"elementor-button-wrapper\">\n\t\t\t\t\t<a class=\"elementor-button elementor-button-link elementor-size-xs\" href=\"https:\/\/estlander.fi\/sv\/lomakkeet-ja-hakemukset\/vuokra-asuntohakemus\/\">\n\t\t\t\t\t\t<span class=\"elementor-button-content-wrapper\">\n\t\t\t\t\t\t<span class=\"elementor-button-icon\">\n\t\t\t\t<svg aria-hidden=\"true\" class=\"e-font-icon-svg e-fas-arrow-right\" viewbox=\"0 0 448 512\" xmlns=\"http:\/\/www.w3.org\/2000\/svg\"><path d=\"M190.5 66.9l22.2-22.2c9.4-9.4 24.6-9.4 33.9 0L441 239c9.4 9.4 9.4 24.6 0 33.9L246.6 467.3c-9.4 9.4-24.6 9.4-33.9 0l-22.2-22.2c-9.5-9.5-9.3-25 .4-34.3L311.4 296H24c-13.3 0-24-10.7-24-24v-32c0-13.3 10.7-24 24-24h287.4L190.9 101.2c-9.8-9.3-10-24.8-.4-34.3z\"><\/path><\/svg>\t\t\t<\/span>\n\t\t\t\t\t\t\t\t\t<span class=\"elementor-button-text\">Fyll i hyresbostadsans\u00f6kan<\/span>\n\t\t\t\t\t<\/span>\n\t\t\t\t\t<\/a>\n\t\t\t\t<\/div>\n\t\t\t\t\t\t\t\t<\/div>\n\t\t\t\t<\/div>\n\t\t\t\t<div class=\"elementor-element elementor-element-cc87a5c elementor-widget elementor-widget-button\" data-id=\"cc87a5c\" data-element_type=\"widget\" data-widget_type=\"button.default\">\n\t\t\t\t<div class=\"elementor-widget-container\">\n\t\t\t\t\t\t\t\t\t<div class=\"elementor-button-wrapper\">\n\t\t\t\t\t<a class=\"elementor-button elementor-button-link elementor-size-xs\" href=\"https:\/\/asunnot.oikotie.fi\/yritys\/oy-estlander-co-ab-7071267\" target=\"_blank\">\n\t\t\t\t\t\t<span class=\"elementor-button-content-wrapper\">\n\t\t\t\t\t\t<span class=\"elementor-button-icon\">\n\t\t\t\t<svg aria-hidden=\"true\" class=\"e-font-icon-svg e-fas-arrow-right\" viewbox=\"0 0 448 512\" xmlns=\"http:\/\/www.w3.org\/2000\/svg\"><path d=\"M190.5 66.9l22.2-22.2c9.4-9.4 24.6-9.4 33.9 0L441 239c9.4 9.4 9.4 24.6 0 33.9L246.6 467.3c-9.4 9.4-24.6 9.4-33.9 0l-22.2-22.2c-9.5-9.5-9.3-25 .4-34.3L311.4 296H24c-13.3 0-24-10.7-24-24v-32c0-13.3 10.7-24 24-24h287.4L190.9 101.2c-9.8-9.3-10-24.8-.4-34.3z\"><\/path><\/svg>\t\t\t<\/span>\n\t\t\t\t\t\t\t\t\t<span class=\"elementor-button-text\">Bekanta dig med v\u00e5ra objekt<\/span>\n\t\t\t\t\t<\/span>\n\t\t\t\t\t<\/a>\n\t\t\t\t<\/div>\n\t\t\t\t\t\t\t\t<\/div>\n\t\t\t\t<\/div>\n\t\t\t\t<\/div>\n\t\t<div class=\"elementor-element elementor-element-100b0b0 e-con-full e-flex e-con e-child\" data-id=\"100b0b0\" data-element_type=\"container\">\n\t\t\t\t<div class=\"elementor-element elementor-element-ed352ce elementor-widget__width-inherit elementor-widget elementor-widget-heading\" data-id=\"ed352ce\" data-element_type=\"widget\" data-widget_type=\"heading.default\">\n\t\t\t\t<div class=\"elementor-widget-container\">\n\t\t\t\t\t<h1 class=\"elementor-heading-title elementor-size-default\">Disponentintyg<\/h1>\t\t\t\t<\/div>\n\t\t\t\t<\/div>\n\t\t\t\t<div class=\"elementor-element elementor-element-cca8bb7 elementor-widget elementor-widget-text-editor\" data-id=\"cca8bb7\" data-element_type=\"widget\" data-widget_type=\"text-editor.default\">\n\t\t\t\t<div class=\"elementor-widget-container\">\n\t\t\t\t\t\t\t\t\t<p>Ni kan best\u00e4lla disponentintyget beh\u00e4ndigt via blanketter och ans\u00f6kningar eller via v\u00e4xeln 010 837 0800.<\/p>\t\t\t\t\t\t\t\t<\/div>\n\t\t\t\t<\/div>\n\t\t\t\t<div class=\"elementor-element elementor-element-ac7ebb3 elementor-widget elementor-widget-button\" data-id=\"ac7ebb3\" data-element_type=\"widget\" data-widget_type=\"button.default\">\n\t\t\t\t<div class=\"elementor-widget-container\">\n\t\t\t\t\t\t\t\t\t<div class=\"elementor-button-wrapper\">\n\t\t\t\t\t<a class=\"elementor-button elementor-button-link elementor-size-xs\" href=\"https:\/\/kauppa.asiakirjatilaus.fi\/estlander\/175f273b-d31d-4be4-9f4f-d09d15e0f3e3\" target=\"_blank\">\n\t\t\t\t\t\t<span class=\"elementor-button-content-wrapper\">\n\t\t\t\t\t\t<span class=\"elementor-button-icon\">\n\t\t\t\t<svg aria-hidden=\"true\" class=\"e-font-icon-svg e-fas-arrow-right\" viewbox=\"0 0 448 512\" xmlns=\"http:\/\/www.w3.org\/2000\/svg\"><path d=\"M190.5 66.9l22.2-22.2c9.4-9.4 24.6-9.4 33.9 0L441 239c9.4 9.4 9.4 24.6 0 33.9L246.6 467.3c-9.4 9.4-24.6 9.4-33.9 0l-22.2-22.2c-9.5-9.5-9.3-25 .4-34.3L311.4 296H24c-13.3 0-24-10.7-24-24v-32c0-13.3 10.7-24 24-24h287.4L190.9 101.2c-9.8-9.3-10-24.8-.4-34.3z\"><\/path><\/svg>\t\t\t<\/span>\n\t\t\t\t\t\t\t\t\t<span class=\"elementor-button-text\">Best\u00e4ll disponentintyg<\/span>\n\t\t\t\t\t<\/span>\n\t\t\t\t\t<\/a>\n\t\t\t\t<\/div>\n\t\t\t\t\t\t\t\t<\/div>\n\t\t\t\t<\/div>\n\t\t\t\t<\/div>\n\t\t<div class=\"elementor-element elementor-element-72caa86 e-con-full e-flex e-con e-child\" data-id=\"72caa86\" data-element_type=\"container\">\n\t\t\t\t<div class=\"elementor-element elementor-element-2847dea elementor-widget__width-inherit elementor-widget elementor-widget-heading\" data-id=\"2847dea\" data-element_type=\"widget\" data-widget_type=\"heading.default\">\n\t\t\t\t<div class=\"elementor-widget-container\">\n\t\t\t\t\t<h2 class=\"elementor-heading-title elementor-size-default\">Bekanta dig med v\u00e5r broschyr<\/h2>\t\t\t\t<\/div>\n\t\t\t\t<\/div>\n\t\t\t\t<div class=\"elementor-element elementor-element-8cd05f5 elementor-widget elementor-widget-image\" data-id=\"8cd05f5\" data-element_type=\"widget\" data-widget_type=\"image.default\">\n\t\t\t\t<div class=\"elementor-widget-container\">\n\t\t\t\t\t\t\t\t\t\t\t\t\t\t\t\t<a href=\"https:\/\/www.esitteemme.fi\/estlander_co\/WebView\/\" target=\"_blank\">\n\t\t\t\t\t\t\t<img fetchpriority=\"high\" decoding=\"async\" width=\"400\" height=\"566\" src=\"https:\/\/estlander.fi\/wp-content\/uploads\/2024\/10\/Esitekuvake.jpg\" class=\"elementor-animation-grow attachment-full size-full wp-image-2340\" alt=\"\" srcset=\"https:\/\/estlander.fi\/wp-content\/uploads\/2024\/10\/Esitekuvake.jpg 400w, https:\/\/estlander.fi\/wp-content\/uploads\/2024\/10\/Esitekuvake-212x300.jpg 212w, https:\/\/estlander.fi\/wp-content\/uploads\/2024\/10\/Esitekuvake-8x12.jpg 8w\" sizes=\"(max-width: 400px) 100vw, 400px\" \/>\t\t\t\t\t\t\t\t<\/a>\n\t\t\t\t\t\t\t\t\t\t\t\t\t\t\t<\/div>\n\t\t\t\t<\/div>\n\t\t\t\t<\/div>\n\t\t\t\t<\/div>\n\t\t\t\t\t<\/div>\n\t\t\t\t<\/div>\n\t\t\t\t<\/div>","protected":false},"excerpt":{"rendered":"<p>Taloyhti\u00f6hakemisto Hae tietoa ja ohjeita oman taloyhti\u00f6si sivuilta k\u00e4ytt\u00e4m\u00e4ll\u00e4 taloyhti\u00f6-hakemistoamme. Search Avaintilaukset Lis\u00e4tietoa avaimien tilauksista l\u00f6yd\u00e4t lomakkeet ja hakemukset-osiosta.\u200b T\u00e4yt\u00e4 avaintilaus Ajankohtaista Vuokra-asuntohakemus Miten sin\u00e4 haluaisit asua? Meilt\u00e4 l\u00f6yd\u00e4t uudehkoja ja moderneja vuokra-asuntoja keskeisilt\u00e4 paikoilta hyvien liikenneyhteyksien varrelta jokaiseen el\u00e4m\u00e4ntilanteeseen. T\u00e4yt\u00e4 vuokra-asuntohakemus Tutustu kohteisiimme Is\u00e4nn\u00f6itsij\u00e4ntodistus Voit tilata is\u00e4nn\u00f6itsij\u00e4ntodistukset k\u00e4tev\u00e4sti lomakkeet ja hakemukset-osiosta tai vaihteesta 010 [&hellip;]<\/p>","protected":false},"author":3,"featured_media":0,"parent":0,"menu_order":0,"comment_status":"closed","ping_status":"closed","template":"elementor_header_footer","meta":{"_acf_changed":false,"footnotes":""},"class_list":["post-498","page","type-page","status-publish","hentry"],"acf":[],"yoast_head":"<!-- This site is optimized with the Yoast SEO plugin v25.8 - https:\/\/yoast.com\/wordpress\/plugins\/seo\/ -->\n<title>Estlander &amp; Co - Yli 90 vuotta laadukasta is\u00e4nn\u00f6inti\u00e4<\/title>\n<meta name=\"description\" content=\"Vuonna 1930 perustettu Oy Estlander &amp; Co Ab on Suomen vanhin yksityinen is\u00e4nn\u00f6intitoimisto.\" \/>\n<meta name=\"robots\" content=\"index, follow, max-snippet:-1, max-image-preview:large, max-video-preview:-1\" \/>\n<link rel=\"canonical\" href=\"https:\/\/estlander.fi\/sv\/\" \/>\n<meta property=\"og:locale\" content=\"sv_SE\" \/>\n<meta property=\"og:type\" content=\"article\" \/>\n<meta property=\"og:title\" content=\"Estlander &amp; Co - Yli 90 vuotta laadukasta is\u00e4nn\u00f6inti\u00e4\" \/>\n<meta property=\"og:description\" content=\"Vuonna 1930 perustettu Oy Estlander &amp; Co Ab on Suomen vanhin yksityinen is\u00e4nn\u00f6intitoimisto.\" \/>\n<meta property=\"og:url\" content=\"https:\/\/estlander.fi\/sv\/\" \/>\n<meta property=\"og:site_name\" content=\"Estlander &amp; Co\" \/>\n<meta property=\"article:modified_time\" content=\"2026-02-03T16:54:58+00:00\" \/>\n<meta property=\"og:image\" content=\"https:\/\/estlander.fi\/wp-content\/uploads\/2024\/10\/Esitekuvake.jpg\" \/>\n<meta name=\"twitter:card\" content=\"summary_large_image\" \/>\n<script type=\"application\/ld+json\" class=\"yoast-schema-graph\">{\"@context\":\"https:\/\/schema.org\",\"@graph\":[{\"@type\":\"WebPage\",\"@id\":\"https:\/\/estlander.fi\/\",\"url\":\"https:\/\/estlander.fi\/\",\"name\":\"Estlander &amp; Co - Yli 90 vuotta laadukasta is\u00e4nn\u00f6inti\u00e4\",\"isPartOf\":{\"@id\":\"https:\/\/estlander.fi\/#website\"},\"primaryImageOfPage\":{\"@id\":\"https:\/\/estlander.fi\/#primaryimage\"},\"image\":{\"@id\":\"https:\/\/estlander.fi\/#primaryimage\"},\"thumbnailUrl\":\"https:\/\/estlander.fi\/wp-content\/uploads\/2024\/10\/Esitekuvake.jpg\",\"datePublished\":\"2024-09-26T05:17:20+00:00\",\"dateModified\":\"2026-02-03T16:54:58+00:00\",\"description\":\"Vuonna 1930 perustettu Oy Estlander & Co Ab on Suomen vanhin yksityinen is\u00e4nn\u00f6intitoimisto.\",\"breadcrumb\":{\"@id\":\"https:\/\/estlander.fi\/#breadcrumb\"},\"inLanguage\":\"sv-SE\",\"potentialAction\":[{\"@type\":\"ReadAction\",\"target\":[\"https:\/\/estlander.fi\/\"]}]},{\"@type\":\"ImageObject\",\"inLanguage\":\"sv-SE\",\"@id\":\"https:\/\/estlander.fi\/#primaryimage\",\"url\":\"https:\/\/estlander.fi\/wp-content\/uploads\/2024\/10\/Esitekuvake.jpg\",\"contentUrl\":\"https:\/\/estlander.fi\/wp-content\/uploads\/2024\/10\/Esitekuvake.jpg\"},{\"@type\":\"BreadcrumbList\",\"@id\":\"https:\/\/estlander.fi\/#breadcrumb\",\"itemListElement\":[{\"@type\":\"ListItem\",\"position\":1,\"name\":\"Home\",\"item\":\"https:\/\/estlander.fi\/\"},{\"@type\":\"ListItem\",\"position\":2,\"name\":\"Home\"}]},{\"@type\":\"WebSite\",\"@id\":\"https:\/\/estlander.fi\/#website\",\"url\":\"https:\/\/estlander.fi\/\",\"name\":\"Estlander & Co\",\"description\":\"Yli 90 vuotta laadukasta is\u00e4nn\u00f6inti\u00e4\",\"publisher\":{\"@id\":\"https:\/\/estlander.fi\/#organization\"},\"potentialAction\":[{\"@type\":\"SearchAction\",\"target\":{\"@type\":\"EntryPoint\",\"urlTemplate\":\"https:\/\/estlander.fi\/?s={search_term_string}\"},\"query-input\":{\"@type\":\"PropertyValueSpecification\",\"valueRequired\":true,\"valueName\":\"search_term_string\"}}],\"inLanguage\":\"sv-SE\"},{\"@type\":\"Organization\",\"@id\":\"https:\/\/estlander.fi\/#organization\",\"name\":\"Estlander & Co\",\"url\":\"https:\/\/estlander.fi\/\",\"logo\":{\"@type\":\"ImageObject\",\"inLanguage\":\"sv-SE\",\"@id\":\"https:\/\/estlander.fi\/#\/schema\/logo\/image\/\",\"url\":\"https:\/\/estlander.fi\/wp-content\/uploads\/2023\/12\/logo.png\",\"contentUrl\":\"https:\/\/estlander.fi\/wp-content\/uploads\/2023\/12\/logo.png\",\"width\":800,\"height\":144,\"caption\":\"Estlander & Co\"},\"image\":{\"@id\":\"https:\/\/estlander.fi\/#\/schema\/logo\/image\/\"}}]}<\/script>\n<!-- \/ Yoast SEO plugin. -->","yoast_head_json":{"title":"Estlander &amp; Co - Yli 90 vuotta laadukasta is\u00e4nn\u00f6inti\u00e4","description":"Vuonna 1930 perustettu Oy Estlander & Co Ab on Suomen vanhin yksityinen is\u00e4nn\u00f6intitoimisto.","robots":{"index":"index","follow":"follow","max-snippet":"max-snippet:-1","max-image-preview":"max-image-preview:large","max-video-preview":"max-video-preview:-1"},"canonical":"https:\/\/estlander.fi\/sv\/","og_locale":"sv_SE","og_type":"article","og_title":"Estlander &amp; Co - Yli 90 vuotta laadukasta is\u00e4nn\u00f6inti\u00e4","og_description":"Vuonna 1930 perustettu Oy Estlander & Co Ab on Suomen vanhin yksityinen is\u00e4nn\u00f6intitoimisto.","og_url":"https:\/\/estlander.fi\/sv\/","og_site_name":"Estlander &amp; Co","article_modified_time":"2026-02-03T16:54:58+00:00","og_image":[{"url":"https:\/\/estlander.fi\/wp-content\/uploads\/2024\/10\/Esitekuvake.jpg","type":"","width":"","height":""}],"twitter_card":"summary_large_image","schema":{"@context":"https:\/\/schema.org","@graph":[{"@type":"WebPage","@id":"https:\/\/estlander.fi\/","url":"https:\/\/estlander.fi\/","name":"Estlander &amp; Co - Yli 90 vuotta laadukasta is\u00e4nn\u00f6inti\u00e4","isPartOf":{"@id":"https:\/\/estlander.fi\/#website"},"primaryImageOfPage":{"@id":"https:\/\/estlander.fi\/#primaryimage"},"image":{"@id":"https:\/\/estlander.fi\/#primaryimage"},"thumbnailUrl":"https:\/\/estlander.fi\/wp-content\/uploads\/2024\/10\/Esitekuvake.jpg","datePublished":"2024-09-26T05:17:20+00:00","dateModified":"2026-02-03T16:54:58+00:00","description":"Vuonna 1930 perustettu Oy Estlander & Co Ab on Suomen vanhin yksityinen is\u00e4nn\u00f6intitoimisto.","breadcrumb":{"@id":"https:\/\/estlander.fi\/#breadcrumb"},"inLanguage":"sv-SE","potentialAction":[{"@type":"ReadAction","target":["https:\/\/estlander.fi\/"]}]},{"@type":"ImageObject","inLanguage":"sv-SE","@id":"https:\/\/estlander.fi\/#primaryimage","url":"https:\/\/estlander.fi\/wp-content\/uploads\/2024\/10\/Esitekuvake.jpg","contentUrl":"https:\/\/estlander.fi\/wp-content\/uploads\/2024\/10\/Esitekuvake.jpg"},{"@type":"BreadcrumbList","@id":"https:\/\/estlander.fi\/#breadcrumb","itemListElement":[{"@type":"ListItem","position":1,"name":"Home","item":"https:\/\/estlander.fi\/"},{"@type":"ListItem","position":2,"name":"Home"}]},{"@type":"WebSite","@id":"https:\/\/estlander.fi\/#website","url":"https:\/\/estlander.fi\/","name":"Estlander & Co","description":"Yli 90 vuotta laadukasta is\u00e4nn\u00f6inti\u00e4","publisher":{"@id":"https:\/\/estlander.fi\/#organization"},"potentialAction":[{"@type":"SearchAction","target":{"@type":"EntryPoint","urlTemplate":"https:\/\/estlander.fi\/?s={search_term_string}"},"query-input":{"@type":"PropertyValueSpecification","valueRequired":true,"valueName":"search_term_string"}}],"inLanguage":"sv-SE"},{"@type":"Organization","@id":"https:\/\/estlander.fi\/#organization","name":"Estlander & Co","url":"https:\/\/estlander.fi\/","logo":{"@type":"ImageObject","inLanguage":"sv-SE","@id":"https:\/\/estlander.fi\/#\/schema\/logo\/image\/","url":"https:\/\/estlander.fi\/wp-content\/uploads\/2023\/12\/logo.png","contentUrl":"https:\/\/estlander.fi\/wp-content\/uploads\/2023\/12\/logo.png","width":800,"height":144,"caption":"Estlander & Co"},"image":{"@id":"https:\/\/estlander.fi\/#\/schema\/logo\/image\/"}}]}},"_links":{"self":[{"href":"https:\/\/estlander.fi\/sv\/wp-json\/wp\/v2\/pages\/498","targetHints":{"allow":["GET"]}}],"collection":[{"href":"https:\/\/estlander.fi\/sv\/wp-json\/wp\/v2\/pages"}],"about":[{"href":"https:\/\/estlander.fi\/sv\/wp-json\/wp\/v2\/types\/page"}],"author":[{"embeddable":true,"href":"https:\/\/estlander.fi\/sv\/wp-json\/wp\/v2\/users\/3"}],"replies":[{"embeddable":true,"href":"https:\/\/estlander.fi\/sv\/wp-json\/wp\/v2\/comments?post=498"}],"version-history":[{"count":395,"href":"https:\/\/estlander.fi\/sv\/wp-json\/wp\/v2\/pages\/498\/revisions"}],"predecessor-version":[{"id":2683,"href":"https:\/\/estlander.fi\/sv\/wp-json\/wp\/v2\/pages\/498\/revisions\/2683"}],"wp:attachment":[{"href":"https:\/\/estlander.fi\/sv\/wp-json\/wp\/v2\/media?parent=498"}],"curies":[{"name":"wp","href":"https:\/\/api.w.org\/{rel}","templated":true}]}}